{"id":719904,"date":"2025-08-27T18:28:54","date_gmt":"2025-08-27T15:28:54","guid":{"rendered":"https:\/\/roveyayinevi.com.tr\/index.php\/urun\/huzurlu-ebeveyn-mutlu-cocuk\/"},"modified":"2026-04-08T02:35:07","modified_gmt":"2026-04-07T23:35:07","slug":"huzurlu-ebeveyn-mutlu-cocuk","status":"publish","type":"product","link":"https:\/\/roveyayinevi.com.tr\/index.php\/urun\/huzurlu-ebeveyn-mutlu-cocuk\/","title":{"rendered":"Huzurlu Ebeveyn Mutlu \u00c7ocuk"},"content":{"rendered":"<p>Yarat\u0131c\u0131 ve huzurlu ebeveynler olmak istiyoruz ama \u00e7alkant\u0131l\u0131 k\u00fclt\u00fcr\u00fcm\u00fcz ve gergin zamanlar\u0131m\u0131z bunu \u00e7ok zor hale getiriyor. Bazen kendi duygular\u0131m\u0131za ve \u00fczerimizde hissetti\u011fimiz bask\u0131lara o kadar saplanm\u0131\u015f oluyoruz ki, \u00e7ocuklar\u0131m\u0131z\u0131n neden oldu\u011fu en ufak bir aksilik bile bizi u\u00e7urumun e\u015fi\u011fine getirebiliyor. Ve u\u00e7urumdan a\u015fa\u011f\u0131 yuvarlan\u0131rken, daha iyi ebeveynler olabilmek i\u00e7in neler yapmam\u0131z gerekti\u011fini ezbere say\u0131p d\u00f6kebiliriz: daha sab\u0131rl\u0131 ve daha az gergin olmak, ba\u011f\u0131rmamak, daha y\u00fcreklendirici ve destekleyici olmak. Huzurlu Ebeveyn, Mutlu \u00c7ocuklar, bize, ba\u015far\u0131l\u0131 ebeveynli\u011fin s\u0131rr\u0131n\u0131 veren bir kitap. Her biri a\u00e7\u0131k, pratik ve ilham verici olan b\u00f6l\u00fcmlerden birini okuyal\u0131m ve Dr. Laura Markham bize ruhlar\u0131m\u0131z\u0131 yenileyerek; \u00e7ocuklar\u0131m\u0131za, bizden arta kalanlar\u0131 de\u011fil, onlara verebilece\u011fimizin en iyisini nas\u0131l verece\u011fimizi g\u00f6stersin. \u201cHuzurlu Ebeveynler Mutlu \u00c7ocuklar Yeti\u015ftirir\u201d gibi b\u00f6l\u00fcmler, bize bu derin ama s\u0131kl\u0131kla g\u00f6rmezden gelinen ger\u00e7e\u011fi hat\u0131rlat\u0131yor.<\/p>\n","protected":false},"excerpt":{"rendered":"<p>Yarat\u0131c\u0131 ve huzurlu ebeveynler olmak istiyoruz ama \u00e7alkant\u0131l\u0131 k\u00fclt\u00fcr\u00fcm\u00fcz ve gergin zamanlar\u0131m\u0131z bunu \u00e7ok zor hale getiriyor. Bazen kendi duygular\u0131m\u0131za ve \u00fczerimizde hissetti\u011fimiz bask\u0131lara o kadar<span class=\"excerpt-hellip\"> [\u2026]<\/span><\/p>\n","protected":false},"featured_media":0,"template":"","meta":{"_monsterinsights_skip_tracking":false,"_monsterinsights_sitenote_active":false,"_monsterinsights_sitenote_note":"","_monsterinsights_sitenote_category":0},"product_brand":[],"product_cat":[12364,12376],"product_tag":[],"class_list":{"0":"post-719904","1":"product","2":"type-product","3":"status-publish","5":"product_cat-genel-konular","6":"product_cat-kisisel-gelisim","7":"pa_cilt-ciltsiz","8":"pa_tur-kitap","9":"pa_yayinevi-inkilap-kitabevi","10":"pa_yazar-laura-markham","12":"first","13":"instock","14":"sale","15":"shipping-taxable","16":"purchasable","17":"product-type-simple"},"_links":{"self":[{"href":"https:\/\/roveyayinevi.com.tr\/index.php\/wp-json\/wp\/v2\/product\/719904","targetHints":{"allow":["GET"]}}],"collection":[{"href":"https:\/\/roveyayinevi.com.tr\/index.php\/wp-json\/wp\/v2\/product"}],"about":[{"href":"https:\/\/roveyayinevi.com.tr\/index.php\/wp-json\/wp\/v2\/types\/product"}],"wp:attachment":[{"href":"https:\/\/roveyayinevi.com.tr\/index.php\/wp-json\/wp\/v2\/media?parent=719904"}],"wp:term":[{"taxonomy":"product_brand","embeddable":true,"href":"https:\/\/roveyayinevi.com.tr\/index.php\/wp-json\/wp\/v2\/product_brand?post=719904"},{"taxonomy":"product_cat","embeddable":true,"href":"https:\/\/roveyayinevi.com.tr\/index.php\/wp-json\/wp\/v2\/product_cat?post=719904"},{"taxonomy":"product_tag","embeddable":true,"href":"https:\/\/roveyayinevi.com.tr\/index.php\/wp-json\/wp\/v2\/product_tag?post=719904"}],"curies":[{"name":"wp","href":"https:\/\/api.w.org\/{rel}","templated":true}]}}