{"id":719901,"date":"2025-08-27T18:28:51","date_gmt":"2025-08-27T15:28:51","guid":{"rendered":"https:\/\/roveyayinevi.com.tr\/index.php\/urun\/ucuncu-dunya-uzerinde-kizil-yildiz\/"},"modified":"2026-04-16T02:27:56","modified_gmt":"2026-04-15T23:27:56","slug":"ucuncu-dunya-uzerinde-kizil-yildiz","status":"publish","type":"product","link":"https:\/\/roveyayinevi.com.tr\/index.php\/urun\/ucuncu-dunya-uzerinde-kizil-yildiz\/","title":{"rendered":"\u00dc\u00e7\u00fcnc\u00fc D\u00fcnya \u00dczerinde K\u0131z\u0131l Y\u0131ld\u0131z"},"content":{"rendered":"<p>\u201cBu kitap Ekim Devrimi\u2019nin \u00dc\u00e7\u00fcnc\u00fc D\u00fcnya \u00fczerindeki etkisini anlatmak \u00fczere kaleme al\u0131nd\u0131\u201d diyerek s\u00f6ze ba\u015fl\u0131yor Vijay Prashad. Vietnam\u2019dan K\u00fcba\u2019ya, Hindistan\u2019dan Endonezya\u2019ya, \u00c7in\u2019den Cezayir ve Mo\u011folistan\u2019a sosyalist hareketlerin ortaya \u00e7\u0131k\u0131\u015f\u0131na, geli\u015fimine, ba\u015far\u0131 ve ba\u015far\u0131s\u0131zl\u0131klar\u0131na dair etkileyici bir \u00f6zet sunuyor. Bu arada, Sultan Galiyev ve T\u00fcm Rusya M\u00fcsl\u00fcman \u015e\u00fbras\u0131\u2019ndan Bak\u00fc\u2019deki Do\u011fu Emek\u00e7ileri Kongresi\u2019ne bizim co\u011frafyam\u0131za uzanmay\u0131 da ihmal etmiyor. Az sayfaya \u00e7ok \u015fey s\u0131\u011fd\u0131ran, \u201chik\u00e2yesi b\u00fcy\u00fck\u201d bir kitap bu. Sovyet Rusya\u2019n\u0131n ad\u0131m ad\u0131m in\u015fas\u0131n\u0131n yan\u0131 s\u0131ra onu \u00e7\u00f6k\u00fc\u015fe g\u00f6t\u00fcren nedenleri, Sovyetlerin Nazizm kar\u015f\u0131s\u0131ndaki direni\u015fini, d\u00fcnyay\u0131 fa\u015fizm belas\u0131ndan kurtarmak ve \u201cba\u015fka bir d\u00fcnya kurmak\u201d i\u00e7in \u00f6denen bedelleri dokunakl\u0131 bir dille anlat\u0131yor. Ayn\u0131 zamanda Ekim Devrimi\u2019nde kad\u0131nlar\u0131n rol\u00fcn\u00fc, devrimin kad\u0131nlar\u0131n hayat\u0131n\u0131 nas\u0131l de\u011fi\u015ftirdi\u011fini ama her \u015feye ra\u011fmen kad\u0131nlar\u0131 \u00f6zg\u00fcrle\u015ftirmeye yetmedi\u011fini, ba\u015f\u00f6rt\u00fclerini \u00e7\u0131kard\u0131klar\u0131 i\u00e7in kocalar\u0131 taraf\u0131ndan \u00f6ld\u00fcr\u00fclen kad\u0131nlar\u0131n hik\u00e2yeleriyle bir kez daha g\u00f6r\u00fcyoruz. \u201cEngels Kolektif \u00c7iftli\u011fi\u201dnin y\u00f6neticisi ve \u00fcz\u00fcm uzman\u0131 Fat\u0131ma\u2019n\u0131n ve \u0130stanbullu kom\u00fcnist \u00f6\u011fretmen Naciye Han\u0131m\u0131n direngenli\u011fiyle kar\u015f\u0131la\u015f\u0131yoruz. K\u00fclt\u00fcrel planda ise \u201c\u00c7in\u2019den \u015eili\u2019ye kadar, Sovyetlerin sol kanat f\u00fct\u00fcrizmine ayak uyduracak yeni bir dil bulmaya hevesli b\u00fct\u00fcn yazarlar\u0131 kendisine \u00e7eken, sa\u011f\u0131rl\u0131\u011fa kar\u015f\u0131 yazma arzusu\u201dyla tan\u0131\u015f\u0131yoruz. \u00dc\u00e7\u00fcnc\u00fc D\u00fcnya \u00dczerinde K\u0131z\u0131l Y\u0131ld\u0131z bug\u00fcnk\u00fc d\u00fcnya panoramas\u0131nda, y\u00fckselen barbarl\u0131k ortam\u0131nda, \u00e7o\u011fu insan i\u00e7in geri plana d\u00fc\u015ft\u00fc\u011f\u00fc s\u00f6ylenebilecek \u201cba\u015fka bir d\u00fcnya\u201d inanc\u0131n\u0131 yeniden canland\u0131ran kitaplardan. Su i\u00e7er gibi okuyaca\u011f\u0131n\u0131z ama son sayfay\u0131 \u00e7evirdi\u011finizde i\u00e7inizdeki susuzluk hissini daha da art\u0131racak kitaplardan\u2026 <\/p>\n","protected":false},"excerpt":{"rendered":"<p>\u201cBu kitap Ekim Devrimi\u2019nin \u00dc\u00e7\u00fcnc\u00fc D\u00fcnya \u00fczerindeki etkisini anlatmak \u00fczere kaleme al\u0131nd\u0131\u201d diyerek s\u00f6ze ba\u015fl\u0131yor Vijay Prashad. Vietnam\u2019dan K\u00fcba\u2019ya, Hindistan\u2019dan Endonezya\u2019ya, \u00c7in\u2019den Cezayir ve Mo\u011folistan\u2019a sosyalist<span class=\"excerpt-hellip\"> [\u2026]<\/span><\/p>\n","protected":false},"featured_media":0,"template":"","meta":{"_monsterinsights_skip_tracking":false,"_monsterinsights_sitenote_active":false,"_monsterinsights_sitenote_note":"","_monsterinsights_sitenote_category":0},"product_brand":[],"product_cat":[13590,12337],"product_tag":[],"class_list":{"0":"post-719901","1":"product","2":"type-product","3":"status-publish","5":"product_cat-arastirma-inceleme-politika-siyaset","6":"product_cat-politika-siyaset","7":"pa_cilt-ciltsiz","8":"pa_tur-kitap","9":"pa_yayinevi-yordam-kitap","10":"pa_yazar-vijay-prashad","12":"first","13":"instock","14":"sale","15":"shipping-taxable","16":"purchasable","17":"product-type-simple"},"_links":{"self":[{"href":"https:\/\/roveyayinevi.com.tr\/index.php\/wp-json\/wp\/v2\/product\/719901","targetHints":{"allow":["GET"]}}],"collection":[{"href":"https:\/\/roveyayinevi.com.tr\/index.php\/wp-json\/wp\/v2\/product"}],"about":[{"href":"https:\/\/roveyayinevi.com.tr\/index.php\/wp-json\/wp\/v2\/types\/product"}],"wp:attachment":[{"href":"https:\/\/roveyayinevi.com.tr\/index.php\/wp-json\/wp\/v2\/media?parent=719901"}],"wp:term":[{"taxonomy":"product_brand","embeddable":true,"href":"https:\/\/roveyayinevi.com.tr\/index.php\/wp-json\/wp\/v2\/product_brand?post=719901"},{"taxonomy":"product_cat","embeddable":true,"href":"https:\/\/roveyayinevi.com.tr\/index.php\/wp-json\/wp\/v2\/product_cat?post=719901"},{"taxonomy":"product_tag","embeddable":true,"href":"https:\/\/roveyayinevi.com.tr\/index.php\/wp-json\/wp\/v2\/product_tag?post=719901"}],"curies":[{"name":"wp","href":"https:\/\/api.w.org\/{rel}","templated":true}]}}