{"id":719900,"date":"2025-08-27T18:28:51","date_gmt":"2025-08-27T15:28:51","guid":{"rendered":"https:\/\/roveyayinevi.com.tr\/index.php\/urun\/newtonin-principiasinin-toplumsal-ve-iktisadi-kokleri\/"},"modified":"2026-04-16T02:27:56","modified_gmt":"2026-04-15T23:27:56","slug":"newtonin-principiasinin-toplumsal-ve-iktisadi-kokleri","status":"publish","type":"product","link":"https:\/\/roveyayinevi.com.tr\/index.php\/urun\/newtonin-principiasinin-toplumsal-ve-iktisadi-kokleri\/","title":{"rendered":"Newton\u2019\u0131n Principia\u2019s\u0131n\u0131n Toplumsal ve \u0130ktisadi K\u00f6kleri"},"content":{"rendered":"<p>Marksizmin dar bir konuda ayr\u0131nt\u0131l\u0131 incelemeleri \u00e7ok azd\u0131r. Bunlar\u0131n en \u00fcnl\u00fc ve bug\u00fcne dek a\u015f\u0131lamayan \u00f6rne\u011fi, Marx\u2019\u0131n, Louis Bonaparte\u2019\u0131n Aral\u0131k 1851\u2019de ger\u00e7ekle\u015ftirdi\u011fi h\u00fck\u00fcmet darbesini inceleyen Louis Bonaparte\u2019\u0131n 18 Brumaire\u2019i adl\u0131 \u00e7al\u0131\u015fmas\u0131d\u0131r. Elinizdeki Boris Hessen kitab\u0131 da, i\u015fte bu t\u00fcrden, g\u00f6rece dar kapsaml\u0131 bir konuyu toplumsal geli\u015fmenin ayr\u0131nt\u0131lar\u0131yla alabildi\u011fine ayd\u0131nlatan, ender bulunan Marksist incelemelerden biridir.  Kitab\u0131n konusu, 1931 y\u0131l\u0131nda Londra\u2019da toplanan Bilim ve Teknoloji Tarihi Uluslararas\u0131 Kongresi\u2019nde, Sovyet heyetinin \u00fcyesi olan o g\u00fcnk\u00fc Moskova Fizik Enstit\u00fcs\u00fc M\u00fcd\u00fcr\u00fc Boris Hessen\u2019in, Newton konusunda sundu\u011fu bildiridir. \u201cNewton\u2019\u0131n Principia\u2019s\u0131n\u0131n Toplumsal ve \u0130ktisadi K\u00f6kleri\u201d ba\u015fl\u0131\u011f\u0131n\u0131 ta\u015f\u0131yan bu e\u015fsiz bildiri, Bat\u0131\u2019n\u0131n yar\u0131 tanr\u0131 bir deha sayd\u0131\u011f\u0131 bir bilim insan\u0131n\u0131n, nas\u0131l kendi \u00e7a\u011f\u0131n\u0131n \u00fcretim g\u00fc\u00e7lerinin, toplumsal ili\u015fkilerinin, s\u0131n\u0131f m\u00fccadelesinin, bilimsel ve d\u00fc\u015f\u00fcnsel geli\u015fme ve \u00e7eki\u015fmelerinin \u00fcr\u00fcn\u00fc oldu\u011funu, titizlikle se\u00e7ilmi\u015f somut ayr\u0131nt\u0131lar ve \u00f6d\u00fcns\u00fcz bir kuramsal yakla\u015f\u0131mla, inan\u0131lmaz bir durulukla g\u00f6zler \u00f6n\u00fcne seriyor. <\/p>\n","protected":false},"excerpt":{"rendered":"<p>Marksizmin dar bir konuda ayr\u0131nt\u0131l\u0131 incelemeleri \u00e7ok azd\u0131r. Bunlar\u0131n en \u00fcnl\u00fc ve bug\u00fcne dek a\u015f\u0131lamayan \u00f6rne\u011fi, Marx\u2019\u0131n, Louis Bonaparte\u2019\u0131n Aral\u0131k 1851\u2019de ger\u00e7ekle\u015ftirdi\u011fi h\u00fck\u00fcmet darbesini inceleyen Louis<span class=\"excerpt-hellip\"> [\u2026]<\/span><\/p>\n","protected":false},"featured_media":0,"template":"","meta":{"_monsterinsights_skip_tracking":false,"_monsterinsights_sitenote_active":false,"_monsterinsights_sitenote_note":"","_monsterinsights_sitenote_category":0},"product_brand":[],"product_cat":[12370,12304],"product_tag":[],"class_list":{"0":"post-719900","1":"product","2":"type-product","3":"status-publish","5":"product_cat-arastirma-inceleme","6":"product_cat-tarih","7":"pa_cilt-ciltsiz","8":"pa_tur-kitap","9":"pa_yayinevi-yordam-kitap","10":"pa_yazar-boris-hessen","12":"first","13":"instock","14":"sale","15":"shipping-taxable","16":"purchasable","17":"product-type-simple"},"_links":{"self":[{"href":"https:\/\/roveyayinevi.com.tr\/index.php\/wp-json\/wp\/v2\/product\/719900","targetHints":{"allow":["GET"]}}],"collection":[{"href":"https:\/\/roveyayinevi.com.tr\/index.php\/wp-json\/wp\/v2\/product"}],"about":[{"href":"https:\/\/roveyayinevi.com.tr\/index.php\/wp-json\/wp\/v2\/types\/product"}],"wp:attachment":[{"href":"https:\/\/roveyayinevi.com.tr\/index.php\/wp-json\/wp\/v2\/media?parent=719900"}],"wp:term":[{"taxonomy":"product_brand","embeddable":true,"href":"https:\/\/roveyayinevi.com.tr\/index.php\/wp-json\/wp\/v2\/product_brand?post=719900"},{"taxonomy":"product_cat","embeddable":true,"href":"https:\/\/roveyayinevi.com.tr\/index.php\/wp-json\/wp\/v2\/product_cat?post=719900"},{"taxonomy":"product_tag","embeddable":true,"href":"https:\/\/roveyayinevi.com.tr\/index.php\/wp-json\/wp\/v2\/product_tag?post=719900"}],"curies":[{"name":"wp","href":"https:\/\/api.w.org\/{rel}","templated":true}]}}