{"id":719899,"date":"2025-08-27T18:28:50","date_gmt":"2025-08-27T15:28:50","guid":{"rendered":"https:\/\/roveyayinevi.com.tr\/index.php\/urun\/istanbulda-yasama-sanati\/"},"modified":"2026-04-16T02:27:56","modified_gmt":"2026-04-15T23:27:56","slug":"istanbulda-yasama-sanati","status":"publish","type":"product","link":"https:\/\/roveyayinevi.com.tr\/index.php\/urun\/istanbulda-yasama-sanati\/","title":{"rendered":"\u0130stanbul&#8217;da Ya\u015fama Sanat\u0131"},"content":{"rendered":"<p>&#8220;\u0130stanbul&#8217;da ya\u015fay\u0131p da bir t\u00fcrl\u00fc \u0130stanbullu olamayanlar\u0131, bir t\u00fcrl\u00fc ya\u015fayamayanlar\u0131 hi\u00e7 anlayamad\u0131m,&#8221; diyen Haluk Dursun \u0130stanbul&#8217;da Ya\u015fama Sanat\u0131 ile \u0130stanbul&#8217;u ya\u015famak isteyenlere rehber bir kitap sunuyor. \u0130stanbullular\u0131n, \u0130stanbul\u2019u sevmesi i\u00e7in tan\u0131mas\u0131, ge\u00e7mi\u015fteki \u00f6nemini ve tarih\u00ee g\u00fczelliklerini bilmesi gerekir. Yeni \u0130stanbullu, eski hem\u015fehrilerinin nas\u0131l ya\u015fad\u0131\u011f\u0131n\u0131, hangi g\u00fczellik ortam\u0131 i\u00e7inde bulundu\u011funu g\u00f6r\u00fcp tadamam\u0131\u015f olsa bile, en az\u0131ndan duyabilmeli, \u00f6\u011frenebilmeli ve imrenebilmelidir. G\u00fcn\u00fcm\u00fczde, maalesef art\u0131k kalmayan ortak \u0130stanbul k\u00fclt\u00fcr\u00fc, ancak ortak \u0130stanbul tarih bilinciyle olu\u015fturulabilir. Bu \u00e7al\u0131\u015fma Bat\u0131l\u0131lar\u0131n tabiriyle \u201cbir \u015fehirde ya\u015fama sanat\u0131\u201d, bizim eski tabirimizle, \u015fehrin hususiyetini anlatan bir \u201c\u015fehrengiz\u201d \u00f6zelli\u011findedir. <\/p>\n","protected":false},"excerpt":{"rendered":"<p>&#8220;\u0130stanbul&#8217;da ya\u015fay\u0131p da bir t\u00fcrl\u00fc \u0130stanbullu olamayanlar\u0131, bir t\u00fcrl\u00fc ya\u015fayamayanlar\u0131 hi\u00e7 anlayamad\u0131m,&#8221; diyen Haluk Dursun \u0130stanbul&#8217;da Ya\u015fama Sanat\u0131 ile \u0130stanbul&#8217;u ya\u015famak isteyenlere rehber bir kitap sunuyor.<span class=\"excerpt-hellip\"> [\u2026]<\/span><\/p>\n","protected":false},"featured_media":0,"template":"","meta":{"_monsterinsights_skip_tracking":false,"_monsterinsights_sitenote_active":false,"_monsterinsights_sitenote_note":"","_monsterinsights_sitenote_category":0},"product_brand":[],"product_cat":[13054,20153],"product_tag":[],"class_list":{"0":"post-719899","1":"product","2":"type-product","3":"status-publish","5":"product_cat-gezi-ve-rehber-kitaplari","6":"product_cat-istanbul-rehberi","7":"pa_cilt-ciltsiz","8":"pa_tur-kitap","9":"pa_yayinevi-kapi-yayinlari","10":"pa_yazar-haluk-dursun","12":"first","13":"instock","14":"sale","15":"shipping-taxable","16":"purchasable","17":"product-type-simple"},"_links":{"self":[{"href":"https:\/\/roveyayinevi.com.tr\/index.php\/wp-json\/wp\/v2\/product\/719899","targetHints":{"allow":["GET"]}}],"collection":[{"href":"https:\/\/roveyayinevi.com.tr\/index.php\/wp-json\/wp\/v2\/product"}],"about":[{"href":"https:\/\/roveyayinevi.com.tr\/index.php\/wp-json\/wp\/v2\/types\/product"}],"wp:attachment":[{"href":"https:\/\/roveyayinevi.com.tr\/index.php\/wp-json\/wp\/v2\/media?parent=719899"}],"wp:term":[{"taxonomy":"product_brand","embeddable":true,"href":"https:\/\/roveyayinevi.com.tr\/index.php\/wp-json\/wp\/v2\/product_brand?post=719899"},{"taxonomy":"product_cat","embeddable":true,"href":"https:\/\/roveyayinevi.com.tr\/index.php\/wp-json\/wp\/v2\/product_cat?post=719899"},{"taxonomy":"product_tag","embeddable":true,"href":"https:\/\/roveyayinevi.com.tr\/index.php\/wp-json\/wp\/v2\/product_tag?post=719899"}],"curies":[{"name":"wp","href":"https:\/\/api.w.org\/{rel}","templated":true}]}}