{"id":719898,"date":"2025-08-27T18:28:49","date_gmt":"2025-08-27T15:28:49","guid":{"rendered":"https:\/\/roveyayinevi.com.tr\/index.php\/urun\/av-vakti\/"},"modified":"2026-04-16T02:27:56","modified_gmt":"2026-04-15T23:27:56","slug":"av-vakti","status":"publish","type":"product","link":"https:\/\/roveyayinevi.com.tr\/index.php\/urun\/av-vakti\/","title":{"rendered":"Av Vakti"},"content":{"rendered":"<p>Y\u0131l 1945&#8230; Nazilerin patlayan b\u00fcy\u00fck plan\u0131 ve kap\u0131daki ka\u00e7\u0131n\u0131lmaz yenilgi&#8230; Nazilerin \u00dc\u00e7\u00fcnc\u00fc Reich plan\u0131 ba\u015far\u0131s\u0131zl\u0131\u011fa u\u011fram\u0131\u015f gibi g\u00f6r\u00fcnse de b\u00fcy\u00fck komutan\u0131n ba\u015fka bir plan\u0131 daha vard\u0131r: Zengin uranyum kaynaklar\u0131n\u0131 gerekti\u011fi zaman etkili kullanabilmek i\u00e7in saklam\u0131\u015ft\u0131r. Sava\u015f\u0131n yeniden ba\u015flamas\u0131 ka\u00e7\u0131n\u0131lmazd\u0131r.Y\u0131l 2018&#8230; Eski SAS askeri Will Jeager&#8217;\u0131n \u00f6\u011frendi\u011fi o korkun\u00e7 ger\u00e7ek&#8230;Uranyum kaynaklar\u0131 kay\u0131pt\u0131r ve Jeager&#8217;\u0131n e\u015fi Ruth ortada yoktur. D\u00fc\u015fman\u0131n sahaya indi\u011fine dair hi\u00e7bir \u015f\u00fcphe kalmam\u0131\u015ft\u0131r.Will Jeager ve ekibi tekrar bir arada&#8230;Uranyumun k\u00f6t\u00fc ellere ge\u00e7mesiyle d\u00fcnyan\u0131n sonunun gelmesi i\u015ften bile de\u011fildir. Jeager ve ekibi bu k\u00f6t\u00fc sonun \u00f6n\u00fcne ge\u00e7mek i\u00e7in kollar\u0131 s\u0131var fakat d\u00fc\u015fman her zaman bir ad\u0131m daha \u00f6ndedir.Tehlike ger\u00e7ektir ve Ruth&#8217;u tutan insanlar ellerindeki kozdan emindir. Zamana kar\u015f\u0131 yar\u0131\u015f ba\u015flam\u0131\u015ft\u0131r!Tik tak&#8230; Tik tak&#8230;\u00dcnl\u00fc maceraperest, yazar ve Tv programc\u0131s\u0131 Bear Grylls&#8217;ten okurlar\u0131 aras\u0131nda yank\u0131 uyand\u0131ran Hayalet U\u00e7ak serisinin \u00fc\u00e7\u00fcnc\u00fc ve son kitab\u0131!<\/p>\n","protected":false},"excerpt":{"rendered":"<p>Y\u0131l 1945&#8230; Nazilerin patlayan b\u00fcy\u00fck plan\u0131 ve kap\u0131daki ka\u00e7\u0131n\u0131lmaz yenilgi&#8230; Nazilerin \u00dc\u00e7\u00fcnc\u00fc Reich plan\u0131 ba\u015far\u0131s\u0131zl\u0131\u011fa u\u011fram\u0131\u015f gibi g\u00f6r\u00fcnse de b\u00fcy\u00fck komutan\u0131n ba\u015fka bir plan\u0131 daha vard\u0131r:<span class=\"excerpt-hellip\"> [\u2026]<\/span><\/p>\n","protected":false},"featured_media":0,"template":"","meta":{"_monsterinsights_skip_tracking":false,"_monsterinsights_sitenote_active":false,"_monsterinsights_sitenote_note":"","_monsterinsights_sitenote_category":0},"product_brand":[],"product_cat":[12291,12711],"product_tag":[],"class_list":{"0":"post-719898","1":"product","2":"type-product","3":"status-publish","5":"product_cat-edebiyat","6":"product_cat-roman-oyku","7":"pa_cilt-ciltsiz","8":"pa_tur-kitap","9":"pa_yayinevi-portakal-kitap","10":"pa_yazar-bear-grylls","12":"first","13":"instock","14":"sale","15":"shipping-taxable","16":"purchasable","17":"product-type-simple"},"_links":{"self":[{"href":"https:\/\/roveyayinevi.com.tr\/index.php\/wp-json\/wp\/v2\/product\/719898","targetHints":{"allow":["GET"]}}],"collection":[{"href":"https:\/\/roveyayinevi.com.tr\/index.php\/wp-json\/wp\/v2\/product"}],"about":[{"href":"https:\/\/roveyayinevi.com.tr\/index.php\/wp-json\/wp\/v2\/types\/product"}],"wp:attachment":[{"href":"https:\/\/roveyayinevi.com.tr\/index.php\/wp-json\/wp\/v2\/media?parent=719898"}],"wp:term":[{"taxonomy":"product_brand","embeddable":true,"href":"https:\/\/roveyayinevi.com.tr\/index.php\/wp-json\/wp\/v2\/product_brand?post=719898"},{"taxonomy":"product_cat","embeddable":true,"href":"https:\/\/roveyayinevi.com.tr\/index.php\/wp-json\/wp\/v2\/product_cat?post=719898"},{"taxonomy":"product_tag","embeddable":true,"href":"https:\/\/roveyayinevi.com.tr\/index.php\/wp-json\/wp\/v2\/product_tag?post=719898"}],"curies":[{"name":"wp","href":"https:\/\/api.w.org\/{rel}","templated":true}]}}