{"id":719897,"date":"2025-08-27T18:28:48","date_gmt":"2025-08-27T15:28:48","guid":{"rendered":"https:\/\/roveyayinevi.com.tr\/index.php\/urun\/esrarli-ev-sherlock-holmes-4\/"},"modified":"2026-04-16T02:27:55","modified_gmt":"2026-04-15T23:27:55","slug":"esrarli-ev-sherlock-holmes-4","status":"publish","type":"product","link":"https:\/\/roveyayinevi.com.tr\/index.php\/urun\/esrarli-ev-sherlock-holmes-4\/","title":{"rendered":"Esrarl\u0131 Ev &#8211; Sherlock Holmes 4"},"content":{"rendered":"<p>Baker Soka\u011f\u0131&#8217;ndaki 221 B numaral\u0131 evin \u00fcnl\u00fc kirac\u0131s\u0131 Sherlock Holmes&#8230;Zek\u00e2s\u0131, karizmas\u0131 ve \u00e7ok\u00e7a huysuzlu\u011fuyla bilinen, \u00e7\u00f6z\u00fclemeyen t\u00fcm olaylar\u0131n i\u00e7inden aln\u0131n\u0131n ak\u0131yla \u00e7\u0131kan ba\u015far\u0131l\u0131 dedektifin aksiyon, e\u011flence ve heyecan dolu maceralar\u0131 yeniden okurlarla bulu\u015fuyor!Boscombe Vadisi&#8217;indeki cinayet, ne sebeple i\u015flendi? \u00c7ocuk bak\u0131c\u0131s\u0131 Violet Hunter&#8217;\u0131n \u00e7al\u0131\u015ft\u0131\u011f\u0131 evin s\u0131rr\u0131 neydi? Sherlock Holmes kaybolan yar\u0131\u015f at\u0131n\u0131 bulabilecek miydi? Kilitli bir odada i\u015flenen cinayetin gizemli sorumlusu kimdi? Asl\u0131nda \u00e7ok basit g\u00f6r\u00fcnen \u00c7al\u0131nan Ta\u00e7 vakas\u0131n\u0131n arkas\u0131nda asl\u0131nda kimler var?Sherlock Holmes ve biricik orta\u011f\u0131 Doktor Watson&#8217;\u0131n maceralar\u0131, kald\u0131\u011f\u0131 yerden devam ediyor.Polisiye tarihine damgas\u0131n\u0131 vuran Sir Arthur Conan Doyle&#8217;un kaleminden&#8230;<\/p>\n","protected":false},"excerpt":{"rendered":"<p>Baker Soka\u011f\u0131&#8217;ndaki 221 B numaral\u0131 evin \u00fcnl\u00fc kirac\u0131s\u0131 Sherlock Holmes&#8230;Zek\u00e2s\u0131, karizmas\u0131 ve \u00e7ok\u00e7a huysuzlu\u011fuyla bilinen, \u00e7\u00f6z\u00fclemeyen t\u00fcm olaylar\u0131n i\u00e7inden aln\u0131n\u0131n ak\u0131yla \u00e7\u0131kan ba\u015far\u0131l\u0131 dedektifin aksiyon, e\u011flence<span class=\"excerpt-hellip\"> [\u2026]<\/span><\/p>\n","protected":false},"featured_media":0,"template":"","meta":{"_monsterinsights_skip_tracking":false,"_monsterinsights_sitenote_active":false,"_monsterinsights_sitenote_note":"","_monsterinsights_sitenote_category":0},"product_brand":[],"product_cat":[12291,12711],"product_tag":[],"class_list":{"0":"post-719897","1":"product","2":"type-product","3":"status-publish","5":"product_cat-edebiyat","6":"product_cat-roman-oyku","7":"pa_cilt-ciltsiz","8":"pa_tur-kitap","9":"pa_yayinevi-portakal-kitap","10":"pa_yazar-sir-arthur-conan-doyle","12":"first","13":"instock","14":"sale","15":"shipping-taxable","16":"purchasable","17":"product-type-simple"},"_links":{"self":[{"href":"https:\/\/roveyayinevi.com.tr\/index.php\/wp-json\/wp\/v2\/product\/719897","targetHints":{"allow":["GET"]}}],"collection":[{"href":"https:\/\/roveyayinevi.com.tr\/index.php\/wp-json\/wp\/v2\/product"}],"about":[{"href":"https:\/\/roveyayinevi.com.tr\/index.php\/wp-json\/wp\/v2\/types\/product"}],"wp:attachment":[{"href":"https:\/\/roveyayinevi.com.tr\/index.php\/wp-json\/wp\/v2\/media?parent=719897"}],"wp:term":[{"taxonomy":"product_brand","embeddable":true,"href":"https:\/\/roveyayinevi.com.tr\/index.php\/wp-json\/wp\/v2\/product_brand?post=719897"},{"taxonomy":"product_cat","embeddable":true,"href":"https:\/\/roveyayinevi.com.tr\/index.php\/wp-json\/wp\/v2\/product_cat?post=719897"},{"taxonomy":"product_tag","embeddable":true,"href":"https:\/\/roveyayinevi.com.tr\/index.php\/wp-json\/wp\/v2\/product_tag?post=719897"}],"curies":[{"name":"wp","href":"https:\/\/api.w.org\/{rel}","templated":true}]}}