{"id":719894,"date":"2025-08-27T18:28:46","date_gmt":"2025-08-27T15:28:46","guid":{"rendered":"https:\/\/roveyayinevi.com.tr\/index.php\/urun\/kamu-politikalarina-sosyal-bakis\/"},"modified":"2026-04-16T02:27:55","modified_gmt":"2026-04-15T23:27:55","slug":"kamu-politikalarina-sosyal-bakis","status":"publish","type":"product","link":"https:\/\/roveyayinevi.com.tr\/index.php\/urun\/kamu-politikalarina-sosyal-bakis\/","title":{"rendered":"Kamu Politikalar\u0131na Sosyal Bak\u0131\u015f"},"content":{"rendered":"<p>1. T\u00fcrkiye\u2019de Sosyal Devlet Anlay\u0131\u015f\u0131n\u0131n Geli\u015fimi Ve Kamu Politikalar\u01312. Kentle\u015femeyen Kentlere Ve Y\u00f6netimlerine Kavramsal Bir Bak\u0131\u015f: T\u00fcrkiye\u2019de Gecekondula\u015fma Sorunu Ve Kent Y\u00f6netimleri3. Emek Piyasalar\u0131nda Esneklik Ve G\u00fcvence Aras\u0131ndaki \u00dctopik Denge: Esneklik \u2013 G\u00fcvence Dengesi Yakla\u015f\u0131m\u01314. Sosyal Harcama Olarak E\u011fitim Harcamalar\u0131: Ab Ve T\u00fcrkiye A\u00e7\u0131s\u0131ndan Bir De\u011ferlendirme5. Sosyal Belediyecilik Yakla\u015f\u0131m\u0131nda Dezavantajl\u0131 Gruplar\u0131n Yeri: Van B\u00fcy\u00fck\u015fehir Belediyesi \u00d6rne\u011fi6. T\u00fcrk Vergi Sistemindeki Sosyal Ama\u00e7l\u0131 Vergi Harcamalar\u0131<\/p>\n","protected":false},"excerpt":{"rendered":"<p>1. T\u00fcrkiye\u2019de Sosyal Devlet Anlay\u0131\u015f\u0131n\u0131n Geli\u015fimi Ve Kamu Politikalar\u01312. Kentle\u015femeyen Kentlere Ve Y\u00f6netimlerine Kavramsal Bir Bak\u0131\u015f: T\u00fcrkiye\u2019de Gecekondula\u015fma Sorunu Ve Kent Y\u00f6netimleri3. Emek Piyasalar\u0131nda Esneklik Ve<span class=\"excerpt-hellip\"> [\u2026]<\/span><\/p>\n","protected":false},"featured_media":0,"template":"","meta":{"_monsterinsights_skip_tracking":false,"_monsterinsights_sitenote_active":false,"_monsterinsights_sitenote_note":"","_monsterinsights_sitenote_category":0},"product_brand":[],"product_cat":[13043,14381],"product_tag":[],"class_list":{"0":"post-719894","1":"product","2":"type-product","3":"status-publish","5":"product_cat-ekonomi","6":"product_cat-isletme-muhasebe-maliye","7":"pa_cilt-ciltsiz","8":"pa_tur-kitap","9":"pa_yayinevi-gazi-kitabevi","10":"pa_yazar-gamze-yildiz-seren-kurular","12":"first","13":"instock","14":"sale","15":"shipping-taxable","16":"purchasable","17":"product-type-simple"},"_links":{"self":[{"href":"https:\/\/roveyayinevi.com.tr\/index.php\/wp-json\/wp\/v2\/product\/719894","targetHints":{"allow":["GET"]}}],"collection":[{"href":"https:\/\/roveyayinevi.com.tr\/index.php\/wp-json\/wp\/v2\/product"}],"about":[{"href":"https:\/\/roveyayinevi.com.tr\/index.php\/wp-json\/wp\/v2\/types\/product"}],"wp:attachment":[{"href":"https:\/\/roveyayinevi.com.tr\/index.php\/wp-json\/wp\/v2\/media?parent=719894"}],"wp:term":[{"taxonomy":"product_brand","embeddable":true,"href":"https:\/\/roveyayinevi.com.tr\/index.php\/wp-json\/wp\/v2\/product_brand?post=719894"},{"taxonomy":"product_cat","embeddable":true,"href":"https:\/\/roveyayinevi.com.tr\/index.php\/wp-json\/wp\/v2\/product_cat?post=719894"},{"taxonomy":"product_tag","embeddable":true,"href":"https:\/\/roveyayinevi.com.tr\/index.php\/wp-json\/wp\/v2\/product_tag?post=719894"}],"curies":[{"name":"wp","href":"https:\/\/api.w.org\/{rel}","templated":true}]}}