{"id":719891,"date":"2025-08-27T18:28:44","date_gmt":"2025-08-27T15:28:44","guid":{"rendered":"https:\/\/roveyayinevi.com.tr\/index.php\/urun\/olgunlasmamis-ebeveynlerin-yetiskin-cocuklari\/"},"modified":"2026-04-16T02:27:55","modified_gmt":"2026-04-15T23:27:55","slug":"olgunlasmamis-ebeveynlerin-yetiskin-cocuklari","status":"publish","type":"product","link":"https:\/\/roveyayinevi.com.tr\/index.php\/urun\/olgunlasmamis-ebeveynlerin-yetiskin-cocuklari\/","title":{"rendered":"Olgunla\u015fmam\u0131\u015f Ebeveynlerin Yeti\u015fkin \u00c7ocuklar\u0131"},"content":{"rendered":"<p>Ebeveynleriniz zor muydu? Olgunla\u015fmam\u0131\u015f veya duygusal olarak eri\u015filebilir durumda de\u011filler miydi? E\u011fer duygusal olarak olgun ve eri\u015filebilir olmayan ya da bencil bir ebeveynle b\u00fcy\u00fcd\u00fcyseniz; \u00f6fke, yaln\u0131zl\u0131k, ihanet ya da terk edilme gibi duygular\u0131 \u00e7ok uzun s\u00fcredir hissediyor olabilirsiniz. \u00c7ocuklu\u011funuzu duygusal ihtiya\u00e7lar\u0131n\u0131z\u0131n kar\u015f\u0131lanmad\u0131\u011f\u0131, hislerinizin yok say\u0131ld\u0131\u011f\u0131 ve ebeveynlerinizin davran\u0131\u015flar\u0131n\u0131 telafi etmek i\u00e7in yeti\u015fkin d\u00fczeyinde sorumluluk alman\u0131z gerekti\u011fi bir s\u00fcre\u00e7 olarak hat\u0131rlayabilirsiniz. Bu yaralar iyile\u015febilir ve hayat\u0131n\u0131zda ileriye do\u011fru gidebilirsiniz. B\u00fcy\u00fck bir at\u0131l\u0131m i\u00e7eren bu kitapta Dr. Lindsay Gibson, duygusal olarak olgunla\u015fmam\u0131\u015f ya da eri\u015filebilir olmayan ebeveynlerin y\u0131k\u0131c\u0131 do\u011falar\u0131n\u0131 a\u00e7\u0131\u011fa \u00e7\u0131karmaktad\u0131r. Bu t\u00fcr ebeveynlerin ihmal edilme hissini nas\u0131l yaratt\u0131klar\u0131n\u0131 g\u00f6recek ve \u00e7ocuklu\u011funuzun neden oldu\u011fu kar\u0131\u015f\u0131kl\u0131k ve ac\u0131dan kurtulman\u0131n yollar\u0131n\u0131 ke\u015ffedeceksiniz. Duygusal olarak olgunla\u015famam\u0131\u015f ebeveynlerin etkilerinden kendinizi kurtarabilir, ger\u00e7ek do\u011fan\u0131z\u0131 yeniden kazanabilir, onlara nas\u0131l davranaca\u011f\u0131n\u0131z\u0131 kontrol edebilir ve hayal k\u0131r\u0131kl\u0131\u011f\u0131ndan sak\u0131nabilirsiniz. Daha iyi bir ya\u015fam in\u015fa etme yolunda olumlu  ili\u015fkiler kurabilmeniz i\u00e7in bu kitap g\u00fc\u00e7l\u00fc bir rehber olacakt\u0131r.   \u201cTJ Walker, b\u00fct\u00fcn ekibimin daha etkili bi\u00e7imde \u00e7al\u0131\u015fmas\u0131na ve mesajlar\u0131n\u0131n izleyiciye daha iyi aktar\u0131lmas\u0131na yard\u0131mc\u0131 oldu.\u201d Michael Gallant, EM<\/p>\n","protected":false},"excerpt":{"rendered":"<p>Ebeveynleriniz zor muydu? Olgunla\u015fmam\u0131\u015f veya duygusal olarak eri\u015filebilir durumda de\u011filler miydi? E\u011fer duygusal olarak olgun ve eri\u015filebilir olmayan ya da bencil bir ebeveynle b\u00fcy\u00fcd\u00fcyseniz; \u00f6fke, yaln\u0131zl\u0131k,<span class=\"excerpt-hellip\"> [\u2026]<\/span><\/p>\n","protected":false},"featured_media":0,"template":"","meta":{"_monsterinsights_skip_tracking":false,"_monsterinsights_sitenote_active":false,"_monsterinsights_sitenote_note":"","_monsterinsights_sitenote_category":0},"product_brand":[],"product_cat":[12358,12357],"product_tag":[],"class_list":{"0":"post-719891","1":"product","2":"type-product","3":"status-publish","5":"product_cat-genel-psikoloji","6":"product_cat-psikoloji","7":"pa_cilt-ciltsiz","8":"pa_tur-kitap","9":"pa_yayinevi-sola-unitas","10":"pa_yazar-lindsay-c-gibson","12":"first","13":"instock","14":"sale","15":"shipping-taxable","16":"purchasable","17":"product-type-simple"},"_links":{"self":[{"href":"https:\/\/roveyayinevi.com.tr\/index.php\/wp-json\/wp\/v2\/product\/719891","targetHints":{"allow":["GET"]}}],"collection":[{"href":"https:\/\/roveyayinevi.com.tr\/index.php\/wp-json\/wp\/v2\/product"}],"about":[{"href":"https:\/\/roveyayinevi.com.tr\/index.php\/wp-json\/wp\/v2\/types\/product"}],"wp:attachment":[{"href":"https:\/\/roveyayinevi.com.tr\/index.php\/wp-json\/wp\/v2\/media?parent=719891"}],"wp:term":[{"taxonomy":"product_brand","embeddable":true,"href":"https:\/\/roveyayinevi.com.tr\/index.php\/wp-json\/wp\/v2\/product_brand?post=719891"},{"taxonomy":"product_cat","embeddable":true,"href":"https:\/\/roveyayinevi.com.tr\/index.php\/wp-json\/wp\/v2\/product_cat?post=719891"},{"taxonomy":"product_tag","embeddable":true,"href":"https:\/\/roveyayinevi.com.tr\/index.php\/wp-json\/wp\/v2\/product_tag?post=719891"}],"curies":[{"name":"wp","href":"https:\/\/api.w.org\/{rel}","templated":true}]}}