{"id":719890,"date":"2025-08-27T18:28:43","date_gmt":"2025-08-27T15:28:43","guid":{"rendered":"https:\/\/roveyayinevi.com.tr\/index.php\/urun\/necmettin\/"},"modified":"2026-04-16T02:27:55","modified_gmt":"2026-04-15T23:27:55","slug":"necmettin","status":"publish","type":"product","link":"https:\/\/roveyayinevi.com.tr\/index.php\/urun\/necmettin\/","title":{"rendered":"Necmettin"},"content":{"rendered":"<p>Bu kitap, hem Alia\u011fa Rafinerisi nin kap\u0131s\u0131nda daha grev ba\u015flar ba\u015flamaz vurularak 26 ya\u015f\u0131nda \u00f6ld\u00fcr\u00fclen Necmettin Giritlio\u011flu&#8217;nun k\u0131sac\u0131k ama dopdolu hayat\u0131n\u0131n hem de bir d\u00f6nemin kitab\u0131d\u0131r. Yapt\u0131\u011f\u0131 s\u00f6zl\u00fc tarih kay\u0131tlar\u0131yla Necmettin Giritlio\u011flu ile ilgili haf \u0131zalardaki tarihi, yaz\u0131l\u0131 tarihe aktaran Can \u015eafak, yaz\u0131l\u0131 kaynaklara ve bizzat Necmettin Giritlio\u011flu&#8217;nun kaleminden \u00e7\u0131kan metinlere, mektuplara, \u015fiirlere ve foto\u011fraflara da yer veriyor. Yazar, Necmettin Giritlio\u011flu&#8217;nu daha iyi tan\u0131mak ve anlamak i\u00e7in solun, i\u015f\u00e7i hareketinin, devrimci dalgan\u0131n y\u00fckseldi\u011fi; Givitlio\u011fiu&#8217;nun da i\u00e7inde oldu\u011fu ve onu da \u015fekillendiren 1960.11 y\u0131llar\u0131 ve 1970&#8217;i de belgelerle, tan\u0131klarla anlat\u0131yor. Giritlio\u011flu&#8217;nun daha \u00e7ocukken haks\u0131zlikle,rin kar\u015f\u0131s\u0131na dikilip Ankara&#8217;dan ba\u015flad\u0131\u011f\u0131, elinde jack London&#8217;\u0131n o \u00e7ok sevdi\u011fi roman\u0131 Demir \u00d6k\u00e7e&#8217;yle gitti\u011fi Ere\u011fli Demir \u00c7elik&#8217;e, oradan Alia\u011fa&#8217;ya uzanan yolu. i\u015f\u00e7i s\u0131n\u0131f\u0131n\u0131n yoludur. Necmettin, Bir Devrimcir\u0131in Hat\u0131ras\u0131, Can \u015eafak&#8217;\u0131n tertemiz dili, titiz, yetkin, hassas ve ayr\u0131nt\u0131l\u0131 \u00e7al\u0131\u015fmas\u0131yla; incecik, upuzun, bir g\u00fcld\u00fc m\u00fc i\u00e7inizi \u0131s\u0131tan, \u00f6fkesi \u00e7ocuklar gibi \u015fen, &#8220;izin vermezierse, insan hayat\u0131nda yapaca\u011f\u0131 en g\u00fczel \u015feyi yapar; direnir&#8217; diyen, d\u00fc\u015flerinin pe\u015finden giden, Demir \u00d6k\u00e7e&#8217;deki &#8220;u\u00e7urum insanlar\u0131yla birlikte en \u00f6n saflarda y\u00fcr\u00fcyen, gencecik Necmettin Giritlio\u011flu&#8217;nu aran\u0131za getiriyor, gelece\u011fe ta\u015f\u0131yor, umut veriyor, yak\u0131n tarihe, emek tarihine \u0131\u015f\u0131k tutuyor, i\u015f\u00e7i s\u0131n\u0131f\u0131na selam duruyor!<\/p>\n","protected":false},"excerpt":{"rendered":"<p>Bu kitap, hem Alia\u011fa Rafinerisi nin kap\u0131s\u0131nda daha grev ba\u015flar ba\u015flamaz vurularak 26 ya\u015f\u0131nda \u00f6ld\u00fcr\u00fclen Necmettin Giritlio\u011flu&#8217;nun k\u0131sac\u0131k ama dopdolu hayat\u0131n\u0131n hem de bir d\u00f6nemin kitab\u0131d\u0131r.<span class=\"excerpt-hellip\"> [\u2026]<\/span><\/p>\n","protected":false},"featured_media":0,"template":"","meta":{"_monsterinsights_skip_tracking":false,"_monsterinsights_sitenote_active":false,"_monsterinsights_sitenote_note":"","_monsterinsights_sitenote_category":0},"product_brand":[],"product_cat":[14009,12291],"product_tag":[],"class_list":{"0":"post-719890","1":"product","2":"type-product","3":"status-publish","5":"product_cat-biyografi-otobiyografi-edebiyat","6":"product_cat-edebiyat","7":"pa_cilt-ciltsiz","8":"pa_tur-kitap","9":"pa_yayinevi-ayrinti-yayinlari","10":"pa_yazar-can-safak","12":"first","13":"instock","14":"sale","15":"shipping-taxable","16":"purchasable","17":"product-type-simple"},"_links":{"self":[{"href":"https:\/\/roveyayinevi.com.tr\/index.php\/wp-json\/wp\/v2\/product\/719890","targetHints":{"allow":["GET"]}}],"collection":[{"href":"https:\/\/roveyayinevi.com.tr\/index.php\/wp-json\/wp\/v2\/product"}],"about":[{"href":"https:\/\/roveyayinevi.com.tr\/index.php\/wp-json\/wp\/v2\/types\/product"}],"wp:attachment":[{"href":"https:\/\/roveyayinevi.com.tr\/index.php\/wp-json\/wp\/v2\/media?parent=719890"}],"wp:term":[{"taxonomy":"product_brand","embeddable":true,"href":"https:\/\/roveyayinevi.com.tr\/index.php\/wp-json\/wp\/v2\/product_brand?post=719890"},{"taxonomy":"product_cat","embeddable":true,"href":"https:\/\/roveyayinevi.com.tr\/index.php\/wp-json\/wp\/v2\/product_cat?post=719890"},{"taxonomy":"product_tag","embeddable":true,"href":"https:\/\/roveyayinevi.com.tr\/index.php\/wp-json\/wp\/v2\/product_tag?post=719890"}],"curies":[{"name":"wp","href":"https:\/\/api.w.org\/{rel}","templated":true}]}}