{"id":719887,"date":"2025-08-27T18:28:41","date_gmt":"2025-08-27T15:28:41","guid":{"rendered":"https:\/\/roveyayinevi.com.tr\/index.php\/urun\/mehmetcik-olabilmek\/"},"modified":"2026-04-16T02:27:55","modified_gmt":"2026-04-15T23:27:55","slug":"mehmetcik-olabilmek","status":"publish","type":"product","link":"https:\/\/roveyayinevi.com.tr\/index.php\/urun\/mehmetcik-olabilmek\/","title":{"rendered":"Mehmet\u00e7ik Olabilmek"},"content":{"rendered":"<p>Askerlik Yasas\u0131n\u0131n de\u011fi\u015ftirildi\u011fi, \u201cVatan Borcundan bedelli askerlik s\u00fcrecine\u201d d\u00f6n\u00fc\u015f\u00fclen bu g\u00fcnlerde \u201cMehmet\u00e7ik\u201d kavram\u0131n\u0131 t\u00fcm boyutlar\u0131yla irdeleyen ve ya\u015fanm\u0131\u015f olaylardan hareketle ders \u00e7\u0131kar\u0131lmas\u0131 gereken tecr\u00fcbeleri t\u00fcm \u00e7\u0131plakl\u0131\u011f\u0131 ile sunan bir kitap.      (E) Jandarma Tu\u011fgeneral N. Erhan PATIR ya\u015fad\u0131klar\u0131 unutulmas\u0131n diye tecr\u00fcbelerini sizinle bu kitapta payla\u015f\u0131yor.       Yazar\u0131m\u0131z kitab\u0131n\u0131 \u015fu \u015fekilde sizlere sunuyor;      \u201cMehmet\u00e7ik&#8221; kelimesi size ne ifade ediyor? Bu kelimeyi duyunca y\u00fcre\u011finizde ne hissediyorsunuz?       Mehmet\u00e7ik kimdir? Ger\u00e7ekten biliyor musunuz?       Belki Mehmet\u00e7ik olmay\u0131 ba\u015faranlardans\u0131n\u0131z!  Ne mutlu size.       Belki de Mehmet\u00e7ik babas\u0131, annesi, ablas\u0131, a\u011fabeyisiniz.       Belki &#8220;S\u0131ram\u0131 bekliyorum.&#8221; diyenlerdensiniz!       Belki evlad\u0131n\u0131, &#8220;Mehmet\u00e7ik Ruhu&#8221; ile yeti\u015ftirmeye \u00e7al\u0131\u015fanlardans\u0131n\u0131z!       Belki sa\u011fl\u0131\u011f\u0131n\u0131z veya ba\u015fka ko\u015fullar elvermedi\u011fi i\u00e7in \u00e7ok istedi\u011finiz halde Mehmet\u00e7ik olmak size nasip olmad\u0131!        Mehmet\u00e7ik olabilmek, olam\u0131yorsak onu can\u0131 g\u00f6n\u00fclden sevebilmek, nas\u0131l b\u00fcy\u00fck bir mutluluk sebebidir, ke\u015fke tam olarak anlayabilseydik. \u0130\u015fte o zaman &#8220;\u015eehitlik &#8211; Gazilik&#8221; unvanlar\u0131ndan sonra en b\u00fcy\u00fck unvan\u0131n o oldu\u011funu kavrar ve sonsuz \u015f\u00fck\u00fcrler ederdik.         Unutma! Teskere ald\u0131\u011f\u0131n, emekli oldu\u011fun g\u00fcn ASKERL\u0130K bitebilir. Ancak MEHMET\u00c7\u0130K olabilmi\u015fsen, onun teskeresi, emeklili\u011fi yoktur. O ancak son nefesini verince biter\u2026\u201d       Galeati yay\u0131nc\u0131l\u0131k olarak bu eseri yay\u0131n d\u00fcnyas\u0131na kazand\u0131rm\u0131\u015f olmaktan dolay\u0131 gururluyuz.         \u015eimdiden iyi okumalar dileriz.                                                                                                <\/p>\n","protected":false},"excerpt":{"rendered":"<p>Askerlik Yasas\u0131n\u0131n de\u011fi\u015ftirildi\u011fi, \u201cVatan Borcundan bedelli askerlik s\u00fcrecine\u201d d\u00f6n\u00fc\u015f\u00fclen bu g\u00fcnlerde \u201cMehmet\u00e7ik\u201d kavram\u0131n\u0131 t\u00fcm boyutlar\u0131yla irdeleyen ve ya\u015fanm\u0131\u015f olaylardan hareketle ders \u00e7\u0131kar\u0131lmas\u0131 gereken tecr\u00fcbeleri t\u00fcm \u00e7\u0131plakl\u0131\u011f\u0131<span class=\"excerpt-hellip\"> [\u2026]<\/span><\/p>\n","protected":false},"featured_media":0,"template":"","meta":{"_monsterinsights_skip_tracking":false,"_monsterinsights_sitenote_active":false,"_monsterinsights_sitenote_note":"","_monsterinsights_sitenote_category":0},"product_brand":[],"product_cat":[12304,13493],"product_tag":[],"class_list":{"0":"post-719887","1":"product","2":"type-product","3":"status-publish","5":"product_cat-tarih","6":"product_cat-turkiye-ve-cumhuriyet-tarihi","7":"pa_cilt-ciltsiz","8":"pa_tur-kitap","9":"pa_yayinevi-galeati-yayincilik","10":"pa_yazar-n-erhan-patir","12":"first","13":"instock","14":"sale","15":"shipping-taxable","16":"purchasable","17":"product-type-simple"},"_links":{"self":[{"href":"https:\/\/roveyayinevi.com.tr\/index.php\/wp-json\/wp\/v2\/product\/719887","targetHints":{"allow":["GET"]}}],"collection":[{"href":"https:\/\/roveyayinevi.com.tr\/index.php\/wp-json\/wp\/v2\/product"}],"about":[{"href":"https:\/\/roveyayinevi.com.tr\/index.php\/wp-json\/wp\/v2\/types\/product"}],"wp:attachment":[{"href":"https:\/\/roveyayinevi.com.tr\/index.php\/wp-json\/wp\/v2\/media?parent=719887"}],"wp:term":[{"taxonomy":"product_brand","embeddable":true,"href":"https:\/\/roveyayinevi.com.tr\/index.php\/wp-json\/wp\/v2\/product_brand?post=719887"},{"taxonomy":"product_cat","embeddable":true,"href":"https:\/\/roveyayinevi.com.tr\/index.php\/wp-json\/wp\/v2\/product_cat?post=719887"},{"taxonomy":"product_tag","embeddable":true,"href":"https:\/\/roveyayinevi.com.tr\/index.php\/wp-json\/wp\/v2\/product_tag?post=719887"}],"curies":[{"name":"wp","href":"https:\/\/api.w.org\/{rel}","templated":true}]}}