{"id":719885,"date":"2025-08-27T18:28:39","date_gmt":"2025-08-27T15:28:39","guid":{"rendered":"https:\/\/roveyayinevi.com.tr\/index.php\/urun\/tuslarda-makamsal-piyano-icin-turku-duzenlemeleri-ve-ozgun-calismalar\/"},"modified":"2026-04-16T02:27:55","modified_gmt":"2026-04-15T23:27:55","slug":"tuslarda-makamsal-piyano-icin-turku-duzenlemeleri-ve-ozgun-calismalar","status":"publish","type":"product","link":"https:\/\/roveyayinevi.com.tr\/index.php\/urun\/tuslarda-makamsal-piyano-icin-turku-duzenlemeleri-ve-ozgun-calismalar\/","title":{"rendered":"Tu\u015flarda Makamsal Piyano i\u00e7in T\u00fcrk\u00fc D\u00fczenlemeleri ve \u00d6zg\u00fcn \u00c7al\u0131\u015fmalar"},"content":{"rendered":"<p>M\u00fczik, etki alan\u0131 bak\u0131m\u0131ndan di\u011fer sanatlara g\u00f6re yayg\u0131n kullan\u0131lan bir sanat dal\u0131, ancak tasar\u0131m\u0131 bak\u0131m\u0131ndan son derece soyut bir aland\u0131r. Bu tasar\u0131m \u00e7oksesli m\u00fczikler s\u00f6z konusu oldu\u011funda durum ba\u015fka bir boyuta evrilmekte, seslerin yatay\/dikey uyum ve uyumsuzluk ili\u015fkilerine h\u00e2kim olmay\u0131 zorunlu k\u0131lmaktad\u0131r. Nur G\u00fcler, m\u00fczik sanat\u0131n\u0131n bu karma\u015f\u0131k ses evreninin \u015fifrelerini \u00e7\u00f6zm\u00fc\u015f, tonal ve makamsal ses k\u00fcmeleri aras\u0131ndaki gerilim \u00e7\u00f6z\u00fcl\u00fcm ili\u015fkilerini derinden kavram\u0131\u015f bir m\u00fczik e\u011fitimcimiz. Onun bu kitapta yer alan eserlerindeki t\u0131n\u0131lar\u0131na kulak verdi\u011fimde, \u00f6\u011fretmeni olmakla gurur duyuyorum. Nur G\u00fcler\u2019in ses bile\u015fkeleri g\u00f6kku\u015fa\u011f\u0131 gibi; k\u0131rm\u0131z\u0131dan l\u00e2civerte, efl\u00e2tundan mora, ses evreninin farkl\u0131 renklerini ve a\u00e7\u0131ktan koyuya, s\u0131\u011fdan derine farkl\u0131 imajlar\u0131n\u0131 yans\u0131tmaktad\u0131r. Sevgili Nur\u2019un bu m\u00fczikal anlat\u0131m\u0131n\u0131n m\u00fczik sanat\u0131m\u0131za farkl\u0131 zenginlikler getirece\u011fi d\u00fc\u015f\u00fcncesindeyim. Dile\u011fim bu t\u0131n\u0131 zenginliklerinin yurdun d\u00f6rt bir yan\u0131nda hayat bulmas\u0131, \u00e7al\u0131\u015fma odalar\u0131nda, evlerde ve konser salonlar\u0131nda payla\u015f\u0131lmas\u0131d\u0131r. Dr. Salih Aydo\u011fan <\/p>\n","protected":false},"excerpt":{"rendered":"<p>M\u00fczik, etki alan\u0131 bak\u0131m\u0131ndan di\u011fer sanatlara g\u00f6re yayg\u0131n kullan\u0131lan bir sanat dal\u0131, ancak tasar\u0131m\u0131 bak\u0131m\u0131ndan son derece soyut bir aland\u0131r. Bu tasar\u0131m \u00e7oksesli m\u00fczikler s\u00f6z konusu<span class=\"excerpt-hellip\"> [\u2026]<\/span><\/p>\n","protected":false},"featured_media":0,"template":"","meta":{"_monsterinsights_skip_tracking":false,"_monsterinsights_sitenote_active":false,"_monsterinsights_sitenote_note":"","_monsterinsights_sitenote_category":0},"product_brand":[],"product_cat":[14556,14557],"product_tag":[],"class_list":{"0":"post-719885","1":"product","2":"type-product","3":"status-publish","5":"product_cat-muzik","6":"product_cat-nota-kitaplari","7":"pa_cilt-ciltsiz","8":"pa_tur-kitap","9":"pa_yayinevi-muzik-egitimi-yayinlari","10":"pa_yazar-nur-guler","12":"first","13":"instock","14":"sale","15":"shipping-taxable","16":"purchasable","17":"product-type-simple"},"_links":{"self":[{"href":"https:\/\/roveyayinevi.com.tr\/index.php\/wp-json\/wp\/v2\/product\/719885","targetHints":{"allow":["GET"]}}],"collection":[{"href":"https:\/\/roveyayinevi.com.tr\/index.php\/wp-json\/wp\/v2\/product"}],"about":[{"href":"https:\/\/roveyayinevi.com.tr\/index.php\/wp-json\/wp\/v2\/types\/product"}],"wp:attachment":[{"href":"https:\/\/roveyayinevi.com.tr\/index.php\/wp-json\/wp\/v2\/media?parent=719885"}],"wp:term":[{"taxonomy":"product_brand","embeddable":true,"href":"https:\/\/roveyayinevi.com.tr\/index.php\/wp-json\/wp\/v2\/product_brand?post=719885"},{"taxonomy":"product_cat","embeddable":true,"href":"https:\/\/roveyayinevi.com.tr\/index.php\/wp-json\/wp\/v2\/product_cat?post=719885"},{"taxonomy":"product_tag","embeddable":true,"href":"https:\/\/roveyayinevi.com.tr\/index.php\/wp-json\/wp\/v2\/product_tag?post=719885"}],"curies":[{"name":"wp","href":"https:\/\/api.w.org\/{rel}","templated":true}]}}