{"id":719874,"date":"2025-08-27T18:28:30","date_gmt":"2025-08-27T15:28:30","guid":{"rendered":"https:\/\/roveyayinevi.com.tr\/index.php\/urun\/dunya-enerji-savaslari-ve-turkiye\/"},"modified":"2026-04-16T02:27:55","modified_gmt":"2026-04-15T23:27:55","slug":"dunya-enerji-savaslari-ve-turkiye","status":"publish","type":"product","link":"https:\/\/roveyayinevi.com.tr\/index.php\/urun\/dunya-enerji-savaslari-ve-turkiye\/","title":{"rendered":"D\u00fcnya Enerji Sava\u015flar\u0131 ve T\u00fcrkiye"},"content":{"rendered":"<p>Bu kitap sadece enerjiyi de\u011fil, enerjiye yol g\u00f6steren bilim insanlar\u0131n\u0131n, yat\u0131r\u0131ma d\u00f6n\u00fc\u015ft\u00fcren sanayicilerin ve d\u00fcnyay\u0131 kontrol alt\u0131na almaya \u00e7al\u0131\u015fan \u00f6zel ve t\u00fczel ki\u015filer ile devletlerin \u00e7\u0131kar \u00e7at\u0131\u015fmalar\u0131n\u0131 enerji \u00fczerinden anlatmaktad\u0131r. D\u00fcnyaya h\u00fckmeden emperyalistler d\u00fcnyay\u0131 \u00f6yle bir hale getirdi ki; \u2018devletler k\u00fc\u00e7\u00fcls\u00fcn, bana kar\u015f\u0131 \u00e7\u0131kmas\u0131nlar, \u00fcniter yap\u0131s\u0131n\u0131 kaybederek k\u00fc\u00e7\u00fck devletler haline gelsin, benim koymu\u015f oldu\u011fum kurallara uyum g\u00f6steren ve her konuda bana ba\u011f\u0131ml\u0131 kals\u0131nlar\u2019 mant\u0131\u011f\u0131 ile kendilerini y\u00fcceltmek, ba\u015fkalar\u0131n\u0131 ise k\u00fc\u00e7\u00fcltmek \u00e7abas\u0131 i\u00e7erisine girdiler. <\/p>\n","protected":false},"excerpt":{"rendered":"<p>Bu kitap sadece enerjiyi de\u011fil, enerjiye yol g\u00f6steren bilim insanlar\u0131n\u0131n, yat\u0131r\u0131ma d\u00f6n\u00fc\u015ft\u00fcren sanayicilerin ve d\u00fcnyay\u0131 kontrol alt\u0131na almaya \u00e7al\u0131\u015fan \u00f6zel ve t\u00fczel ki\u015filer ile devletlerin \u00e7\u0131kar<span class=\"excerpt-hellip\"> [\u2026]<\/span><\/p>\n","protected":false},"featured_media":0,"template":"","meta":{"_monsterinsights_skip_tracking":false,"_monsterinsights_sitenote_active":false,"_monsterinsights_sitenote_note":"","_monsterinsights_sitenote_category":0},"product_brand":[],"product_cat":[14787,13488],"product_tag":[],"class_list":{"0":"post-719874","1":"product","2":"type-product","3":"status-publish","5":"product_cat-diger-toplum-ve-insan","6":"product_cat-toplum-ve-insan","7":"pa_cilt-ciltsiz","8":"pa_tur-kitap","9":"pa_yayinevi-soncag","10":"pa_yazar-m-bahattin-adiguzel","12":"first","13":"instock","14":"sale","15":"shipping-taxable","16":"purchasable","17":"product-type-simple"},"_links":{"self":[{"href":"https:\/\/roveyayinevi.com.tr\/index.php\/wp-json\/wp\/v2\/product\/719874","targetHints":{"allow":["GET"]}}],"collection":[{"href":"https:\/\/roveyayinevi.com.tr\/index.php\/wp-json\/wp\/v2\/product"}],"about":[{"href":"https:\/\/roveyayinevi.com.tr\/index.php\/wp-json\/wp\/v2\/types\/product"}],"wp:attachment":[{"href":"https:\/\/roveyayinevi.com.tr\/index.php\/wp-json\/wp\/v2\/media?parent=719874"}],"wp:term":[{"taxonomy":"product_brand","embeddable":true,"href":"https:\/\/roveyayinevi.com.tr\/index.php\/wp-json\/wp\/v2\/product_brand?post=719874"},{"taxonomy":"product_cat","embeddable":true,"href":"https:\/\/roveyayinevi.com.tr\/index.php\/wp-json\/wp\/v2\/product_cat?post=719874"},{"taxonomy":"product_tag","embeddable":true,"href":"https:\/\/roveyayinevi.com.tr\/index.php\/wp-json\/wp\/v2\/product_tag?post=719874"}],"curies":[{"name":"wp","href":"https:\/\/api.w.org\/{rel}","templated":true}]}}