{"id":719873,"date":"2025-08-27T18:28:30","date_gmt":"2025-08-27T15:28:30","guid":{"rendered":"https:\/\/roveyayinevi.com.tr\/index.php\/urun\/umutsuzlugun-doruklarinda\/"},"modified":"2025-10-30T12:20:36","modified_gmt":"2025-10-30T09:20:36","slug":"umutsuzlugun-doruklarinda","status":"publish","type":"product","link":"https:\/\/roveyayinevi.com.tr\/index.php\/urun\/umutsuzlugun-doruklarinda\/","title":{"rendered":"Umutsuzlu\u011fun Doruklar\u0131nda"},"content":{"rendered":"<p>Umutsuzlu\u011fun Doruklar\u0131nda, Cioran\u2019\u0131n 23 ya\u015f\u0131nda, tam da uykusuzluk hastal\u0131\u011f\u0131n\u0131n ba\u015flad\u0131\u011f\u0131 y\u0131llarda yazd\u0131\u011f\u0131 ve onu filozoflar kat\u0131na \u00e7\u0131karan; sonsuz d\u00fcnya i\u00e7indeki sonlu insan\u0131n anlam\u0131, a\u015fk, ac\u0131, sevin\u00e7, \u00f6l\u00fcm ve umutsuzluk hakk\u0131nda, sert ve ele avuca gelmeyen fikirlerin yo\u011fu\u015ftu\u011fu bir kitap.Cioran\u2019\u0131n t\u00fcm felsefesinin ve \u00fcslubunun &#8220;kilit ta\u015f\u0131&#8221; olarak nitelendirilen Umutsuzlu\u011fun Doruklar\u0131nda, Or\u00e7un T\u00fcrkay&#8217;\u0131n \u00e7evirisiyle\u2026&#8221;Cioran, g\u00f6zlerimizi hi\u00e7 durmadan insan varolu\u015funun hi\u00e7li\u011fine y\u00f6neltmeye \u00e7al\u0131\u015fm\u0131\u015f, muhte\u015fem bir asi ve boyun e\u011fmez bir mizantroptu.&#8221; Norman Manea<\/p>\n","protected":false},"excerpt":{"rendered":"<p>Umutsuzlu\u011fun Doruklar\u0131nda, Cioran\u2019\u0131n 23 ya\u015f\u0131nda, tam da uykusuzluk hastal\u0131\u011f\u0131n\u0131n ba\u015flad\u0131\u011f\u0131 y\u0131llarda yazd\u0131\u011f\u0131 ve onu filozoflar kat\u0131na \u00e7\u0131karan; sonsuz d\u00fcnya i\u00e7indeki sonlu insan\u0131n anlam\u0131, a\u015fk, ac\u0131, sevin\u00e7,<span class=\"excerpt-hellip\"> [\u2026]<\/span><\/p>\n","protected":false},"featured_media":0,"template":"","meta":{"_monsterinsights_skip_tracking":false,"_monsterinsights_sitenote_active":false,"_monsterinsights_sitenote_note":"","_monsterinsights_sitenote_category":0},"product_brand":[],"product_cat":[12388,14717],"product_tag":[],"class_list":{"0":"post-719873","1":"product","2":"type-product","3":"status-publish","5":"product_cat-felsefe","6":"product_cat-felsefe-tarihi","7":"pa_cilt-ciltsiz","8":"pa_tur-kitap","9":"pa_yayinevi-jaguar-kitap","10":"pa_yazar-emil-michel-cioran","12":"first","13":"instock","14":"sale","15":"shipping-taxable","16":"purchasable","17":"product-type-simple"},"_links":{"self":[{"href":"https:\/\/roveyayinevi.com.tr\/index.php\/wp-json\/wp\/v2\/product\/719873","targetHints":{"allow":["GET"]}}],"collection":[{"href":"https:\/\/roveyayinevi.com.tr\/index.php\/wp-json\/wp\/v2\/product"}],"about":[{"href":"https:\/\/roveyayinevi.com.tr\/index.php\/wp-json\/wp\/v2\/types\/product"}],"wp:attachment":[{"href":"https:\/\/roveyayinevi.com.tr\/index.php\/wp-json\/wp\/v2\/media?parent=719873"}],"wp:term":[{"taxonomy":"product_brand","embeddable":true,"href":"https:\/\/roveyayinevi.com.tr\/index.php\/wp-json\/wp\/v2\/product_brand?post=719873"},{"taxonomy":"product_cat","embeddable":true,"href":"https:\/\/roveyayinevi.com.tr\/index.php\/wp-json\/wp\/v2\/product_cat?post=719873"},{"taxonomy":"product_tag","embeddable":true,"href":"https:\/\/roveyayinevi.com.tr\/index.php\/wp-json\/wp\/v2\/product_tag?post=719873"}],"curies":[{"name":"wp","href":"https:\/\/api.w.org\/{rel}","templated":true}]}}