{"id":719870,"date":"2025-08-27T18:28:27","date_gmt":"2025-08-27T15:28:27","guid":{"rendered":"https:\/\/roveyayinevi.com.tr\/index.php\/urun\/dusun-uret-bul-eglenceli-basari\/"},"modified":"2026-04-16T02:27:55","modified_gmt":"2026-04-15T23:27:55","slug":"dusun-uret-bul-eglenceli-basari","status":"publish","type":"product","link":"https:\/\/roveyayinevi.com.tr\/index.php\/urun\/dusun-uret-bul-eglenceli-basari\/","title":{"rendered":"D\u00fc\u015f\u00fcn \u00dcret Bul! &#8211; E\u011flenceli Ba\u015far\u0131"},"content":{"rendered":"<p>Sorusu \u0130\u00e7inde, Cevab\u0131 Sadece Sende!Zeki oldu\u011funu d\u00fc\u015f\u00fcnen ya da d\u00fc\u015f\u00fcnmeyen herkesi bu kitab\u0131 okumaya davet ediyoruz. \u0130\u00e7erisinde beyin jimnasti\u011fi ve zek\u00e2 geli\u015fimi i\u00e7in haz\u0131rlanm\u0131\u015f y\u00fczlerce soruyla bu kitap tam bir zek\u00e2 k\u0131lavuzu&#8230; Say\u0131sal i\u015flem yapmadan zek\u00e2 geli\u015ftirmek m\u00fcmk\u00fcn m\u00fc diyenler? Bu kitap sizlere de gelsin! Bu arada cevaplar\u0131 kitab\u0131n i\u00e7inde bo\u015funa aramay\u0131n, bulamazs\u0131n\u0131z. Neden mi? \u00c7\u00fcnk\u00fc bu sorular\u0131n cevab\u0131n\u0131 yaln\u0131zca &#8220;siz&#8221; biliyorsunuz!<\/p>\n","protected":false},"excerpt":{"rendered":"<p>Sorusu \u0130\u00e7inde, Cevab\u0131 Sadece Sende!Zeki oldu\u011funu d\u00fc\u015f\u00fcnen ya da d\u00fc\u015f\u00fcnmeyen herkesi bu kitab\u0131 okumaya davet ediyoruz. \u0130\u00e7erisinde beyin jimnasti\u011fi ve zek\u00e2 geli\u015fimi i\u00e7in haz\u0131rlanm\u0131\u015f y\u00fczlerce soruyla<span class=\"excerpt-hellip\"> [\u2026]<\/span><\/p>\n","protected":false},"featured_media":0,"template":"","meta":{"_monsterinsights_skip_tracking":false,"_monsterinsights_sitenote_active":false,"_monsterinsights_sitenote_note":"","_monsterinsights_sitenote_category":0},"product_brand":[],"product_cat":[12274,12284],"product_tag":[],"class_list":{"0":"post-719870","1":"product","2":"type-product","3":"status-publish","5":"product_cat-cocuk-ve-genclik-kitaplari","6":"product_cat-hikayeler","7":"pa_cilt-ciltsiz","8":"pa_tur-kitap","9":"pa_yayinevi-eglenceli-bilgi-yayinlari","10":"pa_yazar-osman-algin-suleyman-kahraman","12":"first","13":"instock","14":"sale","15":"shipping-taxable","16":"purchasable","17":"product-type-simple"},"_links":{"self":[{"href":"https:\/\/roveyayinevi.com.tr\/index.php\/wp-json\/wp\/v2\/product\/719870","targetHints":{"allow":["GET"]}}],"collection":[{"href":"https:\/\/roveyayinevi.com.tr\/index.php\/wp-json\/wp\/v2\/product"}],"about":[{"href":"https:\/\/roveyayinevi.com.tr\/index.php\/wp-json\/wp\/v2\/types\/product"}],"wp:attachment":[{"href":"https:\/\/roveyayinevi.com.tr\/index.php\/wp-json\/wp\/v2\/media?parent=719870"}],"wp:term":[{"taxonomy":"product_brand","embeddable":true,"href":"https:\/\/roveyayinevi.com.tr\/index.php\/wp-json\/wp\/v2\/product_brand?post=719870"},{"taxonomy":"product_cat","embeddable":true,"href":"https:\/\/roveyayinevi.com.tr\/index.php\/wp-json\/wp\/v2\/product_cat?post=719870"},{"taxonomy":"product_tag","embeddable":true,"href":"https:\/\/roveyayinevi.com.tr\/index.php\/wp-json\/wp\/v2\/product_tag?post=719870"}],"curies":[{"name":"wp","href":"https:\/\/api.w.org\/{rel}","templated":true}]}}