{"id":719869,"date":"2025-08-27T18:28:27","date_gmt":"2025-08-27T15:28:27","guid":{"rendered":"https:\/\/roveyayinevi.com.tr\/index.php\/urun\/diplomasi-politika-ve-degisen-dengeler\/"},"modified":"2026-04-16T02:27:55","modified_gmt":"2026-04-15T23:27:55","slug":"diplomasi-politika-ve-degisen-dengeler","status":"publish","type":"product","link":"https:\/\/roveyayinevi.com.tr\/index.php\/urun\/diplomasi-politika-ve-degisen-dengeler\/","title":{"rendered":"Diplomasi Politika ve De\u011fi\u015fen Dengeler"},"content":{"rendered":"<p>Birinci D\u00fcnya Sava\u015f\u0131\u2019n\u0131n \u00f6zellikle Ortado\u011fu\u2019da haritalar\u0131 yeniden \u00e7izdiren y\u0131k\u0131c\u0131 etkisi, yeni kurulan bir devlet olan T\u00fcrkiye Cumhuriyet\u2019nin d\u0131\u015f politikas\u0131n\u0131 etkileyen unsurlardan olmu\u015ftur. Ancak \u0130kinci D\u00fcnya Sava\u015f\u0131 sonras\u0131nda gerek ABD\u2019nin kendini Ortado\u011fu\u2019da aktif bir bi\u00e7imde g\u00f6stermeye ba\u015flamas\u0131, Sovyetler Birli\u011fi\u2019nin neden oldu\u011fu demir perde bask\u0131s\u0131 gerek ise Ortado\u011fu topraklar\u0131nda \u0130srail\u2019in kurulmas\u0131 ile T\u00fcrkiye, yeni bir d\u0131\u015f politika anlay\u0131\u015f\u0131 benimsemeye ba\u015flam\u0131\u015ft\u0131r. Ortado\u011fu\u2019da bar\u0131\u015f\u0131 koruma amac\u0131yla yap\u0131lan giri\u015fimlerden biri de \u0130srail ve T\u00fcrkiye aras\u0131nda i\u015fbirli\u011fi olu\u015fturmas\u0131 idi. Elinizdeki eser, \u0130srail Devleti\u2019nin kurulmas\u0131 ile beraber Ortado\u011fu\u2019da yeni denge aray\u0131\u015flar\u0131na y\u00f6nelik T\u00fcrkiye\u2019nin ald\u0131\u011f\u0131 \u00f6nlemleri ve bu \u00f6nlemlerin sonu\u00e7lar\u0131n\u0131 ortaya koymaktad\u0131r.<\/p>\n","protected":false},"excerpt":{"rendered":"<p>Birinci D\u00fcnya Sava\u015f\u0131\u2019n\u0131n \u00f6zellikle Ortado\u011fu\u2019da haritalar\u0131 yeniden \u00e7izdiren y\u0131k\u0131c\u0131 etkisi, yeni kurulan bir devlet olan T\u00fcrkiye Cumhuriyet\u2019nin d\u0131\u015f politikas\u0131n\u0131 etkileyen unsurlardan olmu\u015ftur. Ancak \u0130kinci D\u00fcnya Sava\u015f\u0131<span class=\"excerpt-hellip\"> [\u2026]<\/span><\/p>\n","protected":false},"featured_media":0,"template":"","meta":{"_monsterinsights_skip_tracking":false,"_monsterinsights_sitenote_active":false,"_monsterinsights_sitenote_note":"","_monsterinsights_sitenote_category":0},"product_brand":[],"product_cat":[12337,17225],"product_tag":[],"class_list":{"0":"post-719869","1":"product","2":"type-product","3":"status-publish","5":"product_cat-politika-siyaset","6":"product_cat-uluslararasi-iliskiler","7":"pa_cilt-ciltsiz","8":"pa_tur-kitap","9":"pa_yayinevi-ideal-kultur-yayincilik","10":"pa_yazar-ilyas-topcu","12":"first","13":"instock","14":"sale","15":"shipping-taxable","16":"purchasable","17":"product-type-simple"},"_links":{"self":[{"href":"https:\/\/roveyayinevi.com.tr\/index.php\/wp-json\/wp\/v2\/product\/719869","targetHints":{"allow":["GET"]}}],"collection":[{"href":"https:\/\/roveyayinevi.com.tr\/index.php\/wp-json\/wp\/v2\/product"}],"about":[{"href":"https:\/\/roveyayinevi.com.tr\/index.php\/wp-json\/wp\/v2\/types\/product"}],"wp:attachment":[{"href":"https:\/\/roveyayinevi.com.tr\/index.php\/wp-json\/wp\/v2\/media?parent=719869"}],"wp:term":[{"taxonomy":"product_brand","embeddable":true,"href":"https:\/\/roveyayinevi.com.tr\/index.php\/wp-json\/wp\/v2\/product_brand?post=719869"},{"taxonomy":"product_cat","embeddable":true,"href":"https:\/\/roveyayinevi.com.tr\/index.php\/wp-json\/wp\/v2\/product_cat?post=719869"},{"taxonomy":"product_tag","embeddable":true,"href":"https:\/\/roveyayinevi.com.tr\/index.php\/wp-json\/wp\/v2\/product_tag?post=719869"}],"curies":[{"name":"wp","href":"https:\/\/api.w.org\/{rel}","templated":true}]}}