{"id":719868,"date":"2025-08-27T18:28:26","date_gmt":"2025-08-27T15:28:26","guid":{"rendered":"https:\/\/roveyayinevi.com.tr\/index.php\/urun\/bilincli-cehaletin-sosyolojisi\/"},"modified":"2026-04-16T02:27:55","modified_gmt":"2026-04-15T23:27:55","slug":"bilincli-cehaletin-sosyolojisi","status":"publish","type":"product","link":"https:\/\/roveyayinevi.com.tr\/index.php\/urun\/bilincli-cehaletin-sosyolojisi\/","title":{"rendered":"Bilin\u00e7li Cehaletin Sosyolojisi"},"content":{"rendered":"<p>Her alanda oldu\u011fu gibi mimarl\u0131kta da insanlar\u0131n b\u00fct\u00fcnle alakas\u0131n\u0131 kesmekle muvazzaf mektepler, modernitenin icad\u0131d\u0131r. Bu vazifeliler, \u00e2leme\/\u015fehre nizam vermenin devlet, m\u00fcteahhit i\u015f birli\u011fine ba\u011flanmas\u0131n\u0131n en \u00f6nemli tamamlay\u0131c\u0131 par\u00e7as\u0131d\u0131rlar. Mesleklerini ifa i\u00e7in pergel, cetvel, g\u00f6nye, iletki tak\u0131m\u0131 yeterlidir. Tabii, mezk\u00fbr haceti mimar ve m\u00fchendisler masada kullan\u0131r. Masada \u015fekil verip, sahaya\/arsaya iner uygularlar; modernizm de i\u015fte budur. \u0130nsana da masada \u015fekil verip, demokratik demokratik piyasaya monte etmiyorlar m\u0131? Ustalar genellikle bunlar\u0131 bilmez; \u201ckarar\u201d diye bir \u00f6l\u00e7\u00fcleri ve kadim\u00ee zamanlardan devrald\u0131klar\u0131 bir \u201cg\u00f6z terbiyesi\u201dne sahiptirler. Ortaya da nesilleri birbirine ba\u011flayan muhte\u015fem bir \u201cg\u00f6z karar\u0131\u201d \u00e7\u0131kar. Ba\u015f aletleri ise \u00e7ek\u00fcl, su terazisi ve \u201c\u00e7\u0131rp\u0131 ipi\u201ddir. \u015eehrin mimarisi, \u201cg\u00f6z karar\u0131\u201dn\u0131n tecellisi; kent ise masa ba\u015f\u0131nda dikte edilen bir karar\u0131n takdiridir. Piyasan\u0131n diktat\u00f6rl\u00fc\u011f\u00fcn\u00fc demokrasi diye yutturmak i\u00e7in, kent en ideal yerle\u015fkedir. <\/p>\n","protected":false},"excerpt":{"rendered":"<p>Her alanda oldu\u011fu gibi mimarl\u0131kta da insanlar\u0131n b\u00fct\u00fcnle alakas\u0131n\u0131 kesmekle muvazzaf mektepler, modernitenin icad\u0131d\u0131r. Bu vazifeliler, \u00e2leme\/\u015fehre nizam vermenin devlet, m\u00fcteahhit i\u015f birli\u011fine ba\u011flanmas\u0131n\u0131n en \u00f6nemli<span class=\"excerpt-hellip\"> [\u2026]<\/span><\/p>\n","protected":false},"featured_media":0,"template":"","meta":{"_monsterinsights_skip_tracking":false,"_monsterinsights_sitenote_active":false,"_monsterinsights_sitenote_note":"","_monsterinsights_sitenote_category":0},"product_brand":[],"product_cat":[12777,12291],"product_tag":[],"class_list":{"0":"post-719868","1":"product","2":"type-product","3":"status-publish","5":"product_cat-deneme","6":"product_cat-edebiyat","7":"pa_cilt-ciltsiz","8":"pa_tur-kitap","9":"pa_yayinevi-profil-kitap","10":"pa_yazar-berat-demirci","12":"first","13":"instock","14":"sale","15":"shipping-taxable","16":"purchasable","17":"product-type-simple"},"_links":{"self":[{"href":"https:\/\/roveyayinevi.com.tr\/index.php\/wp-json\/wp\/v2\/product\/719868","targetHints":{"allow":["GET"]}}],"collection":[{"href":"https:\/\/roveyayinevi.com.tr\/index.php\/wp-json\/wp\/v2\/product"}],"about":[{"href":"https:\/\/roveyayinevi.com.tr\/index.php\/wp-json\/wp\/v2\/types\/product"}],"wp:attachment":[{"href":"https:\/\/roveyayinevi.com.tr\/index.php\/wp-json\/wp\/v2\/media?parent=719868"}],"wp:term":[{"taxonomy":"product_brand","embeddable":true,"href":"https:\/\/roveyayinevi.com.tr\/index.php\/wp-json\/wp\/v2\/product_brand?post=719868"},{"taxonomy":"product_cat","embeddable":true,"href":"https:\/\/roveyayinevi.com.tr\/index.php\/wp-json\/wp\/v2\/product_cat?post=719868"},{"taxonomy":"product_tag","embeddable":true,"href":"https:\/\/roveyayinevi.com.tr\/index.php\/wp-json\/wp\/v2\/product_tag?post=719868"}],"curies":[{"name":"wp","href":"https:\/\/api.w.org\/{rel}","templated":true}]}}