{"id":719866,"date":"2025-08-27T18:28:24","date_gmt":"2025-08-27T15:28:24","guid":{"rendered":"https:\/\/roveyayinevi.com.tr\/index.php\/urun\/diyamandi\/"},"modified":"2026-04-11T02:34:52","modified_gmt":"2026-04-10T23:34:52","slug":"diyamandi","status":"publish","type":"product","link":"https:\/\/roveyayinevi.com.tr\/index.php\/urun\/diyamandi\/","title":{"rendered":"Diyamandi"},"content":{"rendered":"<p>Bir a\u015fk erbab\u0131 Yaman Dede\u2026 Mevl\u00e2n\u00e2\u2019n\u0131n dizeleriyle kar\u015f\u0131la\u015ft\u0131\u011f\u0131 g\u00fcn yanmaya ba\u015fl\u0131yor: \u201cDinle, bu ney neler anlat\u0131yor? Ayr\u0131l\u0131klardan nas\u0131l \u015fik\u00e2yet ediyor?\u201d Kendini yitiriyor. Bu hayata g\u00f6z yumup ba\u015fka bir \u00e2leme g\u00f6z a\u00e7\u0131yor. Art\u0131k kendini kalbini tan\u0131maya, anlamaya, bilmeye ad\u0131yor. Ve yaln\u0131zca O\u2019nunla can buluyor\u2026 Sad\u0131k Yals\u0131zu\u00e7anlar\u2019\u0131n ustal\u0131kl\u0131 kaleminden Diyamandi, bir aray\u0131\u015ftan ibaret olan insan\u0131n k\u00e2inat kadar b\u00fcy\u00fck bir mutlulu\u011fa ermesinin hik\u00e2yesi\u2026 \u201cAnlad\u0131m ki O\u2019nun sadece l\u00fctfu var, biz baz\u0131s\u0131na kah\u0131r diyoruz. \u0130\u00e7ime uzun s\u00fcre bakt\u0131m, orada yokluk g\u00f6rd\u00fcm. Yoklu\u011fun bask\u0131s\u0131 artt\u0131k\u00e7a ruhum daha da \u015fenlenecek. O\u2019ndan gelen her \u015fey g\u00fczel, O\u2019ndan gelen her ac\u0131 tatl\u0131&#8230;\u201d <\/p>\n","protected":false},"excerpt":{"rendered":"<p>Bir a\u015fk erbab\u0131 Yaman Dede\u2026 Mevl\u00e2n\u00e2\u2019n\u0131n dizeleriyle kar\u015f\u0131la\u015ft\u0131\u011f\u0131 g\u00fcn yanmaya ba\u015fl\u0131yor: \u201cDinle, bu ney neler anlat\u0131yor? Ayr\u0131l\u0131klardan nas\u0131l \u015fik\u00e2yet ediyor?\u201d Kendini yitiriyor. Bu hayata g\u00f6z yumup<span class=\"excerpt-hellip\"> [\u2026]<\/span><\/p>\n","protected":false},"featured_media":0,"template":"","meta":{"_monsterinsights_skip_tracking":false,"_monsterinsights_sitenote_active":false,"_monsterinsights_sitenote_note":"","_monsterinsights_sitenote_category":0},"product_brand":[],"product_cat":[12291,12711],"product_tag":[],"class_list":{"0":"post-719866","1":"product","2":"type-product","3":"status-publish","5":"product_cat-edebiyat","6":"product_cat-roman-oyku","7":"pa_cilt-ciltsiz","8":"pa_tur-kitap","9":"pa_yayinevi-profil-kitap","10":"pa_yazar-sadik-yalsizucanlar","12":"first","13":"instock","14":"sale","15":"shipping-taxable","16":"purchasable","17":"product-type-simple"},"_links":{"self":[{"href":"https:\/\/roveyayinevi.com.tr\/index.php\/wp-json\/wp\/v2\/product\/719866","targetHints":{"allow":["GET"]}}],"collection":[{"href":"https:\/\/roveyayinevi.com.tr\/index.php\/wp-json\/wp\/v2\/product"}],"about":[{"href":"https:\/\/roveyayinevi.com.tr\/index.php\/wp-json\/wp\/v2\/types\/product"}],"wp:attachment":[{"href":"https:\/\/roveyayinevi.com.tr\/index.php\/wp-json\/wp\/v2\/media?parent=719866"}],"wp:term":[{"taxonomy":"product_brand","embeddable":true,"href":"https:\/\/roveyayinevi.com.tr\/index.php\/wp-json\/wp\/v2\/product_brand?post=719866"},{"taxonomy":"product_cat","embeddable":true,"href":"https:\/\/roveyayinevi.com.tr\/index.php\/wp-json\/wp\/v2\/product_cat?post=719866"},{"taxonomy":"product_tag","embeddable":true,"href":"https:\/\/roveyayinevi.com.tr\/index.php\/wp-json\/wp\/v2\/product_tag?post=719866"}],"curies":[{"name":"wp","href":"https:\/\/api.w.org\/{rel}","templated":true}]}}