{"id":719865,"date":"2025-08-27T18:28:23","date_gmt":"2025-08-27T15:28:23","guid":{"rendered":"https:\/\/roveyayinevi.com.tr\/index.php\/urun\/benkendim-ve-sacim\/"},"modified":"2026-04-13T02:34:42","modified_gmt":"2026-04-12T23:34:42","slug":"benkendim-ve-sacim","status":"publish","type":"product","link":"https:\/\/roveyayinevi.com.tr\/index.php\/urun\/benkendim-ve-sacim\/","title":{"rendered":"Ben,Kendim Ve Sa\u00e7\u0131m"},"content":{"rendered":"<p>\u201cBen, Kendim ve Sa\u00e7\u0131m\u2019da kad\u0131nlar kendi k\u00f6klerini a\u00e7\u0131\u011fa \u00e7\u0131kar\u0131yor.\u201d Vanity Fair\u201cBu deneme antolojisi ki\u015filik, ili\u015fkiler, g\u00f6steri\u015f, kad\u0131nl\u0131k, ya\u015flanma ve toplum gibi birbirinden farkl\u0131 bir\u00e7ok konuyu ele al\u0131yor.\u201d The New York TimesBir kad\u0131na sa\u00e7\u0131 hakk\u0131nda soru sorarsan\u0131z size hayat hik\u00e2yesini anlatabilir. Birka\u00e7 kad\u0131na sa\u00e7lar\u0131 hakk\u0131nda soru sorarsan\u0131z, size d\u00fcnya tarihini bile anlatabilir.Samimi bir dille kaleme al\u0131nm\u0131\u015f, s\u00fcrprizlerle dolu, yer yer komik ve bilgilendirici denemelerden olu\u015fan Ben, Kendim ve Sa\u00e7\u0131m kad\u0131nlar\u0131n hayatlar\u0131n\u0131n yans\u0131mas\u0131; onlar\u0131n a\u015fk, aile, \u0131rk, din, gelenek, k\u00fclt\u00fcr, siyaset \u00fczerine fikir ve g\u00f6r\u00fc\u015flerinin beyan\u0131\u2026Uzun ya da k\u0131sa, kal\u0131n ya da ince telli; sa\u00e7\u0131m\u0131z bizim ihti\u015fam\u0131m\u0131z ve de ezel\u00ee d\u00fc\u015fman\u0131m\u0131zd\u0131r. Tarihimiz, \u00f6z sayg\u0131m\u0131z, ne\u015femiz ve f\u00e2nili\u011fimizdir. Her kad\u0131n, hayattaki bir\u00e7ok \u015feyin sa\u00e7tan daha \u00f6nemli oldu\u011funu bilir fakat bunlar\u0131n \u00e7ok az\u0131 g\u00fczel bir sa\u00e7 modeli kadar memnun edicidir.Sa\u00e7la ilgili tak\u0131nt\u0131lar\u0131m\u0131zla ba\u015f etmek kolay gibi g\u00f6z\u00fckse de bu sayfalardaki yazarlar\u0131n \u00e7ok az\u0131 bunu ba\u015farabiliyor. Bizler sa\u00e7lar\u0131 ciddiye al\u0131yoruz!\u201cBen, Kendim ve Sa\u00e7\u0131m\u2019da kad\u0131nlar kendi k\u00f6klerini a\u00e7\u0131\u011fa \u00e7\u0131kar\u0131yor.\u201d Vanity Fair\u201cBu deneme antolojisi ki\u015filik, ili\u015fkiler, g\u00f6steri\u015f, kad\u0131nl\u0131k, ya\u015flanma ve toplum gibi birbirinden farkl\u0131 bir\u00e7ok konuyu ele al\u0131yor.\u201d The New York Times<\/p>\n","protected":false},"excerpt":{"rendered":"<p>\u201cBen, Kendim ve Sa\u00e7\u0131m\u2019da kad\u0131nlar kendi k\u00f6klerini a\u00e7\u0131\u011fa \u00e7\u0131kar\u0131yor.\u201d Vanity Fair\u201cBu deneme antolojisi ki\u015filik, ili\u015fkiler, g\u00f6steri\u015f, kad\u0131nl\u0131k, ya\u015flanma ve toplum gibi birbirinden farkl\u0131 bir\u00e7ok konuyu ele<span class=\"excerpt-hellip\"> [\u2026]<\/span><\/p>\n","protected":false},"featured_media":0,"template":"","meta":{"_monsterinsights_skip_tracking":false,"_monsterinsights_sitenote_active":false,"_monsterinsights_sitenote_note":"","_monsterinsights_sitenote_category":0},"product_brand":[],"product_cat":[12777,12291],"product_tag":[],"class_list":{"0":"post-719865","1":"product","2":"type-product","3":"status-publish","5":"product_cat-deneme","6":"product_cat-edebiyat","7":"pa_cilt-ciltsiz","8":"pa_tur-kitap","9":"pa_yayinevi-profil-kitap","10":"pa_yazar-elizabeth-benedict","12":"first","13":"instock","14":"sale","15":"shipping-taxable","16":"purchasable","17":"product-type-simple"},"_links":{"self":[{"href":"https:\/\/roveyayinevi.com.tr\/index.php\/wp-json\/wp\/v2\/product\/719865","targetHints":{"allow":["GET"]}}],"collection":[{"href":"https:\/\/roveyayinevi.com.tr\/index.php\/wp-json\/wp\/v2\/product"}],"about":[{"href":"https:\/\/roveyayinevi.com.tr\/index.php\/wp-json\/wp\/v2\/types\/product"}],"wp:attachment":[{"href":"https:\/\/roveyayinevi.com.tr\/index.php\/wp-json\/wp\/v2\/media?parent=719865"}],"wp:term":[{"taxonomy":"product_brand","embeddable":true,"href":"https:\/\/roveyayinevi.com.tr\/index.php\/wp-json\/wp\/v2\/product_brand?post=719865"},{"taxonomy":"product_cat","embeddable":true,"href":"https:\/\/roveyayinevi.com.tr\/index.php\/wp-json\/wp\/v2\/product_cat?post=719865"},{"taxonomy":"product_tag","embeddable":true,"href":"https:\/\/roveyayinevi.com.tr\/index.php\/wp-json\/wp\/v2\/product_tag?post=719865"}],"curies":[{"name":"wp","href":"https:\/\/api.w.org\/{rel}","templated":true}]}}