{"id":719864,"date":"2025-08-27T18:28:23","date_gmt":"2025-08-27T15:28:23","guid":{"rendered":"https:\/\/roveyayinevi.com.tr\/index.php\/urun\/degerlere-suikast\/"},"modified":"2026-04-16T02:27:55","modified_gmt":"2026-04-15T23:27:55","slug":"degerlere-suikast","status":"publish","type":"product","link":"https:\/\/roveyayinevi.com.tr\/index.php\/urun\/degerlere-suikast\/","title":{"rendered":"De\u011ferlere Suikast"},"content":{"rendered":"<p>K\u00fclt\u00fcr bir toplumu milletle\u015ftiren, bir arada tutan manevi ve maddi de\u011ferler b\u00fct\u00fcn\u00fcd\u00fcr. T\u00fcrk milleti d\u00fcnya tarihinin en eski milletletmi\u015f ve varl\u0131\u011f\u0131n\u0131 bug\u00fcne ta\u015f\u0131m\u0131\u015f iki milletinden birisidir. Di\u011feri ise \u00c7in ulusudur. Ancak \u00c7in ulusu belirli bir co\u011frafyada varl\u0131\u011f\u0131n\u0131 s\u00fcrd\u00fcr\u00fcr iken T\u00fcrk milleti Asya-Avrupa ekseninde s\u00fcrekli hareket halinde devletler kurarak, uygarl\u0131klar ile kar\u015f\u0131la\u015farak, k\u00fclt\u00fcrler ile bazen bo\u011fu\u015farak bazen kucakla\u015farak k\u00fclt\u00fcrel kimli\u011fini muhafaza etmeyi ba\u015farm\u0131\u015ft\u0131r. T\u00fcrk k\u00fclt\u00fcr\u00fc bug\u00fcn k\u00fcreselle\u015fme ile kar\u015f\u0131 kar\u015f\u0131yad\u0131r. Kemal Mert T\u00fcrk k\u00fclt\u00fcr\u00fcn\u00fcn g\u00fcncel meselelerini tarihsel boyut i\u00e7inde ortaya koymu\u015f. Prof. Dr. \u00dcmit \u00d6ZDA\u011e Her \u00fclke; halk\u0131n\u0131, topraklar\u0131n\u0131, de\u011ferler sistemini ve ya\u015fama bi\u00e7imini yayg\u0131nla\u015ft\u0131rarak korur.  G\u00fcn\u00fcm\u00fcz tacirleri mal satmadan \u00f6nce o mal\u0131 talep edecek kavram\u0131 ve de\u011feri satarlar. \u015eirketler bile bir yandan mal satarak karlar\u0131n\u0131 maksimum yaparken di\u011fer yandan da \u00fclkelerinin de\u011fer yarg\u0131lar\u0131n\u0131, ya\u015fama bi\u00e7imlerini, e\u011flence, zevk ve kavramlar\u0131n\u0131 satarak karlar\u0131yla birlikte de\u011ferlerini de devaml\u0131 k\u0131lmaya \u00e7al\u0131\u015f\u0131rlar.Sat\u0131lanlar aras\u0131nda maldan daha \u00f6nemlisi de\u011ferlerdir. De\u011fer ve ya\u015fam bi\u00e7imlerinin yayg\u0131nl\u0131\u011f\u0131 g\u00fcn\u00fcm\u00fcz d\u00fcnyas\u0131nda milli g\u00fcvenlik sorunu olarak g\u00f6r\u00fclmektedir.Kemal Mert, \u201cDe\u011ferlere Suikast\u201d ba\u015fl\u0131\u011f\u0131 alt\u0131nda toplad\u0131\u011f\u0131 yaz\u0131lar\u0131yla bir milli hassasiyet yaratmaya ve dikkatleri h\u0131rpalanan, \u00f6rselenen de\u011ferler \u00fczerine \u00e7ekiyor. Sonu\u00e7ta de\u011ferleri korumak ger\u00e7ekte vatan\u0131 korumakt\u0131r! Prof. Dr. \u00d6zcan YEN\u0130\u00c7ER\u0130 <\/p>\n","protected":false},"excerpt":{"rendered":"<p>K\u00fclt\u00fcr bir toplumu milletle\u015ftiren, bir arada tutan manevi ve maddi de\u011ferler b\u00fct\u00fcn\u00fcd\u00fcr. T\u00fcrk milleti d\u00fcnya tarihinin en eski milletletmi\u015f ve varl\u0131\u011f\u0131n\u0131 bug\u00fcne ta\u015f\u0131m\u0131\u015f iki milletinden birisidir.<span class=\"excerpt-hellip\"> [\u2026]<\/span><\/p>\n","protected":false},"featured_media":0,"template":"","meta":{"_monsterinsights_skip_tracking":false,"_monsterinsights_sitenote_active":false,"_monsterinsights_sitenote_note":"","_monsterinsights_sitenote_category":0},"product_brand":[],"product_cat":[13590,12337],"product_tag":[],"class_list":{"0":"post-719864","1":"product","2":"type-product","3":"status-publish","5":"product_cat-arastirma-inceleme-politika-siyaset","6":"product_cat-politika-siyaset","7":"pa_cilt-ciltsiz","8":"pa_tur-kitap","9":"pa_yayinevi-perseus","10":"pa_yazar-kemal-mert","12":"first","13":"instock","14":"sale","15":"shipping-taxable","16":"purchasable","17":"product-type-simple"},"_links":{"self":[{"href":"https:\/\/roveyayinevi.com.tr\/index.php\/wp-json\/wp\/v2\/product\/719864","targetHints":{"allow":["GET"]}}],"collection":[{"href":"https:\/\/roveyayinevi.com.tr\/index.php\/wp-json\/wp\/v2\/product"}],"about":[{"href":"https:\/\/roveyayinevi.com.tr\/index.php\/wp-json\/wp\/v2\/types\/product"}],"wp:attachment":[{"href":"https:\/\/roveyayinevi.com.tr\/index.php\/wp-json\/wp\/v2\/media?parent=719864"}],"wp:term":[{"taxonomy":"product_brand","embeddable":true,"href":"https:\/\/roveyayinevi.com.tr\/index.php\/wp-json\/wp\/v2\/product_brand?post=719864"},{"taxonomy":"product_cat","embeddable":true,"href":"https:\/\/roveyayinevi.com.tr\/index.php\/wp-json\/wp\/v2\/product_cat?post=719864"},{"taxonomy":"product_tag","embeddable":true,"href":"https:\/\/roveyayinevi.com.tr\/index.php\/wp-json\/wp\/v2\/product_tag?post=719864"}],"curies":[{"name":"wp","href":"https:\/\/api.w.org\/{rel}","templated":true}]}}