{"id":719860,"date":"2025-08-27T18:28:19","date_gmt":"2025-08-27T15:28:19","guid":{"rendered":"https:\/\/roveyayinevi.com.tr\/index.php\/urun\/budizm-101\/"},"modified":"2026-04-16T02:27:55","modified_gmt":"2026-04-15T23:27:55","slug":"budizm-101","status":"publish","type":"product","link":"https:\/\/roveyayinevi.com.tr\/index.php\/urun\/budizm-101\/","title":{"rendered":"Budizm 101"},"content":{"rendered":"<p>Budizm, son elli y\u0131ld\u0131r, bar\u0131\u015f\u00e7\u0131l ilkeleri ve fark\u0131ndal\u0131\u011fa odaklanmas\u0131yla bilginler ve du\u0308\u015fu\u0308nu\u0308rler kadar s\u0131radan insanlar\u0131n da ilgisini \u00e7ekiyor. Budizm\u2019in binlerce y\u0131ll\u0131k tarihi ve \u00e7ok say\u0131daki kutsal metni hakk\u0131nda ayr\u0131nt\u0131l\u0131 bilgiler alabilece\u011finiz kitaplar var; fakat biz sizi bu zahmetten kurtarmak istedik: Budizm 101 ile Buda\u2019n\u0131n hayat\u0131n\u0131, D\u00f6rt Asil Ger\u00e7e\u011fi ve nirvana, karma, samsara gibi kavramlar\u0131 \u00f6\u011frenebilir, yeniden do\u011fu\u015fun gizemlerini ke\u015ffedebilirsiniz. Bu kitapta, h\u0131zland\u0131r\u0131lm\u0131\u015f bir Budizm kursu sizi bekliyor&#8230; <\/p>\n","protected":false},"excerpt":{"rendered":"<p>Budizm, son elli y\u0131ld\u0131r, bar\u0131\u015f\u00e7\u0131l ilkeleri ve fark\u0131ndal\u0131\u011fa odaklanmas\u0131yla bilginler ve du\u0308\u015fu\u0308nu\u0308rler kadar s\u0131radan insanlar\u0131n da ilgisini \u00e7ekiyor. Budizm\u2019in binlerce y\u0131ll\u0131k tarihi ve \u00e7ok say\u0131daki kutsal<span class=\"excerpt-hellip\"> [\u2026]<\/span><\/p>\n","protected":false},"featured_media":0,"template":"","meta":{"_monsterinsights_skip_tracking":false,"_monsterinsights_sitenote_active":false,"_monsterinsights_sitenote_note":"","_monsterinsights_sitenote_category":0},"product_brand":[],"product_cat":[12718,12858],"product_tag":[],"class_list":{"0":"post-719860","1":"product","2":"type-product","3":"status-publish","5":"product_cat-din","6":"product_cat-mitolojiler","7":"pa_cilt-ciltsiz","8":"pa_tur-kitap","9":"pa_yayinevi-say-yayinlari","10":"pa_yazar-arnie-kozak","12":"first","13":"instock","14":"sale","15":"shipping-taxable","16":"purchasable","17":"product-type-simple"},"_links":{"self":[{"href":"https:\/\/roveyayinevi.com.tr\/index.php\/wp-json\/wp\/v2\/product\/719860","targetHints":{"allow":["GET"]}}],"collection":[{"href":"https:\/\/roveyayinevi.com.tr\/index.php\/wp-json\/wp\/v2\/product"}],"about":[{"href":"https:\/\/roveyayinevi.com.tr\/index.php\/wp-json\/wp\/v2\/types\/product"}],"wp:attachment":[{"href":"https:\/\/roveyayinevi.com.tr\/index.php\/wp-json\/wp\/v2\/media?parent=719860"}],"wp:term":[{"taxonomy":"product_brand","embeddable":true,"href":"https:\/\/roveyayinevi.com.tr\/index.php\/wp-json\/wp\/v2\/product_brand?post=719860"},{"taxonomy":"product_cat","embeddable":true,"href":"https:\/\/roveyayinevi.com.tr\/index.php\/wp-json\/wp\/v2\/product_cat?post=719860"},{"taxonomy":"product_tag","embeddable":true,"href":"https:\/\/roveyayinevi.com.tr\/index.php\/wp-json\/wp\/v2\/product_tag?post=719860"}],"curies":[{"name":"wp","href":"https:\/\/api.w.org\/{rel}","templated":true}]}}