{"id":719859,"date":"2025-08-27T18:28:19","date_gmt":"2025-08-27T15:28:19","guid":{"rendered":"https:\/\/roveyayinevi.com.tr\/index.php\/urun\/kolestrol-yalan-mi-gercek-mi\/"},"modified":"2026-04-16T02:27:55","modified_gmt":"2026-04-15T23:27:55","slug":"kolestrol-yalan-mi-gercek-mi","status":"publish","type":"product","link":"https:\/\/roveyayinevi.com.tr\/index.php\/urun\/kolestrol-yalan-mi-gercek-mi\/","title":{"rendered":"Kolestrol Yalan m\u0131 ? Ger\u00e7ek mi?"},"content":{"rendered":"<p>Kolesterol y\u00fcksekli\u011fi ki\u015fiyi acile g\u00f6t\u00fcrecek bir klinik durum de\u011fildir. Her kolesterol y\u00fcksekli\u011fi olan ki\u015fide aniden damar t\u0131kan\u0131kl\u0131\u011f\u0131 olu\u015fmaz. Kolesterol y\u00fcksekli\u011fi uzun vadede damarlarda birikerek damar sertli\u011fine ve kalp damar hastal\u0131\u011f\u0131na yol a\u00e7ar. Kolesterol d\u00fc\u015f\u00fcr\u00fcc\u00fc tedavinin faydas\u0131 da zaman i\u00e7inde daha net olarak ortaya \u00e7\u0131kar. Dikkatli olunmas\u0131 gereken durumlardan biri ciddi ya\u011f\u0131 miktar\u0131 trigliserid y\u00fcksekli\u011fi olan ki\u015filerdir. Kolesterol\u00fcn tam olarak ne oldu\u011funu \u00f6\u011frenmek istiyorsan\u0131z; Kolesterol de\u011ferleriniz ile ba\u015f\u0131n\u0131z dertte ise; Kolesterol ile ilgili kafan\u0131zda soru i\u015faretleri varsa; Medyadaki kolesterol bilgi kirli\u011finin i\u00e7inde kaybolduysan\u0131z; Ya\u015fam \u015feklinizinkolesterol \u00fczerindeki etkisini g\u00f6rmek istiyorsan\u0131z; G\u00fcnl\u00fck al\u0131\u015fkanl\u0131klar\u0131n\u0131z\u0131n kolesterol \u00fczerindeki etkisini merak ediyorsan\u0131z; \u0130la\u00e7s\u0131z kolesterol d\u00fc\u015f\u00fcrme yollar\u0131n\u0131 merak ediyorsan\u0131z; Kolesterol tedavisi i\u00e7in alternatif tedavi yollar\u0131 ar\u0131yorsan\u0131z; Kolesterol hakk\u0131nda objektif fikir almak istiyorsan\u0131z; Kolesterol ila\u00e7lar\u0131n\u0131n g\u00fcvenli\u011fi ile ilgili ku\u015fkular\u0131n\u0131z varsa <\/p>\n","protected":false},"excerpt":{"rendered":"<p>Kolesterol y\u00fcksekli\u011fi ki\u015fiyi acile g\u00f6t\u00fcrecek bir klinik durum de\u011fildir. Her kolesterol y\u00fcksekli\u011fi olan ki\u015fide aniden damar t\u0131kan\u0131kl\u0131\u011f\u0131 olu\u015fmaz. Kolesterol y\u00fcksekli\u011fi uzun vadede damarlarda birikerek damar sertli\u011fine<span class=\"excerpt-hellip\"> [\u2026]<\/span><\/p>\n","protected":false},"featured_media":0,"template":"","meta":{"_monsterinsights_skip_tracking":false,"_monsterinsights_sitenote_active":false,"_monsterinsights_sitenote_note":"","_monsterinsights_sitenote_category":0},"product_brand":[],"product_cat":[16965,13365],"product_tag":[],"class_list":{"0":"post-719859","1":"product","2":"type-product","3":"status-publish","5":"product_cat-genel-saglik-kitaplari","6":"product_cat-saglik","7":"pa_cilt-ciltsiz","8":"pa_tur-kitap","9":"pa_yayinevi-nergiz-yayinlari","10":"pa_yazar-ahmet-karabulut","12":"first","13":"instock","14":"sale","15":"shipping-taxable","16":"purchasable","17":"product-type-simple"},"_links":{"self":[{"href":"https:\/\/roveyayinevi.com.tr\/index.php\/wp-json\/wp\/v2\/product\/719859","targetHints":{"allow":["GET"]}}],"collection":[{"href":"https:\/\/roveyayinevi.com.tr\/index.php\/wp-json\/wp\/v2\/product"}],"about":[{"href":"https:\/\/roveyayinevi.com.tr\/index.php\/wp-json\/wp\/v2\/types\/product"}],"wp:attachment":[{"href":"https:\/\/roveyayinevi.com.tr\/index.php\/wp-json\/wp\/v2\/media?parent=719859"}],"wp:term":[{"taxonomy":"product_brand","embeddable":true,"href":"https:\/\/roveyayinevi.com.tr\/index.php\/wp-json\/wp\/v2\/product_brand?post=719859"},{"taxonomy":"product_cat","embeddable":true,"href":"https:\/\/roveyayinevi.com.tr\/index.php\/wp-json\/wp\/v2\/product_cat?post=719859"},{"taxonomy":"product_tag","embeddable":true,"href":"https:\/\/roveyayinevi.com.tr\/index.php\/wp-json\/wp\/v2\/product_tag?post=719859"}],"curies":[{"name":"wp","href":"https:\/\/api.w.org\/{rel}","templated":true}]}}