{"id":719857,"date":"2025-08-27T18:28:17","date_gmt":"2025-08-27T15:28:17","guid":{"rendered":"https:\/\/roveyayinevi.com.tr\/index.php\/urun\/gezegenler-arasi-yolculuk-efsane-tayfa-4\/"},"modified":"2026-04-16T02:27:55","modified_gmt":"2026-04-15T23:27:55","slug":"gezegenler-arasi-yolculuk-efsane-tayfa-4","status":"publish","type":"product","link":"https:\/\/roveyayinevi.com.tr\/index.php\/urun\/gezegenler-arasi-yolculuk-efsane-tayfa-4\/","title":{"rendered":"Gezegenler Aras\u0131 Yolculuk &#8211; Efsane Tayfa 4"},"content":{"rendered":"<p>\u201cMerak etme benim g\u00fczel D\u00fcnya\u2019m, Mars\u2019ta da olsa seni b\u0131rakmam\u2026\u201d         Efsane Tayfa\u2019n\u0131n birbirinden e\u011flenceli maceralar\u0131 devam ediyor. Tayfa \u015fimdi g\u00f6ky\u00fcz\u00fcnde, uzay\u0131n derinliklerinde\u2026 S\u00fcper Kaptan Sarp uzayda neler yap\u0131yor? Misket oynarken birden bilim merak\u0131 artan tayfa, kendilerini Gezegen Tiyatrosu kurarken buluyor. Gezegenlerin pe\u015fine d\u00fc\u015f\u00fcyor, ara\u015ft\u0131r\u0131yor, bir de anlat\u0131yorlar. \u00dcstelik de sahnede! Ne zaman g\u00f6z\u00fcn\u00fc kapatsa hayale dalan ve s\u00fcper kahraman olarak uyanan Sarp, tayfas\u0131yla birlikte G\u00fcne\u015f Sistemi\u2019ni \u00e7ok e\u011flenceli bir \u015fekilde sahneye koyuyor. Uzay hakk\u0131nda neler bildiklerini merak ediyorsan macera seni bekliyor.  Unutmadan! Sarp hayale dal\u0131nca herkes kendini bir \u00e7izgi roman\u0131n i\u00e7inde buluyor!Haydi gel, e\u011flence seni bekliyor\u2026<\/p>\n","protected":false},"excerpt":{"rendered":"<p>\u201cMerak etme benim g\u00fczel D\u00fcnya\u2019m, Mars\u2019ta da olsa seni b\u0131rakmam\u2026\u201d Efsane Tayfa\u2019n\u0131n birbirinden e\u011flenceli maceralar\u0131 devam ediyor. Tayfa \u015fimdi g\u00f6ky\u00fcz\u00fcnde, uzay\u0131n derinliklerinde\u2026 S\u00fcper Kaptan Sarp uzayda<span class=\"excerpt-hellip\"> [\u2026]<\/span><\/p>\n","protected":false},"featured_media":0,"template":"","meta":{"_monsterinsights_skip_tracking":false,"_monsterinsights_sitenote_active":false,"_monsterinsights_sitenote_note":"","_monsterinsights_sitenote_category":0},"product_brand":[],"product_cat":[12274,12284],"product_tag":[],"class_list":{"0":"post-719857","1":"product","2":"type-product","3":"status-publish","5":"product_cat-cocuk-ve-genclik-kitaplari","6":"product_cat-hikayeler","7":"pa_cilt-ciltsiz","8":"pa_tur-kitap","9":"pa_yayinevi-mavi-kirpi-yayinlari","10":"pa_yazar-irfan-gurkan-celebi","12":"first","13":"instock","14":"sale","15":"shipping-taxable","16":"purchasable","17":"product-type-simple"},"_links":{"self":[{"href":"https:\/\/roveyayinevi.com.tr\/index.php\/wp-json\/wp\/v2\/product\/719857","targetHints":{"allow":["GET"]}}],"collection":[{"href":"https:\/\/roveyayinevi.com.tr\/index.php\/wp-json\/wp\/v2\/product"}],"about":[{"href":"https:\/\/roveyayinevi.com.tr\/index.php\/wp-json\/wp\/v2\/types\/product"}],"wp:attachment":[{"href":"https:\/\/roveyayinevi.com.tr\/index.php\/wp-json\/wp\/v2\/media?parent=719857"}],"wp:term":[{"taxonomy":"product_brand","embeddable":true,"href":"https:\/\/roveyayinevi.com.tr\/index.php\/wp-json\/wp\/v2\/product_brand?post=719857"},{"taxonomy":"product_cat","embeddable":true,"href":"https:\/\/roveyayinevi.com.tr\/index.php\/wp-json\/wp\/v2\/product_cat?post=719857"},{"taxonomy":"product_tag","embeddable":true,"href":"https:\/\/roveyayinevi.com.tr\/index.php\/wp-json\/wp\/v2\/product_tag?post=719857"}],"curies":[{"name":"wp","href":"https:\/\/api.w.org\/{rel}","templated":true}]}}