{"id":719853,"date":"2025-08-27T18:28:14","date_gmt":"2025-08-27T15:28:14","guid":{"rendered":"https:\/\/roveyayinevi.com.tr\/index.php\/urun\/gokdeniz-dunya-turunda-2-sinif-10-kitap\/"},"modified":"2026-04-16T02:27:55","modified_gmt":"2026-04-15T23:27:55","slug":"gokdeniz-dunya-turunda-2-sinif-10-kitap","status":"publish","type":"product","link":"https:\/\/roveyayinevi.com.tr\/index.php\/urun\/gokdeniz-dunya-turunda-2-sinif-10-kitap\/","title":{"rendered":"G\u00f6kdeniz D\u00fcnya Turunda (2. S\u0131n\u0131f 10 Kitap)"},"content":{"rendered":"<p>G\u00f6zlerini kapatarak g\u00f6rebilir misin? Ya da g\u00f6zlerin kapal\u0131yken d\u00fcnyay\u0131 gezebilir misin?D\u00fcmyan\u0131n en iyi rehberi ile birlikte , hareketli bir s\u0131n\u0131f ve anlay\u0131\u015fl\u0131 bir \u00f6\u011fretmen. S\u00fcrekli b\u00fcy\u00fcyen bir sevgi ve her hikayeden artan heyecan.Gezmek ve g\u00f6rmek i\u00e7in gz\u00f6lerinin a\u00e7\u0131k olmas\u0131na gerek yok. Hayal  g\u00fcc\u00fcnde s\u0131n\u0131r olmad\u0131\u011f\u0131n\u0131 , e\u011flenmek i\u00e7in gerekli malzemelerini sende sakl\u0131 oldu\u011funu ke\u015ffet.Haydi s\u0131ra send de kapat g\u00f6zlerini&#8230;<\/p>\n","protected":false},"excerpt":{"rendered":"<p>G\u00f6zlerini kapatarak g\u00f6rebilir misin? Ya da g\u00f6zlerin kapal\u0131yken d\u00fcnyay\u0131 gezebilir misin?D\u00fcmyan\u0131n en iyi rehberi ile birlikte , hareketli bir s\u0131n\u0131f ve anlay\u0131\u015fl\u0131 bir \u00f6\u011fretmen. S\u00fcrekli b\u00fcy\u00fcyen<span class=\"excerpt-hellip\"> [\u2026]<\/span><\/p>\n","protected":false},"featured_media":0,"template":"","meta":{"_monsterinsights_skip_tracking":false,"_monsterinsights_sitenote_active":false,"_monsterinsights_sitenote_note":"","_monsterinsights_sitenote_category":0},"product_brand":[],"product_cat":[12274,12284],"product_tag":[],"class_list":{"0":"post-719853","1":"product","2":"type-product","3":"status-publish","5":"product_cat-cocuk-ve-genclik-kitaplari","6":"product_cat-hikayeler","7":"pa_cilt-ciltsiz","8":"pa_tur-kitap","9":"pa_yayinevi-mavi-kirpi-yayinlari","10":"pa_yazar-vildan-ozdemir","12":"first","13":"instock","14":"sale","15":"shipping-taxable","16":"purchasable","17":"product-type-simple"},"_links":{"self":[{"href":"https:\/\/roveyayinevi.com.tr\/index.php\/wp-json\/wp\/v2\/product\/719853","targetHints":{"allow":["GET"]}}],"collection":[{"href":"https:\/\/roveyayinevi.com.tr\/index.php\/wp-json\/wp\/v2\/product"}],"about":[{"href":"https:\/\/roveyayinevi.com.tr\/index.php\/wp-json\/wp\/v2\/types\/product"}],"wp:attachment":[{"href":"https:\/\/roveyayinevi.com.tr\/index.php\/wp-json\/wp\/v2\/media?parent=719853"}],"wp:term":[{"taxonomy":"product_brand","embeddable":true,"href":"https:\/\/roveyayinevi.com.tr\/index.php\/wp-json\/wp\/v2\/product_brand?post=719853"},{"taxonomy":"product_cat","embeddable":true,"href":"https:\/\/roveyayinevi.com.tr\/index.php\/wp-json\/wp\/v2\/product_cat?post=719853"},{"taxonomy":"product_tag","embeddable":true,"href":"https:\/\/roveyayinevi.com.tr\/index.php\/wp-json\/wp\/v2\/product_tag?post=719853"}],"curies":[{"name":"wp","href":"https:\/\/api.w.org\/{rel}","templated":true}]}}