{"id":719852,"date":"2025-08-27T18:28:13","date_gmt":"2025-08-27T15:28:13","guid":{"rendered":"https:\/\/roveyayinevi.com.tr\/index.php\/urun\/akil-almaz-maceralar-4-sinif-10-kitap-set\/"},"modified":"2025-09-19T10:54:08","modified_gmt":"2025-09-19T07:54:08","slug":"akil-almaz-maceralar-4-sinif-10-kitap-set","status":"publish","type":"product","link":"https:\/\/roveyayinevi.com.tr\/index.php\/urun\/akil-almaz-maceralar-4-sinif-10-kitap-set\/","title":{"rendered":"Ak\u0131l Almaz Maceralar (4. S\u0131n\u0131f 10 Kitap Set)"},"content":{"rendered":"<p>4. S\u0131n\u0131flara hitap eden kitapta 10 farkl\u0131 maceraya yelken a\u00e7acaks\u0131n\u0131z.Fakat bu hikayelerde sadece macera m\u0131 var?  Tabi ki hay\u0131r! Analitik ve bilimsel d\u00fc\u015f\u00fcnme , problem \u00e7\u00f6zme , payla\u015fmak , arkada\u015fl\u0131k gibi de\u011ferler bu hikayelerle birlikte kitaplar\u0131n i\u00e7inde&#8230; \u00dcstelik hikayelere dair etkinlikler , bulmacalar , sorularla birlikte..Okumak isteyenlere, okumay\u0131 sevenlere&#8230;<\/p>\n","protected":false},"excerpt":{"rendered":"<p>4. S\u0131n\u0131flara hitap eden kitapta 10 farkl\u0131 maceraya yelken a\u00e7acaks\u0131n\u0131z.Fakat bu hikayelerde sadece macera m\u0131 var? Tabi ki hay\u0131r! Analitik ve bilimsel d\u00fc\u015f\u00fcnme , problem \u00e7\u00f6zme<span class=\"excerpt-hellip\"> [\u2026]<\/span><\/p>\n","protected":false},"featured_media":0,"template":"","meta":{"_monsterinsights_skip_tracking":false,"_monsterinsights_sitenote_active":false,"_monsterinsights_sitenote_note":"","_monsterinsights_sitenote_category":0},"product_brand":[],"product_cat":[12274,12284],"product_tag":[],"class_list":{"0":"post-719852","1":"product","2":"type-product","3":"status-publish","5":"product_cat-cocuk-ve-genclik-kitaplari","6":"product_cat-hikayeler","7":"pa_cilt-ciltsiz","8":"pa_tur-kitap","9":"pa_yayinevi-mavi-kirpi-yayinlari","10":"pa_yazar-yusuf-pazarci","12":"first","13":"instock","14":"sale","15":"shipping-taxable","16":"purchasable","17":"product-type-simple"},"_links":{"self":[{"href":"https:\/\/roveyayinevi.com.tr\/index.php\/wp-json\/wp\/v2\/product\/719852","targetHints":{"allow":["GET"]}}],"collection":[{"href":"https:\/\/roveyayinevi.com.tr\/index.php\/wp-json\/wp\/v2\/product"}],"about":[{"href":"https:\/\/roveyayinevi.com.tr\/index.php\/wp-json\/wp\/v2\/types\/product"}],"wp:attachment":[{"href":"https:\/\/roveyayinevi.com.tr\/index.php\/wp-json\/wp\/v2\/media?parent=719852"}],"wp:term":[{"taxonomy":"product_brand","embeddable":true,"href":"https:\/\/roveyayinevi.com.tr\/index.php\/wp-json\/wp\/v2\/product_brand?post=719852"},{"taxonomy":"product_cat","embeddable":true,"href":"https:\/\/roveyayinevi.com.tr\/index.php\/wp-json\/wp\/v2\/product_cat?post=719852"},{"taxonomy":"product_tag","embeddable":true,"href":"https:\/\/roveyayinevi.com.tr\/index.php\/wp-json\/wp\/v2\/product_tag?post=719852"}],"curies":[{"name":"wp","href":"https:\/\/api.w.org\/{rel}","templated":true}]}}