{"id":719848,"date":"2025-08-27T18:28:10","date_gmt":"2025-08-27T15:28:10","guid":{"rendered":"https:\/\/roveyayinevi.com.tr\/index.php\/urun\/anadolunun-unutulmaz-sokak-oyunlari\/"},"modified":"2026-04-16T02:27:55","modified_gmt":"2026-04-15T23:27:55","slug":"anadolunun-unutulmaz-sokak-oyunlari","status":"publish","type":"product","link":"https:\/\/roveyayinevi.com.tr\/index.php\/urun\/anadolunun-unutulmaz-sokak-oyunlari\/","title":{"rendered":"Anadolu&#8217;nun Unutulmaz Sokak Oyunlar\u0131"},"content":{"rendered":"<p>Anadolu&#8217;nun hemen her k\u00f6y\u00fcnde her kasabas\u0131nda y\u00fczy\u0131llard\u0131r oynanan sokak oyunlar\u0131 vard\u0131r. Bunlar\u0131 \u00e7ocuklar kimi zaman da yeti\u015fkinler oynarlar. Oyunlar\u0131 ve nas\u0131l oynand\u0131klar\u0131n\u0131 bilirdik. Ancak \u015fehirle\u015fme ve sosyal ya\u015famdaki de\u011fi\u015fim, \u00e7ocuklar\u0131n apartmanlarda s\u0131k\u0131\u015f\u0131p kalmalar\u0131na sebep oldu. \u00c7ocuklar\u0131n, gen\u00e7lerin ve ebeveynlerin ellerinde cep telefonu ve oyunlar oradan oynan\u0131yor. Oynanan oyunlar art\u0131k bizim de\u011fil, i\u00e7lerinde bizim k\u00fclt\u00fcr ve tarihimizden hi\u00e7bir \u015fey yok, aksine bu oyunlar zaman zaman k\u00fclt\u00fcr\u00fcm\u00fcz\u00fc ve de\u011ferlerimizi k\u00f6t\u00fclemektedirler.Bu kitap ile okurlara unutulmaz oyunlar\u0131m\u0131z\u0131 unutturmamak i\u00e7in k\u00fc\u00e7\u00fck bir ad\u0131m at\u0131lm\u0131\u015ft\u0131r. Devam\u0131 gelmeli. <\/p>\n","protected":false},"excerpt":{"rendered":"<p>Anadolu&#8217;nun hemen her k\u00f6y\u00fcnde her kasabas\u0131nda y\u00fczy\u0131llard\u0131r oynanan sokak oyunlar\u0131 vard\u0131r. Bunlar\u0131 \u00e7ocuklar kimi zaman da yeti\u015fkinler oynarlar. Oyunlar\u0131 ve nas\u0131l oynand\u0131klar\u0131n\u0131 bilirdik. Ancak \u015fehirle\u015fme ve<span class=\"excerpt-hellip\"> [\u2026]<\/span><\/p>\n","protected":false},"featured_media":0,"template":"","meta":{"_monsterinsights_skip_tracking":false,"_monsterinsights_sitenote_active":false,"_monsterinsights_sitenote_note":"","_monsterinsights_sitenote_category":0},"product_brand":[],"product_cat":[13072,12291],"product_tag":[],"class_list":{"0":"post-719848","1":"product","2":"type-product","3":"status-publish","5":"product_cat-arastirma-inceleme-referans","6":"product_cat-edebiyat","7":"pa_cilt-ciltsiz","8":"pa_tur-kitap","9":"pa_yayinevi-omca-yayinlari","10":"pa_yazar-ahmet-sari","12":"first","13":"instock","14":"sale","15":"shipping-taxable","16":"purchasable","17":"product-type-simple"},"_links":{"self":[{"href":"https:\/\/roveyayinevi.com.tr\/index.php\/wp-json\/wp\/v2\/product\/719848","targetHints":{"allow":["GET"]}}],"collection":[{"href":"https:\/\/roveyayinevi.com.tr\/index.php\/wp-json\/wp\/v2\/product"}],"about":[{"href":"https:\/\/roveyayinevi.com.tr\/index.php\/wp-json\/wp\/v2\/types\/product"}],"wp:attachment":[{"href":"https:\/\/roveyayinevi.com.tr\/index.php\/wp-json\/wp\/v2\/media?parent=719848"}],"wp:term":[{"taxonomy":"product_brand","embeddable":true,"href":"https:\/\/roveyayinevi.com.tr\/index.php\/wp-json\/wp\/v2\/product_brand?post=719848"},{"taxonomy":"product_cat","embeddable":true,"href":"https:\/\/roveyayinevi.com.tr\/index.php\/wp-json\/wp\/v2\/product_cat?post=719848"},{"taxonomy":"product_tag","embeddable":true,"href":"https:\/\/roveyayinevi.com.tr\/index.php\/wp-json\/wp\/v2\/product_tag?post=719848"}],"curies":[{"name":"wp","href":"https:\/\/api.w.org\/{rel}","templated":true}]}}