{"id":719847,"date":"2025-08-27T18:28:10","date_gmt":"2025-08-27T15:28:10","guid":{"rendered":"https:\/\/roveyayinevi.com.tr\/index.php\/urun\/siz-de-bulus-yapabilirsiniz\/"},"modified":"2026-04-16T02:27:55","modified_gmt":"2026-04-15T23:27:55","slug":"siz-de-bulus-yapabilirsiniz","status":"publish","type":"product","link":"https:\/\/roveyayinevi.com.tr\/index.php\/urun\/siz-de-bulus-yapabilirsiniz\/","title":{"rendered":"Siz de Bulu\u015f Yapabilirsiniz"},"content":{"rendered":"<p>Bulu\u015f yapmak s\u00f6z konusu oldu\u011funda, eline kalem almam\u0131\u015f herhangi biri bile Leonardo da Vinci ya da Albert Einstein ile ayn\u0131 noktadad\u0131r!Herkes mucit olabilir, herkes bulu\u015f yapabilir. \u00d6nemli olan, bu bulu\u015flar\u0131n nas\u0131l yaz\u0131l\u0131 h\u00e2le getirilece\u011fini \u00f6\u011frenmektir. Siz de fikirlerinizi hayata ge\u00e7irip bir mucit olabilir, bulu\u015flar\u0131n\u0131z\u0131n patentini alabilirsiniz.Elinizdeki kitap, bulu\u015f ve patent ba\u015fvurusu alan\u0131nda d\u00fcnya s\u0131ralamas\u0131n\u0131n alt s\u0131ralar\u0131nda bulunan insan\u0131m\u0131z\u0131 cesaretlendirmeyi, bulu\u015flar\u0131yla \u00fclkesine katk\u0131 yapar h\u00e2le gelmesini sa\u011flamay\u0131 ama\u00e7lamaktad\u0131r.Bu kitap, fikirlerinizi nas\u0131l ifade edebilece\u011finiz konusunda size yol g\u00f6sterecek ve kolayca anla\u015f\u0131labilen, fikirlerinizin yolunu a\u00e7an bir k\u0131lavuz olarak en b\u00fcy\u00fck deste\u011finiz olacakt\u0131r.<\/p>\n","protected":false},"excerpt":{"rendered":"<p>Bulu\u015f yapmak s\u00f6z konusu oldu\u011funda, eline kalem almam\u0131\u015f herhangi biri bile Leonardo da Vinci ya da Albert Einstein ile ayn\u0131 noktadad\u0131r!Herkes mucit olabilir, herkes bulu\u015f yapabilir.<span class=\"excerpt-hellip\"> [\u2026]<\/span><\/p>\n","protected":false},"featured_media":0,"template":"","meta":{"_monsterinsights_skip_tracking":false,"_monsterinsights_sitenote_active":false,"_monsterinsights_sitenote_note":"","_monsterinsights_sitenote_category":0},"product_brand":[],"product_cat":[12364,16266],"product_tag":[],"class_list":{"0":"post-719847","1":"product","2":"type-product","3":"status-publish","5":"product_cat-genel-konular","6":"product_cat-referans-kaynak-kitap","7":"pa_cilt-ciltsiz","8":"pa_tur-kitap","9":"pa_yayinevi-akil-celen-kitaplar","10":"pa_yazar-m-kaan-dericioglu","12":"first","13":"instock","14":"sale","15":"shipping-taxable","16":"purchasable","17":"product-type-simple"},"_links":{"self":[{"href":"https:\/\/roveyayinevi.com.tr\/index.php\/wp-json\/wp\/v2\/product\/719847","targetHints":{"allow":["GET"]}}],"collection":[{"href":"https:\/\/roveyayinevi.com.tr\/index.php\/wp-json\/wp\/v2\/product"}],"about":[{"href":"https:\/\/roveyayinevi.com.tr\/index.php\/wp-json\/wp\/v2\/types\/product"}],"wp:attachment":[{"href":"https:\/\/roveyayinevi.com.tr\/index.php\/wp-json\/wp\/v2\/media?parent=719847"}],"wp:term":[{"taxonomy":"product_brand","embeddable":true,"href":"https:\/\/roveyayinevi.com.tr\/index.php\/wp-json\/wp\/v2\/product_brand?post=719847"},{"taxonomy":"product_cat","embeddable":true,"href":"https:\/\/roveyayinevi.com.tr\/index.php\/wp-json\/wp\/v2\/product_cat?post=719847"},{"taxonomy":"product_tag","embeddable":true,"href":"https:\/\/roveyayinevi.com.tr\/index.php\/wp-json\/wp\/v2\/product_tag?post=719847"}],"curies":[{"name":"wp","href":"https:\/\/api.w.org\/{rel}","templated":true}]}}