{"id":719846,"date":"2025-08-27T18:28:09","date_gmt":"2025-08-27T15:28:09","guid":{"rendered":"https:\/\/roveyayinevi.com.tr\/index.php\/urun\/bir-kadinin-aynadaki-yansimasi\/"},"modified":"2026-04-16T02:27:54","modified_gmt":"2026-04-15T23:27:54","slug":"bir-kadinin-aynadaki-yansimasi","status":"publish","type":"product","link":"https:\/\/roveyayinevi.com.tr\/index.php\/urun\/bir-kadinin-aynadaki-yansimasi\/","title":{"rendered":"Bir Kad\u0131n\u0131n Aynadaki Yans\u0131mas\u0131"},"content":{"rendered":"<p>Kendime sonsuz g\u00fcvenim vard\u0131, kararl\u0131 oldum. Hi\u00e7 pes etmedim. Azmimi hi\u00e7 d\u00fc\u015f\u00fcrmedim. Yoluma \u00e7\u0131kan engelleri ezdim, \u00e7i\u011fnedim ge\u00e7tim. Yapamazs\u0131n diyen e\u015fimin tenkitlerine katland\u0131m. 12 y\u0131ll\u0131k evlilik ve 2 \u00e7ocuk olmas\u0131na ra\u011fmen kendime gurur meselesi yapmadan ortaokul s\u0131ralar\u0131na oturdum. Egomu, amac\u0131m i\u00e7in yendim. Kitab\u0131 okudu\u011funuzda zorluklarla nas\u0131l ba\u015f etti\u011fimi, benimle g\u00fcl\u00fcp benimle heycanlanacaks\u0131n\u0131z.<\/p>\n","protected":false},"excerpt":{"rendered":"<p>Kendime sonsuz g\u00fcvenim vard\u0131, kararl\u0131 oldum. Hi\u00e7 pes etmedim. Azmimi hi\u00e7 d\u00fc\u015f\u00fcrmedim. Yoluma \u00e7\u0131kan engelleri ezdim, \u00e7i\u011fnedim ge\u00e7tim. Yapamazs\u0131n diyen e\u015fimin tenkitlerine katland\u0131m. 12 y\u0131ll\u0131k evlilik<span class=\"excerpt-hellip\"> [\u2026]<\/span><\/p>\n","protected":false},"featured_media":0,"template":"","meta":{"_monsterinsights_skip_tracking":false,"_monsterinsights_sitenote_active":false,"_monsterinsights_sitenote_note":"","_monsterinsights_sitenote_category":0},"product_brand":[],"product_cat":[14009,12291],"product_tag":[],"class_list":{"0":"post-719846","1":"product","2":"type-product","3":"status-publish","5":"product_cat-biyografi-otobiyografi-edebiyat","6":"product_cat-edebiyat","7":"pa_cilt-ciltsiz","8":"pa_tur-kitap","9":"pa_yayinevi-herdem-kitap","10":"pa_yazar-nesrin-yasar","12":"first","13":"instock","14":"sale","15":"shipping-taxable","16":"purchasable","17":"product-type-simple"},"_links":{"self":[{"href":"https:\/\/roveyayinevi.com.tr\/index.php\/wp-json\/wp\/v2\/product\/719846","targetHints":{"allow":["GET"]}}],"collection":[{"href":"https:\/\/roveyayinevi.com.tr\/index.php\/wp-json\/wp\/v2\/product"}],"about":[{"href":"https:\/\/roveyayinevi.com.tr\/index.php\/wp-json\/wp\/v2\/types\/product"}],"wp:attachment":[{"href":"https:\/\/roveyayinevi.com.tr\/index.php\/wp-json\/wp\/v2\/media?parent=719846"}],"wp:term":[{"taxonomy":"product_brand","embeddable":true,"href":"https:\/\/roveyayinevi.com.tr\/index.php\/wp-json\/wp\/v2\/product_brand?post=719846"},{"taxonomy":"product_cat","embeddable":true,"href":"https:\/\/roveyayinevi.com.tr\/index.php\/wp-json\/wp\/v2\/product_cat?post=719846"},{"taxonomy":"product_tag","embeddable":true,"href":"https:\/\/roveyayinevi.com.tr\/index.php\/wp-json\/wp\/v2\/product_tag?post=719846"}],"curies":[{"name":"wp","href":"https:\/\/api.w.org\/{rel}","templated":true}]}}