{"id":719841,"date":"2025-08-27T18:28:04","date_gmt":"2025-08-27T15:28:04","guid":{"rendered":"https:\/\/roveyayinevi.com.tr\/index.php\/urun\/sirin-kendimi-durduramiyorum-2-set-5-kitap-takim\/"},"modified":"2026-04-16T02:27:54","modified_gmt":"2026-04-15T23:27:54","slug":"sirin-kendimi-durduramiyorum-2-set-5-kitap-takim","status":"publish","type":"product","link":"https:\/\/roveyayinevi.com.tr\/index.php\/urun\/sirin-kendimi-durduramiyorum-2-set-5-kitap-takim\/","title":{"rendered":"\u015eirin Kendimi Durduram\u0131yorum 2 Set (5 Kitap Tak\u0131m)"},"content":{"rendered":"<p>\u015eirin ve arkada\u015flar\u0131, aralar\u0131na yeni kat\u0131lan garip s\u0131n\u0131f arkada\u015flar\u0131 Burcu ile yine maceralardan maceraya ko\u015fuyorlar. Tabii ki kendi tarzlar\u0131yla\u2026G\u00fclmelere doyamayaca\u011f\u0131n\u0131z bu kitaplar\u0131 elinizden b\u0131rakamayacaks\u0131n\u0131z!Setteki Kitaplar:\u015eirin \u2013 \u0130tiraz\u0131m Var\u015eirin \u2013 Mucizelere \u0130nan\u0131r m\u0131s\u0131n?\u015eirin \u2013 Park \u00c7etesi\u015eirin \u2013 Zanzibar Konsolosu\u015eirin \u2013 Mis Sabunlar\u0131n\u0131n Gizemi<\/p>\n","protected":false},"excerpt":{"rendered":"<p>\u015eirin ve arkada\u015flar\u0131, aralar\u0131na yeni kat\u0131lan garip s\u0131n\u0131f arkada\u015flar\u0131 Burcu ile yine maceralardan maceraya ko\u015fuyorlar. Tabii ki kendi tarzlar\u0131yla\u2026G\u00fclmelere doyamayaca\u011f\u0131n\u0131z bu kitaplar\u0131 elinizden b\u0131rakamayacaks\u0131n\u0131z!Setteki Kitaplar:\u015eirin \u2013<span class=\"excerpt-hellip\"> [\u2026]<\/span><\/p>\n","protected":false},"featured_media":0,"template":"","meta":{"_monsterinsights_skip_tracking":false,"_monsterinsights_sitenote_active":false,"_monsterinsights_sitenote_note":"","_monsterinsights_sitenote_category":0},"product_brand":[],"product_cat":[12913,12274],"product_tag":[],"class_list":{"0":"post-719841","1":"product","2":"type-product","3":"status-publish","5":"product_cat-3-6-yas-kitaplari","6":"product_cat-cocuk-ve-genclik-kitaplari","7":"pa_cilt-ciltsiz","8":"pa_tur-kitap","9":"pa_yayinevi-timas-cocuk","10":"pa_yazar-birsen-ekim-ozen","12":"first","13":"instock","14":"sale","15":"shipping-taxable","16":"purchasable","17":"product-type-simple"},"_links":{"self":[{"href":"https:\/\/roveyayinevi.com.tr\/index.php\/wp-json\/wp\/v2\/product\/719841","targetHints":{"allow":["GET"]}}],"collection":[{"href":"https:\/\/roveyayinevi.com.tr\/index.php\/wp-json\/wp\/v2\/product"}],"about":[{"href":"https:\/\/roveyayinevi.com.tr\/index.php\/wp-json\/wp\/v2\/types\/product"}],"wp:attachment":[{"href":"https:\/\/roveyayinevi.com.tr\/index.php\/wp-json\/wp\/v2\/media?parent=719841"}],"wp:term":[{"taxonomy":"product_brand","embeddable":true,"href":"https:\/\/roveyayinevi.com.tr\/index.php\/wp-json\/wp\/v2\/product_brand?post=719841"},{"taxonomy":"product_cat","embeddable":true,"href":"https:\/\/roveyayinevi.com.tr\/index.php\/wp-json\/wp\/v2\/product_cat?post=719841"},{"taxonomy":"product_tag","embeddable":true,"href":"https:\/\/roveyayinevi.com.tr\/index.php\/wp-json\/wp\/v2\/product_tag?post=719841"}],"curies":[{"name":"wp","href":"https:\/\/api.w.org\/{rel}","templated":true}]}}