{"id":719836,"date":"2025-08-27T18:28:00","date_gmt":"2025-08-27T15:28:00","guid":{"rendered":"https:\/\/roveyayinevi.com.tr\/index.php\/urun\/piril-piril-gokkusagi-kipirtili-piriltili-gokyuzu-ciltli\/"},"modified":"2026-04-16T02:27:54","modified_gmt":"2026-04-15T23:27:54","slug":"piril-piril-gokkusagi-kipirtili-piriltili-gokyuzu-ciltli","status":"publish","type":"product","link":"https:\/\/roveyayinevi.com.tr\/index.php\/urun\/piril-piril-gokkusagi-kipirtili-piriltili-gokyuzu-ciltli\/","title":{"rendered":"P\u0131r\u0131l P\u0131r\u0131l G\u00f6kku\u015fa\u011f\u0131 \u2013 K\u0131p\u0131rt\u0131l\u0131 P\u0131r\u0131lt\u0131l\u0131 G\u00f6ky\u00fcz\u00fc (Ciltli)"},"content":{"rendered":"<p>Hayat\u0131 masallarla ke\u015ffetmeyi seven, hayal kurmaktan vazge\u00e7meyen \u00e7ocuklar! Kocaman resimli bir  kitapla tan\u0131\u015fmaya haz\u0131r m\u0131s\u0131n\u0131z?K\u0131p\u0131rt\u0131l\u0131 P\u0131r\u0131lt\u0131l\u0131 G\u00f6ky\u00fcz\u00fc kitaplar\u0131 ile merak eden \u00e7ocuklar hayallerini oyuna, oyunu bilgiye, bilgiyi tecr\u00fcbeye d\u00f6n\u00fc\u015ft\u00fcrecekler. G\u00f6ky\u00fcz\u00fcne bak! Haydi hikayelere tutun, hayal et! K\u0131p\u0131rt\u0131l\u0131 P\u0131r\u0131lt\u0131l\u0131 G\u00f6ky\u00fcz\u00fc\u2019n\u00fc yeniden ke\u015ffet!<\/p>\n","protected":false},"excerpt":{"rendered":"<p>Hayat\u0131 masallarla ke\u015ffetmeyi seven, hayal kurmaktan vazge\u00e7meyen \u00e7ocuklar! Kocaman resimli bir kitapla tan\u0131\u015fmaya haz\u0131r m\u0131s\u0131n\u0131z?K\u0131p\u0131rt\u0131l\u0131 P\u0131r\u0131lt\u0131l\u0131 G\u00f6ky\u00fcz\u00fc kitaplar\u0131 ile merak eden \u00e7ocuklar hayallerini oyuna, oyunu bilgiye,<span class=\"excerpt-hellip\"> [\u2026]<\/span><\/p>\n","protected":false},"featured_media":0,"template":"","meta":{"_monsterinsights_skip_tracking":false,"_monsterinsights_sitenote_active":false,"_monsterinsights_sitenote_note":"","_monsterinsights_sitenote_category":0},"product_brand":[],"product_cat":[12913,12274],"product_tag":[],"class_list":{"0":"post-719836","1":"product","2":"type-product","3":"status-publish","5":"product_cat-3-6-yas-kitaplari","6":"product_cat-cocuk-ve-genclik-kitaplari","7":"pa_cilt-ciltli","8":"pa_tur-kitap","9":"pa_yayinevi-sincap-kitap","10":"pa_yazar-nermin-sagir","11":"pa_yazar-zeynep-tarik","13":"first","14":"instock","15":"sale","16":"shipping-taxable","17":"purchasable","18":"product-type-simple"},"_links":{"self":[{"href":"https:\/\/roveyayinevi.com.tr\/index.php\/wp-json\/wp\/v2\/product\/719836","targetHints":{"allow":["GET"]}}],"collection":[{"href":"https:\/\/roveyayinevi.com.tr\/index.php\/wp-json\/wp\/v2\/product"}],"about":[{"href":"https:\/\/roveyayinevi.com.tr\/index.php\/wp-json\/wp\/v2\/types\/product"}],"wp:attachment":[{"href":"https:\/\/roveyayinevi.com.tr\/index.php\/wp-json\/wp\/v2\/media?parent=719836"}],"wp:term":[{"taxonomy":"product_brand","embeddable":true,"href":"https:\/\/roveyayinevi.com.tr\/index.php\/wp-json\/wp\/v2\/product_brand?post=719836"},{"taxonomy":"product_cat","embeddable":true,"href":"https:\/\/roveyayinevi.com.tr\/index.php\/wp-json\/wp\/v2\/product_cat?post=719836"},{"taxonomy":"product_tag","embeddable":true,"href":"https:\/\/roveyayinevi.com.tr\/index.php\/wp-json\/wp\/v2\/product_tag?post=719836"}],"curies":[{"name":"wp","href":"https:\/\/api.w.org\/{rel}","templated":true}]}}