{"id":719834,"date":"2025-08-27T18:27:59","date_gmt":"2025-08-27T15:27:59","guid":{"rendered":"https:\/\/roveyayinevi.com.tr\/index.php\/urun\/modern-makroekonomiye-giris\/"},"modified":"2026-04-16T02:27:54","modified_gmt":"2026-04-15T23:27:54","slug":"modern-makroekonomiye-giris","status":"publish","type":"product","link":"https:\/\/roveyayinevi.com.tr\/index.php\/urun\/modern-makroekonomiye-giris\/","title":{"rendered":"Modern Makroekonomiye Giri\u015f"},"content":{"rendered":"<p>\u0130ktisat \u00d6\u011frenmenin En Kolay Yolu!T\u00fcrkiye odakl\u0131 g\u00fcncel ve modern i\u00e7erik \u00d6rneklerle yal\u0131n ve basit konu anlat\u0131m\u0131Klasik sorular, test sorular\u0131, haber analizleriToplam 300&#8217;den fazla \u00e7\u00f6z\u00fcml\u00fc soru100&#8217;den fazla a\u00e7\u0131klamal\u0131 \u015fekil ve tabloEkonomi terimlerinin \u0130ngilizce kar\u015f\u0131l\u0131klar\u0131<\/p>\n","protected":false},"excerpt":{"rendered":"<p>\u0130ktisat \u00d6\u011frenmenin En Kolay Yolu!T\u00fcrkiye odakl\u0131 g\u00fcncel ve modern i\u00e7erik \u00d6rneklerle yal\u0131n ve basit konu anlat\u0131m\u0131Klasik sorular, test sorular\u0131, haber analizleriToplam 300&#8217;den fazla \u00e7\u00f6z\u00fcml\u00fc soru100&#8217;den fazla<span class=\"excerpt-hellip\"> [\u2026]<\/span><\/p>\n","protected":false},"featured_media":0,"template":"","meta":{"_monsterinsights_skip_tracking":false,"_monsterinsights_sitenote_active":false,"_monsterinsights_sitenote_note":"","_monsterinsights_sitenote_category":0},"product_brand":[],"product_cat":[17969,13043],"product_tag":[],"class_list":{"0":"post-719834","1":"product","2":"type-product","3":"status-publish","5":"product_cat-e-ticaret","6":"product_cat-ekonomi","7":"pa_cilt-ciltsiz","8":"pa_tur-kitap","9":"pa_yayinevi-adres-yayinlari","10":"pa_yazar-a-yasemin-yalta-a-talha-yalta","12":"first","13":"instock","14":"sale","15":"shipping-taxable","16":"purchasable","17":"product-type-simple"},"_links":{"self":[{"href":"https:\/\/roveyayinevi.com.tr\/index.php\/wp-json\/wp\/v2\/product\/719834","targetHints":{"allow":["GET"]}}],"collection":[{"href":"https:\/\/roveyayinevi.com.tr\/index.php\/wp-json\/wp\/v2\/product"}],"about":[{"href":"https:\/\/roveyayinevi.com.tr\/index.php\/wp-json\/wp\/v2\/types\/product"}],"wp:attachment":[{"href":"https:\/\/roveyayinevi.com.tr\/index.php\/wp-json\/wp\/v2\/media?parent=719834"}],"wp:term":[{"taxonomy":"product_brand","embeddable":true,"href":"https:\/\/roveyayinevi.com.tr\/index.php\/wp-json\/wp\/v2\/product_brand?post=719834"},{"taxonomy":"product_cat","embeddable":true,"href":"https:\/\/roveyayinevi.com.tr\/index.php\/wp-json\/wp\/v2\/product_cat?post=719834"},{"taxonomy":"product_tag","embeddable":true,"href":"https:\/\/roveyayinevi.com.tr\/index.php\/wp-json\/wp\/v2\/product_tag?post=719834"}],"curies":[{"name":"wp","href":"https:\/\/api.w.org\/{rel}","templated":true}]}}