{"id":719830,"date":"2025-08-27T18:27:56","date_gmt":"2025-08-27T15:27:56","guid":{"rendered":"https:\/\/roveyayinevi.com.tr\/index.php\/urun\/kacisin-urkusu\/"},"modified":"2026-04-16T02:27:54","modified_gmt":"2026-04-15T23:27:54","slug":"kacisin-urkusu","status":"publish","type":"product","link":"https:\/\/roveyayinevi.com.tr\/index.php\/urun\/kacisin-urkusu\/","title":{"rendered":"Ka\u00e7\u0131\u015f\u0131n \u00dcrk\u00fcs\u00fc"},"content":{"rendered":"<p>Kendinden ka\u00e7an, ka\u00e7t\u0131k\u00e7a yakalanan ve yakaland\u0131k\u00e7a tekrar kopan bir metin Ka\u00e7\u0131\u015f\u0131n \u00dcrk\u00fcs\u00fc. Zamanlar\u0131n ve mek\u00e2nlar\u0131n birbirinin i\u00e7inden ge\u00e7erek \u00e7o\u011fald\u0131\u011f\u0131, deh\u015fetini eksik etmeyen bir \u00e7i\u00e7ek d\u00fcrb\u00fcn\u00fc. Bu d\u00fcrb\u00fcnden okur belki kaos, belki toplumsal ya da bireysel bir \u015fizofreni, belki de hezeyanl\u0131 bir tarih yazma \u00e7abas\u0131 g\u00f6recek. Kesin olan tek bir \u015fey var: Bu bir ka\u00e7\u0131\u015f \u00f6yk\u00fcs\u00fc. Avni&#8217;nin kendinden, bedeninden, bedeninin ona f\u0131s\u0131ldad\u0131klar\u0131ndan ve bunlar\u0131n sonucunda toplumdan, insandan, bir tarihten, belki de gelecekten ka\u00e7\u0131\u015f\u0131. Hi\u00e7li\u011fe do\u011fru \u00fcrpertici bir ko\u015fu. Bedeni ancak i\u015fkencede ve lin\u00e7te kabul g\u00f6ren, toplum kar\u015f\u0131s\u0131nda hi\u00e7le\u015fen bireyin yepyeni bir dille kurulan \u00e7a\u011f\u0131lt\u0131l\u0131 anlat\u0131s\u0131. <\/p>\n","protected":false},"excerpt":{"rendered":"<p>Kendinden ka\u00e7an, ka\u00e7t\u0131k\u00e7a yakalanan ve yakaland\u0131k\u00e7a tekrar kopan bir metin Ka\u00e7\u0131\u015f\u0131n \u00dcrk\u00fcs\u00fc. Zamanlar\u0131n ve mek\u00e2nlar\u0131n birbirinin i\u00e7inden ge\u00e7erek \u00e7o\u011fald\u0131\u011f\u0131, deh\u015fetini eksik etmeyen bir \u00e7i\u00e7ek d\u00fcrb\u00fcn\u00fc. Bu<span class=\"excerpt-hellip\"> [\u2026]<\/span><\/p>\n","protected":false},"featured_media":0,"template":"","meta":{"_monsterinsights_skip_tracking":false,"_monsterinsights_sitenote_active":false,"_monsterinsights_sitenote_note":"","_monsterinsights_sitenote_category":0},"product_brand":[],"product_cat":[12291,12711],"product_tag":[],"class_list":{"0":"post-719830","1":"product","2":"type-product","3":"status-publish","5":"product_cat-edebiyat","6":"product_cat-roman-oyku","7":"pa_cilt-ciltsiz","8":"pa_tur-kitap","9":"pa_yayinevi-sel-yayincilik","10":"pa_yazar-zulum-haktan-kalir","12":"first","13":"instock","14":"sale","15":"shipping-taxable","16":"purchasable","17":"product-type-simple"},"_links":{"self":[{"href":"https:\/\/roveyayinevi.com.tr\/index.php\/wp-json\/wp\/v2\/product\/719830","targetHints":{"allow":["GET"]}}],"collection":[{"href":"https:\/\/roveyayinevi.com.tr\/index.php\/wp-json\/wp\/v2\/product"}],"about":[{"href":"https:\/\/roveyayinevi.com.tr\/index.php\/wp-json\/wp\/v2\/types\/product"}],"wp:attachment":[{"href":"https:\/\/roveyayinevi.com.tr\/index.php\/wp-json\/wp\/v2\/media?parent=719830"}],"wp:term":[{"taxonomy":"product_brand","embeddable":true,"href":"https:\/\/roveyayinevi.com.tr\/index.php\/wp-json\/wp\/v2\/product_brand?post=719830"},{"taxonomy":"product_cat","embeddable":true,"href":"https:\/\/roveyayinevi.com.tr\/index.php\/wp-json\/wp\/v2\/product_cat?post=719830"},{"taxonomy":"product_tag","embeddable":true,"href":"https:\/\/roveyayinevi.com.tr\/index.php\/wp-json\/wp\/v2\/product_tag?post=719830"}],"curies":[{"name":"wp","href":"https:\/\/api.w.org\/{rel}","templated":true}]}}