{"id":719829,"date":"2025-08-27T18:27:16","date_gmt":"2025-08-27T15:27:16","guid":{"rendered":"https:\/\/roveyayinevi.com.tr\/index.php\/urun\/aynalar-gunlugu\/"},"modified":"2026-04-16T02:27:54","modified_gmt":"2026-04-15T23:27:54","slug":"aynalar-gunlugu","status":"publish","type":"product","link":"https:\/\/roveyayinevi.com.tr\/index.php\/urun\/aynalar-gunlugu\/","title":{"rendered":"Aynalar G\u00fcnl\u00fc\u011f\u00fc"},"content":{"rendered":"<p>Edebiyat\u0131m\u0131zda g\u00fcnl\u00fc\u011f\u00fcn bir t\u00fcr olarak kabul g\u00f6rmesindeki tart\u0131\u015fmas\u0131z rol\u00fcyle, T\u00fcrk\u00e7enin hem kaz\u0131c\u0131s\u0131 hem kuyumcusu Sal\u00e2h Birsel Aynalar G\u00fcnl\u00fc\u011f\u00fc&#8217;nde kendisiyle ve okuruyla mahrem s\u00f6yle\u015fisine devam ediyor. G\u00fcnl\u00fck t\u00fcr\u00fcnde bir esere verilen ilk \u00f6d\u00fcl\u00fcn de sahibi olan Birsel, G\u00fcnl\u00fckler dizisinin bu \u00fc\u00e7\u00fcnc\u00fc kitab\u0131nda 1986-1988 y\u0131llar\u0131 aras\u0131ndaki, yetmi\u015flerine yakla\u015ft\u0131\u011f\u0131 g\u00fcnleri payla\u015f\u0131yor. Ya\u015fl\u0131l\u0131k ve \u00f6l\u00fcm r\u00fczg\u00e2rlar\u0131n\u0131n efil efil esti\u011fi sayfalarda edebiyat\u0131n yak\u0131n ve uzak karakterleri canlan\u0131yor, Edip Cansever&#8217;in deyi\u015fiyle Kentlerin B\u00fcy\u00fck Terzisi&#8217;nin terzihanesi okura t\u00fcm ho\u015fmerimli\u011fiyle a\u00e7\u0131l\u0131yor.&#8221;Ama yetmi\u015f be\u015finde, sekseninde h\u00e2l\u00e2 dingildek ve Kemal Sunal gibi s\u0131r\u0131tkan papatyalar da var. Bunlar, ya\u015famaya ne kadar? Ya ben? Ben ne kadar?&#8221; diyen yazarla birlikte biz de ya\u015fl\u0131l\u0131k biliminde az da olsa yol al\u0131yoruz.<\/p>\n","protected":false},"excerpt":{"rendered":"<p>Edebiyat\u0131m\u0131zda g\u00fcnl\u00fc\u011f\u00fcn bir t\u00fcr olarak kabul g\u00f6rmesindeki tart\u0131\u015fmas\u0131z rol\u00fcyle, T\u00fcrk\u00e7enin hem kaz\u0131c\u0131s\u0131 hem kuyumcusu Sal\u00e2h Birsel Aynalar G\u00fcnl\u00fc\u011f\u00fc&#8217;nde kendisiyle ve okuruyla mahrem s\u00f6yle\u015fisine devam ediyor. G\u00fcnl\u00fck<span class=\"excerpt-hellip\"> [\u2026]<\/span><\/p>\n","protected":false},"featured_media":0,"template":"","meta":{"_monsterinsights_skip_tracking":false,"_monsterinsights_sitenote_active":false,"_monsterinsights_sitenote_note":"","_monsterinsights_sitenote_category":0},"product_brand":[],"product_cat":[12291,12711],"product_tag":[],"class_list":{"0":"post-719829","1":"product","2":"type-product","3":"status-publish","5":"product_cat-edebiyat","6":"product_cat-roman-oyku","7":"pa_cilt-ciltsiz","8":"pa_tur-kitap","9":"pa_yayinevi-sel-yayincilik","10":"pa_yazar-salah-birsel","12":"first","13":"instock","14":"sale","15":"shipping-taxable","16":"purchasable","17":"product-type-simple"},"_links":{"self":[{"href":"https:\/\/roveyayinevi.com.tr\/index.php\/wp-json\/wp\/v2\/product\/719829","targetHints":{"allow":["GET"]}}],"collection":[{"href":"https:\/\/roveyayinevi.com.tr\/index.php\/wp-json\/wp\/v2\/product"}],"about":[{"href":"https:\/\/roveyayinevi.com.tr\/index.php\/wp-json\/wp\/v2\/types\/product"}],"wp:attachment":[{"href":"https:\/\/roveyayinevi.com.tr\/index.php\/wp-json\/wp\/v2\/media?parent=719829"}],"wp:term":[{"taxonomy":"product_brand","embeddable":true,"href":"https:\/\/roveyayinevi.com.tr\/index.php\/wp-json\/wp\/v2\/product_brand?post=719829"},{"taxonomy":"product_cat","embeddable":true,"href":"https:\/\/roveyayinevi.com.tr\/index.php\/wp-json\/wp\/v2\/product_cat?post=719829"},{"taxonomy":"product_tag","embeddable":true,"href":"https:\/\/roveyayinevi.com.tr\/index.php\/wp-json\/wp\/v2\/product_tag?post=719829"}],"curies":[{"name":"wp","href":"https:\/\/api.w.org\/{rel}","templated":true}]}}