{"id":719828,"date":"2025-08-27T18:27:15","date_gmt":"2025-08-27T15:27:15","guid":{"rendered":"https:\/\/roveyayinevi.com.tr\/index.php\/urun\/flandra-yolu\/"},"modified":"2026-04-16T02:27:54","modified_gmt":"2026-04-15T23:27:54","slug":"flandra-yolu","status":"publish","type":"product","link":"https:\/\/roveyayinevi.com.tr\/index.php\/urun\/flandra-yolu\/","title":{"rendered":"Flandra Yolu"},"content":{"rendered":"<p>Gerek\u00e7esi bilinmeyen bir \u00f6l\u00fcm\u00fcn hayatta kalanlar i\u00e7in ya\u015fama sebebi oldu\u011fu, bu olay\u0131 ayd\u0131nlatacak an\u0131lar\u0131n birbirine kar\u0131\u015ft\u0131\u011f\u0131, an\u0131msaman\u0131n ku\u015fkularla, hatalarla, bulan\u0131kl\u0131klarla ve farkl\u0131 seslerle lekelendi\u011fi yerden ge\u00e7er Flandra Yolu. Hem ger\u00e7ek bir g\u00fczerg\u00e2ha hem de bir anlat\u0131 patikas\u0131na d\u00f6n\u00fc\u015fen bu yol, benzersiz kurgusu ve ritmiyle edebiyat tarihindeki en \u00f6zg\u00fcn eserlerden biri haline gelir.Sava\u015f felaketinin ger\u00e7eklik duygusunu yok etti\u011fi ortam\u0131, konturlar\u0131 silinmi\u015f bir metinle belle\u011fimize kaz\u0131yan Nobel \u00f6d\u00fcll\u00fc Claude Simon, bir gecenin birka\u00e7 saatine say\u0131s\u0131z d\u00f6nemi ve olay\u0131 s\u0131\u011fd\u0131rarak \u015fiddeti, bireylerin birbiriyle, aileyle, duyumsal d\u00fcnyayla, do\u011fayla, evrenle ili\u015fkisini sorgularken dilsel bir \u015f\u00f6len yarat\u0131yor.<\/p>\n","protected":false},"excerpt":{"rendered":"<p>Gerek\u00e7esi bilinmeyen bir \u00f6l\u00fcm\u00fcn hayatta kalanlar i\u00e7in ya\u015fama sebebi oldu\u011fu, bu olay\u0131 ayd\u0131nlatacak an\u0131lar\u0131n birbirine kar\u0131\u015ft\u0131\u011f\u0131, an\u0131msaman\u0131n ku\u015fkularla, hatalarla, bulan\u0131kl\u0131klarla ve farkl\u0131 seslerle lekelendi\u011fi yerden ge\u00e7er<span class=\"excerpt-hellip\"> [\u2026]<\/span><\/p>\n","protected":false},"featured_media":0,"template":"","meta":{"_monsterinsights_skip_tracking":false,"_monsterinsights_sitenote_active":false,"_monsterinsights_sitenote_note":"","_monsterinsights_sitenote_category":0},"product_brand":[],"product_cat":[12291,12711],"product_tag":[],"class_list":{"0":"post-719828","1":"product","2":"type-product","3":"status-publish","5":"product_cat-edebiyat","6":"product_cat-roman-oyku","7":"pa_cilt-ciltsiz","8":"pa_tur-kitap","9":"pa_yayinevi-sel-yayincilik","10":"pa_yazar-claude-simon","12":"first","13":"instock","14":"sale","15":"shipping-taxable","16":"purchasable","17":"product-type-simple"},"_links":{"self":[{"href":"https:\/\/roveyayinevi.com.tr\/index.php\/wp-json\/wp\/v2\/product\/719828","targetHints":{"allow":["GET"]}}],"collection":[{"href":"https:\/\/roveyayinevi.com.tr\/index.php\/wp-json\/wp\/v2\/product"}],"about":[{"href":"https:\/\/roveyayinevi.com.tr\/index.php\/wp-json\/wp\/v2\/types\/product"}],"wp:attachment":[{"href":"https:\/\/roveyayinevi.com.tr\/index.php\/wp-json\/wp\/v2\/media?parent=719828"}],"wp:term":[{"taxonomy":"product_brand","embeddable":true,"href":"https:\/\/roveyayinevi.com.tr\/index.php\/wp-json\/wp\/v2\/product_brand?post=719828"},{"taxonomy":"product_cat","embeddable":true,"href":"https:\/\/roveyayinevi.com.tr\/index.php\/wp-json\/wp\/v2\/product_cat?post=719828"},{"taxonomy":"product_tag","embeddable":true,"href":"https:\/\/roveyayinevi.com.tr\/index.php\/wp-json\/wp\/v2\/product_tag?post=719828"}],"curies":[{"name":"wp","href":"https:\/\/api.w.org\/{rel}","templated":true}]}}