{"id":719827,"date":"2025-08-27T18:27:14","date_gmt":"2025-08-27T15:27:14","guid":{"rendered":"https:\/\/roveyayinevi.com.tr\/index.php\/urun\/dolabimdaki-oyun-parki\/"},"modified":"2026-04-16T02:27:54","modified_gmt":"2026-04-15T23:27:54","slug":"dolabimdaki-oyun-parki","status":"publish","type":"product","link":"https:\/\/roveyayinevi.com.tr\/index.php\/urun\/dolabimdaki-oyun-parki\/","title":{"rendered":"Dolab\u0131mdaki Oyun Park\u0131"},"content":{"rendered":"<p>Ya\u015fas\u0131n, art\u0131k dolab\u0131mda bir oyun park\u0131m var!Dolaptaki kuma\u015flar\u0131n reng\u00e2renk desenleriyle kurdu\u011fum bir oyun park\u0131&#8230;Her k\u00fclt\u00fcrde kendisine kar\u015f\u0131l\u0131k bulan bir el sanat\u0131 olan batik, di\u011fer el sanatlar\u0131 gibi \u00e7ocu\u011fun hayal g\u00fcc\u00fcn\u00fc kullanmas\u0131n\u0131 ve ileti\u015fim becerilerini geli\u015ftirmesini sa\u011flar. \u00c7ocu\u011fun kendini, i\u00e7inde bulundu\u011fu k\u00fclt\u00fcr\u00fc ve di\u011fer k\u00fclt\u00fcrleri daha iyi anlamas\u0131na ve farkl\u0131l\u0131klara sayg\u0131 duymas\u0131na yard\u0131mc\u0131 olur.T\u0131pk\u0131 Dolab\u0131mdaki Oyun Park\u0131\u2019n\u0131n minik karakterinin batik desenleriyle u\u00e7suz bucaks\u0131z hayal d\u00fcnyas\u0131nda kendi oyun park\u0131n\u0131 kurmas\u0131 gibi&#8230;<\/p>\n","protected":false},"excerpt":{"rendered":"<p>Ya\u015fas\u0131n, art\u0131k dolab\u0131mda bir oyun park\u0131m var!Dolaptaki kuma\u015flar\u0131n reng\u00e2renk desenleriyle kurdu\u011fum bir oyun park\u0131&#8230;Her k\u00fclt\u00fcrde kendisine kar\u015f\u0131l\u0131k bulan bir el sanat\u0131 olan batik, di\u011fer el sanatlar\u0131<span class=\"excerpt-hellip\"> [\u2026]<\/span><\/p>\n","protected":false},"featured_media":0,"template":"","meta":{"_monsterinsights_skip_tracking":false,"_monsterinsights_sitenote_active":false,"_monsterinsights_sitenote_note":"","_monsterinsights_sitenote_category":0},"product_brand":[],"product_cat":[12274,12523],"product_tag":[],"class_list":{"0":"post-719827","1":"product","2":"type-product","3":"status-publish","5":"product_cat-cocuk-ve-genclik-kitaplari","6":"product_cat-masallar","7":"pa_cilt-ciltsiz","8":"pa_tur-kitap","9":"pa_yayinevi-timas-cocuk","10":"pa_yazar-sofie-dewayani","12":"first","13":"instock","14":"sale","15":"shipping-taxable","16":"purchasable","17":"product-type-simple"},"_links":{"self":[{"href":"https:\/\/roveyayinevi.com.tr\/index.php\/wp-json\/wp\/v2\/product\/719827","targetHints":{"allow":["GET"]}}],"collection":[{"href":"https:\/\/roveyayinevi.com.tr\/index.php\/wp-json\/wp\/v2\/product"}],"about":[{"href":"https:\/\/roveyayinevi.com.tr\/index.php\/wp-json\/wp\/v2\/types\/product"}],"wp:attachment":[{"href":"https:\/\/roveyayinevi.com.tr\/index.php\/wp-json\/wp\/v2\/media?parent=719827"}],"wp:term":[{"taxonomy":"product_brand","embeddable":true,"href":"https:\/\/roveyayinevi.com.tr\/index.php\/wp-json\/wp\/v2\/product_brand?post=719827"},{"taxonomy":"product_cat","embeddable":true,"href":"https:\/\/roveyayinevi.com.tr\/index.php\/wp-json\/wp\/v2\/product_cat?post=719827"},{"taxonomy":"product_tag","embeddable":true,"href":"https:\/\/roveyayinevi.com.tr\/index.php\/wp-json\/wp\/v2\/product_tag?post=719827"}],"curies":[{"name":"wp","href":"https:\/\/api.w.org\/{rel}","templated":true}]}}