{"id":719824,"date":"2025-08-27T18:27:12","date_gmt":"2025-08-27T15:27:12","guid":{"rendered":"https:\/\/roveyayinevi.com.tr\/index.php\/urun\/korkmasaydin-ne-yapardin\/"},"modified":"2026-04-12T02:33:47","modified_gmt":"2026-04-11T23:33:47","slug":"korkmasaydin-ne-yapardin","status":"publish","type":"product","link":"https:\/\/roveyayinevi.com.tr\/index.php\/urun\/korkmasaydin-ne-yapardin\/","title":{"rendered":"Korkmasayd\u0131n Ne Yapard\u0131n?"},"content":{"rendered":"<p>Bir i\u00e7inde ya\u015fad\u0131\u011f\u0131m\u0131z hayat var, bir de i\u00e7imizde ta\u015f\u0131d\u0131\u011f\u0131m\u0131z. \u0130\u00e7imizde anlat\u0131lmam\u0131\u015f hik\u00e2yeler ve kullan\u0131lmam\u0131\u015f potansiyeller ta\u015f\u0131r\u0131z. \u0130\u00e7imize g\u00f6m\u00fcl\u00fc hayaller, bizden bir \u015feyler yapmam\u0131z\u0131 bekler.\u201cHayat ki\u015finin cesareti oran\u0131nda geni\u015fler ya da daral\u0131r.\u201d diyor Anais Nin. Senin hayat\u0131nda ka\u00e7 cesaret denemesi var?Ba\u015flang\u0131\u00e7ta dizlerini titreten ama yapt\u0131ktan sonra seni b\u00fcy\u00fcten neler ya\u015fad\u0131n?Korkuna ra\u011fmen neler yapt\u0131n?Korkmasayd\u0131n ne yapard\u0131n?Bahar Eri\u015f, yeni kitab\u0131nda insan\u0131n d\u00fcnya i\u00e7inde kendi k\u00fc\u00e7\u00fck d\u00fcnyas\u0131n\u0131 kurma \u00e7abas\u0131n\u0131 anlat\u0131yor. \u00d6\u011frendiklerini ve d\u00fc\u015f\u00fcnd\u00fcklerini kendi hayat\u0131ndan da hik\u00e2yelerle payla\u015f\u0131yor.Okura serpme kahvalt\u0131 tad\u0131nda bir k\u00fclt\u00fcrel kar\u0131\u015f\u0131m sunuyor: Cesaretli kad\u0131n modelleri, azimli \u00e7ocuk hik\u00e2yeleri, ebeveynlik halleri, kariyer kurma m\u00fccadeleleri, temel insanl\u0131k durumlar\u0131, az geli\u015fmi\u015f \u00fclke dumurlar\u0131\u2026 Ba\u015fka neler var? Kendi en iyi versiyonunu nas\u0131l bulacaks\u0131n?Anne olmak ya da olmamak: B\u00fct\u00fcn mesele bu mu?\u201cHak etme\u201d k\u00fclt\u00fcr\u00fc m\u00fc \u201chak g\u00f6rme\u201d k\u00fclt\u00fcr\u00fc m\u00fc? Girdi\u011fimiz sava\u015flar m\u0131 bizi yaralar, ka\u00e7t\u0131klar\u0131m\u0131z m\u0131?Impostor sendromu: Kad\u0131n\u0131n \u201ci\u00e7 g\u00fcvesi\u201d nedir?Tutkun i\u00e7in evlere temizli\u011fe gider miydin?<\/p>\n","protected":false},"excerpt":{"rendered":"<p>Bir i\u00e7inde ya\u015fad\u0131\u011f\u0131m\u0131z hayat var, bir de i\u00e7imizde ta\u015f\u0131d\u0131\u011f\u0131m\u0131z. \u0130\u00e7imizde anlat\u0131lmam\u0131\u015f hik\u00e2yeler ve kullan\u0131lmam\u0131\u015f potansiyeller ta\u015f\u0131r\u0131z. \u0130\u00e7imize g\u00f6m\u00fcl\u00fc hayaller, bizden bir \u015feyler yapmam\u0131z\u0131 bekler.\u201cHayat ki\u015finin cesareti<span class=\"excerpt-hellip\"> [\u2026]<\/span><\/p>\n","protected":false},"featured_media":0,"template":"","meta":{"_monsterinsights_skip_tracking":false,"_monsterinsights_sitenote_active":false,"_monsterinsights_sitenote_note":"","_monsterinsights_sitenote_category":0},"product_brand":[],"product_cat":[12364,12376],"product_tag":[],"class_list":{"0":"post-719824","1":"product","2":"type-product","3":"status-publish","5":"product_cat-genel-konular","6":"product_cat-kisisel-gelisim","7":"pa_cilt-ciltsiz","8":"pa_tur-kitap","9":"pa_yayinevi-alfa-yayinlari","10":"pa_yazar-bahar-eris","12":"first","13":"instock","14":"sale","15":"shipping-taxable","16":"purchasable","17":"product-type-simple"},"_links":{"self":[{"href":"https:\/\/roveyayinevi.com.tr\/index.php\/wp-json\/wp\/v2\/product\/719824","targetHints":{"allow":["GET"]}}],"collection":[{"href":"https:\/\/roveyayinevi.com.tr\/index.php\/wp-json\/wp\/v2\/product"}],"about":[{"href":"https:\/\/roveyayinevi.com.tr\/index.php\/wp-json\/wp\/v2\/types\/product"}],"wp:attachment":[{"href":"https:\/\/roveyayinevi.com.tr\/index.php\/wp-json\/wp\/v2\/media?parent=719824"}],"wp:term":[{"taxonomy":"product_brand","embeddable":true,"href":"https:\/\/roveyayinevi.com.tr\/index.php\/wp-json\/wp\/v2\/product_brand?post=719824"},{"taxonomy":"product_cat","embeddable":true,"href":"https:\/\/roveyayinevi.com.tr\/index.php\/wp-json\/wp\/v2\/product_cat?post=719824"},{"taxonomy":"product_tag","embeddable":true,"href":"https:\/\/roveyayinevi.com.tr\/index.php\/wp-json\/wp\/v2\/product_tag?post=719824"}],"curies":[{"name":"wp","href":"https:\/\/api.w.org\/{rel}","templated":true}]}}