{"id":719819,"date":"2025-08-27T18:27:08","date_gmt":"2025-08-27T15:27:08","guid":{"rendered":"https:\/\/roveyayinevi.com.tr\/index.php\/urun\/geyikler-annem-ve-almanya-40-yasinda\/"},"modified":"2026-04-16T02:27:54","modified_gmt":"2026-04-15T23:27:54","slug":"geyikler-annem-ve-almanya-40-yasinda","status":"publish","type":"product","link":"https:\/\/roveyayinevi.com.tr\/index.php\/urun\/geyikler-annem-ve-almanya-40-yasinda\/","title":{"rendered":"Geyikler Annem ve Almanya 40 Ya\u015f\u0131nda"},"content":{"rendered":"<p>Geyikler, Annem ve Almanya hen\u00fcz dosya a\u015famas\u0131ndayken Akademi Kitabevi \u00d6yk\u00fc \u00d6d\u00fcl\u00fc\u2019n\u00fc alm\u0131\u015ft\u0131. 1982\u2019de yay\u0131mland\u0131ktan sonraysa bir b\u00fcy\u00fck \u00f6d\u00fcle, Sait Faik Hik\u00e2ye Arma\u011fan\u0131\u2019na de\u011fer g\u00f6r\u00fclm\u00fc\u015ft\u00fc. Getirdi\u011fi yeni duyarl\u0131klar, \u015fiirsel tatlar ve inceliklerle dolu anlat\u0131m\u0131yla bilinen Nursel Duruel\u2019in Geyikler, Annem ve Almanya kitab\u0131 40. y\u0131l\u0131na \u00f6zel bir bask\u0131yla okurunu selaml\u0131yor.   \u201cT\u00fcrk Dili dergisinin eyl\u00fcl say\u0131s\u0131nda \u2013ad\u0131n\u0131 yanl\u0131\u015f hat\u0131rlam\u0131yorsam\u2013 \u2018Geyikler, Annem ve Almanya\u2019 ba\u015fl\u0131kl\u0131 bir \u00f6yk\u00fc okudum. Gen\u00e7 bir yazar\u0131n, Nursel Duruel adl\u0131 bir karde\u015fimizin \u00f6yk\u00fcs\u00fc y\u00fcre\u011finize sular serpiyor bu tazelik kokan \u00f6yk\u00fcy\u00fc okurken. \u0130\u015fte Eyl\u00fcl&#8230; \u0130\u015fte yeni sanat mevsiminin ilk ay\u0131&#8230; \u0130\u015fte yeni mevsimin bir ba\u015far\u0131s\u0131! Sanat\u0131n sihri \u2013isterseniz bizde \u00e7ok kullan\u0131lan bir s\u00f6zc\u00fckle b\u00fcy\u00fckl\u00fc\u011f\u00fc\u2013 i\u015fte buradad\u0131r. \u015eu da\u011fda\u011fa, \u015fu kar\u0131\u015f\u0131kl\u0131klar, \u015fu sevgisizlikler, \u015fu yokluklar ortam\u0131nda bile, bakars\u0131n\u0131z, tek bir \u00f6yk\u00fc, size umut a\u015f\u0131lamaya yeter.\u201d   Zeyyat Selimo\u011flu, Milliyet Sanat (Eyl\u00fcl 1979)   \u201c\u00d6yk\u00fcc\u00fcl\u00fc\u011f\u00fcm\u00fcz\u00fcn sessiz ve derinden kaynayan, ama bir o kadar g\u00fc\u00e7l\u00fc ve sa\u011flam akan bir \u0131rma\u011f\u0131 say\u0131yorum bu yazar\u0131. Titiz, ince eleyip s\u0131k dokuyan,ayr\u0131nt\u0131lara ya\u015farl\u0131k kazand\u0131ran bir \u00f6yk\u00fcc\u00fc ile kar\u015f\u0131 kar\u015f\u0131yay\u0131z.\u201d   F\u00fcsun Akatl\u0131 <\/p>\n","protected":false},"excerpt":{"rendered":"<p>Geyikler, Annem ve Almanya hen\u00fcz dosya a\u015famas\u0131ndayken Akademi Kitabevi \u00d6yk\u00fc \u00d6d\u00fcl\u00fc\u2019n\u00fc alm\u0131\u015ft\u0131. 1982\u2019de yay\u0131mland\u0131ktan sonraysa bir b\u00fcy\u00fck \u00f6d\u00fcle, Sait Faik Hik\u00e2ye Arma\u011fan\u0131\u2019na de\u011fer g\u00f6r\u00fclm\u00fc\u015ft\u00fc. Getirdi\u011fi yeni<span class=\"excerpt-hellip\"> [\u2026]<\/span><\/p>\n","protected":false},"featured_media":0,"template":"","meta":{"_monsterinsights_skip_tracking":false,"_monsterinsights_sitenote_active":false,"_monsterinsights_sitenote_note":"","_monsterinsights_sitenote_category":0},"product_brand":[],"product_cat":[12291,12711],"product_tag":[],"class_list":{"0":"post-719819","1":"product","2":"type-product","3":"status-publish","5":"product_cat-edebiyat","6":"product_cat-roman-oyku","7":"pa_cilt-ciltsiz","8":"pa_tur-kitap","9":"pa_yayinevi-yapi-kredi-yayinlari","10":"pa_yazar-nursel-duruel","12":"first","13":"instock","14":"sale","15":"shipping-taxable","16":"purchasable","17":"product-type-simple"},"_links":{"self":[{"href":"https:\/\/roveyayinevi.com.tr\/index.php\/wp-json\/wp\/v2\/product\/719819","targetHints":{"allow":["GET"]}}],"collection":[{"href":"https:\/\/roveyayinevi.com.tr\/index.php\/wp-json\/wp\/v2\/product"}],"about":[{"href":"https:\/\/roveyayinevi.com.tr\/index.php\/wp-json\/wp\/v2\/types\/product"}],"wp:attachment":[{"href":"https:\/\/roveyayinevi.com.tr\/index.php\/wp-json\/wp\/v2\/media?parent=719819"}],"wp:term":[{"taxonomy":"product_brand","embeddable":true,"href":"https:\/\/roveyayinevi.com.tr\/index.php\/wp-json\/wp\/v2\/product_brand?post=719819"},{"taxonomy":"product_cat","embeddable":true,"href":"https:\/\/roveyayinevi.com.tr\/index.php\/wp-json\/wp\/v2\/product_cat?post=719819"},{"taxonomy":"product_tag","embeddable":true,"href":"https:\/\/roveyayinevi.com.tr\/index.php\/wp-json\/wp\/v2\/product_tag?post=719819"}],"curies":[{"name":"wp","href":"https:\/\/api.w.org\/{rel}","templated":true}]}}