{"id":719817,"date":"2025-08-27T18:27:06","date_gmt":"2025-08-27T15:27:06","guid":{"rendered":"https:\/\/roveyayinevi.com.tr\/index.php\/urun\/don-camillonun-kucuk-dunyasi\/"},"modified":"2026-04-16T02:27:54","modified_gmt":"2026-04-15T23:27:54","slug":"don-camillonun-kucuk-dunyasi","status":"publish","type":"product","link":"https:\/\/roveyayinevi.com.tr\/index.php\/urun\/don-camillonun-kucuk-dunyasi\/","title":{"rendered":"Don Camillo&#8217;nun K\u00fc\u00e7\u00fck D\u00fcnyas\u0131"},"content":{"rendered":"<p>D\u00fcnyaca \u00fcnl\u00fc Don Camillo okuyucular\u0131m\u0131z\u0131n iste\u011fiyle yeniden raflarda\u2026Daha \u00f6nce 1972 y\u0131l\u0131nda bast\u0131\u011f\u0131m\u0131z Don Camillo serisinin ilk kitab\u0131n\u0131 \u0130talyanca orijinalinden yeni \u00e7evirisiyle tekrar sizlerle bulu\u015fturuyoruz.&#8221;E\u011fer Don Camillo y\u00fcz\u00fcnden bana k\u0131r\u0131lan rahipler olursa, kafamda bir \u015famdan k\u0131rabilir; Peppone y\u00fcz\u00fcnden bana k\u0131r\u0131lan kom\u00fcnistler olursa, s\u0131rt\u0131mda bir sopa paralayabilir. Ama \u0130sa\u2019n\u0131n konu\u015fmalar\u0131 y\u00fcz\u00fcnden bana k\u0131r\u0131lan olursa, yapacak hi\u00e7bir \u015fey yok; \u00e7\u00fcnk\u00fc hik\u00e2yelerimde konu\u015fan Hz. \u0130sa de\u011fil, benim akl\u0131mdaki \u0130sa\u2019d\u0131r. Yani benim vicdan\u0131md\u0131r.&#8221;(Giovanni Guareschi)<\/p>\n","protected":false},"excerpt":{"rendered":"<p>D\u00fcnyaca \u00fcnl\u00fc Don Camillo okuyucular\u0131m\u0131z\u0131n iste\u011fiyle yeniden raflarda\u2026Daha \u00f6nce 1972 y\u0131l\u0131nda bast\u0131\u011f\u0131m\u0131z Don Camillo serisinin ilk kitab\u0131n\u0131 \u0130talyanca orijinalinden yeni \u00e7evirisiyle tekrar sizlerle bulu\u015fturuyoruz.&#8221;E\u011fer Don Camillo<span class=\"excerpt-hellip\"> [\u2026]<\/span><\/p>\n","protected":false},"featured_media":0,"template":"","meta":{"_monsterinsights_skip_tracking":false,"_monsterinsights_sitenote_active":false,"_monsterinsights_sitenote_note":"","_monsterinsights_sitenote_category":0},"product_brand":[],"product_cat":[12291,14825],"product_tag":[],"class_list":{"0":"post-719817","1":"product","2":"type-product","3":"status-publish","5":"product_cat-edebiyat","6":"product_cat-mizah","7":"pa_cilt-ciltsiz","8":"pa_tur-kitap","9":"pa_yayinevi-bilgi-yayinevi","10":"pa_yazar-giovanni-guareschi","12":"first","13":"instock","14":"sale","15":"shipping-taxable","16":"purchasable","17":"product-type-simple"},"_links":{"self":[{"href":"https:\/\/roveyayinevi.com.tr\/index.php\/wp-json\/wp\/v2\/product\/719817","targetHints":{"allow":["GET"]}}],"collection":[{"href":"https:\/\/roveyayinevi.com.tr\/index.php\/wp-json\/wp\/v2\/product"}],"about":[{"href":"https:\/\/roveyayinevi.com.tr\/index.php\/wp-json\/wp\/v2\/types\/product"}],"wp:attachment":[{"href":"https:\/\/roveyayinevi.com.tr\/index.php\/wp-json\/wp\/v2\/media?parent=719817"}],"wp:term":[{"taxonomy":"product_brand","embeddable":true,"href":"https:\/\/roveyayinevi.com.tr\/index.php\/wp-json\/wp\/v2\/product_brand?post=719817"},{"taxonomy":"product_cat","embeddable":true,"href":"https:\/\/roveyayinevi.com.tr\/index.php\/wp-json\/wp\/v2\/product_cat?post=719817"},{"taxonomy":"product_tag","embeddable":true,"href":"https:\/\/roveyayinevi.com.tr\/index.php\/wp-json\/wp\/v2\/product_tag?post=719817"}],"curies":[{"name":"wp","href":"https:\/\/api.w.org\/{rel}","templated":true}]}}