{"id":719815,"date":"2025-08-27T18:27:04","date_gmt":"2025-08-27T15:27:04","guid":{"rendered":"https:\/\/roveyayinevi.com.tr\/index.php\/urun\/kor-adim\/"},"modified":"2026-04-16T02:27:54","modified_gmt":"2026-04-15T23:27:54","slug":"kor-adim","status":"publish","type":"product","link":"https:\/\/roveyayinevi.com.tr\/index.php\/urun\/kor-adim\/","title":{"rendered":"K\u00f6r Ad\u0131m"},"content":{"rendered":"<p>Y\u0131lmaz \u015eener, K\u00f6r Ad\u0131m roman\u0131yla matemati\u011fi has\u0131ralt\u0131 etmemi\u015f yazarlardan oldu\u011funu g\u00f6steriyor. Merak uyand\u0131ran kurgusu, nefes al\u0131p veren karakterleri ve okuma i\u015ftah\u0131n\u0131 a\u00e7an diliyle ba\u015fucu kitab\u0131 h\u00e2line gelecek bir eser vadediyor okuruna. Ba\u015fkahraman d\u00f6n\u00fc\u015ft\u00fck\u00e7e dil de d\u00f6n\u00fc\u015f\u00fcyor. \u0130lk okundu\u011funda \u00f6nemsiz gibi g\u00f6r\u00fcnen ayr\u0131nt\u0131lar roman ilerledik\u00e7e bir yapbozun par\u00e7alar\u0131 gibi bo\u015fluklar\u0131 dolduruyor. Faili me\u00e7hul bir cinayetle hayat\u0131 de\u011fi\u015fen bir \u00e7ocu\u011fun b\u00fcy\u00fcy\u00fcp olgunla\u015fma s\u00fcrecini ve do\u011fdu\u011fu topraklara geri d\u00f6nd\u00fc\u011f\u00fcnde ba\u015f\u0131na gelenleri konu edinen K\u00f6r Ad\u0131m okuru fethedecek bir roman.\u201cG\u00fcne\u015fin yeniden do\u011fmas\u0131 ba\u015fka bir g\u00fcn\u00fc getirmiyor, sadece d\u00fcn\u00fc uyand\u0131r\u0131yordu. Yar\u0131n\u0131 olmayan tek yaprakl\u0131 bir takvimin i\u00e7inde oyalan\u0131yorlard\u0131. Zaman burada ge\u00e7miyor, \u00e7\u00fcr\u00fcyordu. \u00c7\u00fcr\u00fcrken de i\u00e7inde oyalanan her \u015feyi kendisiyle beraber \u00e7\u00fcr\u00fct\u00fcyordu. Bazen g\u00fcne\u015f bile \u00e7\u00fcr\u00fcyordu buralarda. As\u0131l\u0131 kald\u0131\u011f\u0131 yerde, da\u011flar\u0131n arkas\u0131na saklanana dek, sahip oldu\u011fu \u0131\u015f\u0131\u011f\u0131yla \u00e7\u00fcr\u00fcm\u00fc\u015f bir koku yayard\u0131.\u201d<\/p>\n","protected":false},"excerpt":{"rendered":"<p>Y\u0131lmaz \u015eener, K\u00f6r Ad\u0131m roman\u0131yla matemati\u011fi has\u0131ralt\u0131 etmemi\u015f yazarlardan oldu\u011funu g\u00f6steriyor. Merak uyand\u0131ran kurgusu, nefes al\u0131p veren karakterleri ve okuma i\u015ftah\u0131n\u0131 a\u00e7an diliyle ba\u015fucu kitab\u0131 h\u00e2line<span class=\"excerpt-hellip\"> [\u2026]<\/span><\/p>\n","protected":false},"featured_media":0,"template":"","meta":{"_monsterinsights_skip_tracking":false,"_monsterinsights_sitenote_active":false,"_monsterinsights_sitenote_note":"","_monsterinsights_sitenote_category":0},"product_brand":[],"product_cat":[12291,12711],"product_tag":[],"class_list":{"0":"post-719815","1":"product","2":"type-product","3":"status-publish","5":"product_cat-edebiyat","6":"product_cat-roman-oyku","7":"pa_cilt-ciltsiz","8":"pa_tur-kitap","9":"pa_yayinevi-ithaki-yayinlari","10":"pa_yazar-yilmaz-sener","12":"first","13":"instock","14":"sale","15":"shipping-taxable","16":"purchasable","17":"product-type-simple"},"_links":{"self":[{"href":"https:\/\/roveyayinevi.com.tr\/index.php\/wp-json\/wp\/v2\/product\/719815","targetHints":{"allow":["GET"]}}],"collection":[{"href":"https:\/\/roveyayinevi.com.tr\/index.php\/wp-json\/wp\/v2\/product"}],"about":[{"href":"https:\/\/roveyayinevi.com.tr\/index.php\/wp-json\/wp\/v2\/types\/product"}],"wp:attachment":[{"href":"https:\/\/roveyayinevi.com.tr\/index.php\/wp-json\/wp\/v2\/media?parent=719815"}],"wp:term":[{"taxonomy":"product_brand","embeddable":true,"href":"https:\/\/roveyayinevi.com.tr\/index.php\/wp-json\/wp\/v2\/product_brand?post=719815"},{"taxonomy":"product_cat","embeddable":true,"href":"https:\/\/roveyayinevi.com.tr\/index.php\/wp-json\/wp\/v2\/product_cat?post=719815"},{"taxonomy":"product_tag","embeddable":true,"href":"https:\/\/roveyayinevi.com.tr\/index.php\/wp-json\/wp\/v2\/product_tag?post=719815"}],"curies":[{"name":"wp","href":"https:\/\/api.w.org\/{rel}","templated":true}]}}