{"id":719812,"date":"2025-08-27T18:27:02","date_gmt":"2025-08-27T15:27:02","guid":{"rendered":"https:\/\/roveyayinevi.com.tr\/index.php\/urun\/kaldigimiz-yerden-devam\/"},"modified":"2026-04-16T02:27:54","modified_gmt":"2026-04-15T23:27:54","slug":"kaldigimiz-yerden-devam","status":"publish","type":"product","link":"https:\/\/roveyayinevi.com.tr\/index.php\/urun\/kaldigimiz-yerden-devam\/","title":{"rendered":"Kald\u0131\u011f\u0131m\u0131z Yerden Devam"},"content":{"rendered":"<p>Y\u0131l\u0131n en iyi kitaplar\u0131ndan biriEntertainment Weekly &#8211; NPR &#8211; Kirkus Reviews &#8211; BookPageMel Vaught\u2019un kar\u015f\u0131 konulmaz cazibesi ve cesareti, Sharon Kisses\u2019\u0131n \u00e7ekingen h\u0131rs\u0131yla birle\u015fti\u011finde animasyon sekt\u00f6r\u00fcn\u00fc temellerinden sarsacak yarat\u0131c\u0131 bir deha ortaya \u00e7\u0131kar. Ancak on y\u0131ll\u0131k ortakl\u0131\u011f\u0131n ard\u0131ndan elde ettikleri ba\u015far\u0131n\u0131n getirdi\u011fi \u015f\u00fcphecilik ve y\u0131k\u0131m, aralar\u0131ndaki k\u0131r\u0131lgan dengeyi bozmak \u00fczeredir. \u00c7izim yapmak Mel i\u00e7in f\u0131rt\u0131nal\u0131 ge\u00e7mi\u015fini \u00e7\u00f6zmenin bir yoluyken, Sharon i\u00e7in s\u0131rlar\u0131n\u0131 daha da derine g\u00f6mme f\u0131rsat\u0131d\u0131r.Elde ettikleri ba\u015far\u0131, onlar\u0131 art\u0131k ka\u00e7amayacaklar\u0131 bir y\u00fczle\u015fmeye ad\u0131m ad\u0131m yakla\u015ft\u0131r\u0131r. \u0130\u00e7ine d\u00fc\u015ft\u00fckleri derin kuyudan ya daha da g\u00fc\u00e7lenerek ya da geri d\u00f6n\u00fclemez bir bi\u00e7imde par\u00e7alanarak \u00e7\u0131kacaklard\u0131r.\u201cKimlik aray\u0131\u015f\u0131, ba\u015far\u0131ya duyulan arzu ve k\u00fc\u00e7\u00fck kasabalar\u0131ndan ayr\u0131l\u0131p New York\u2019un \u0131\u015f\u0131lt\u0131s\u0131yla kar\u015f\u0131la\u015fan d\u0131\u015flanm\u0131\u015f ki\u015filerin \u015fa\u015f\u0131rt\u0131c\u0131 deneyimleri\u2026 Whitaker hik\u00e2yeyi kad\u0131nlarla doldurarak bir hamlede hik\u00e2yenin i\u015fleyi\u015fini de\u011fi\u015ftiriyor ve bu bilindik motifleri tersine \u00e7eviriyor.\u201dNew York Times\u201cBu kitap mizah ve trajediyle dolu oldu\u011fu kadar, sanat ve arkada\u015fl\u0131\u011f\u0131n anlam\u0131n\u0131 da son derece \u00f6zg\u00fcn bi\u00e7imde yans\u0131t\u0131yor.\u201dPeople\u201cKarma\u015f\u0131k, duygusal, seksi ve \u00e7alkant\u0131l\u0131 bir dostlu\u011fun hassas g\u00fcc\u00fcn\u00fcn \u00f6yk\u00fcs\u00fc.\u201dGlamour\u201cMel ve Sharon\u2019\u0131n hem ate\u015fli hem de hissiz ortakl\u0131\u011f\u0131, Kald\u0131\u011f\u0131m\u0131z Yerden Devam\u2019\u0131n ruhunun \u00f6z\u00fc.\u201dThe Washington Post\u201c\u0130nsan\u0131n aya\u011f\u0131n\u0131 yerden kesecek kadar samimi.\u201dKirkus (starred review)\u201cWhitaker herkesin ya\u015fad\u0131\u011f\u0131 insani zaaflar\u0131 yakalam\u0131\u015f \u2013k\u0131skan\u00e7l\u0131k, \u00f6fke, kendine g\u00fcvensizlik, travma, sevgiye a\u00e7l\u0131k ve bunlar\u0131 arkada\u015fl\u0131k, kendine zarar verme ve kurtulu\u015f \u00fczerine s\u00fcr\u00fckleyici bir hik\u00e2yeye dokumu\u015f.\u201dLibrary Journal\u201cSevgi ve deha, sanat\u00e7\u0131n\u0131n eserine duydu\u011fu g\u00fc\u00e7l\u00fc saplant\u0131 ve ge\u00e7mi\u015fin e\u015fit derecede kuvvetli ak\u0131nt\u0131s\u0131 \u00fczerine kalp k\u0131racak kadar g\u00fczel, esprili ve insan\u0131 kendine ba\u011flayacak kadar unutulmaz bir roman.\u201dKate Christensen<\/p>\n","protected":false},"excerpt":{"rendered":"<p>Y\u0131l\u0131n en iyi kitaplar\u0131ndan biriEntertainment Weekly &#8211; NPR &#8211; Kirkus Reviews &#8211; BookPageMel Vaught\u2019un kar\u015f\u0131 konulmaz cazibesi ve cesareti, Sharon Kisses\u2019\u0131n \u00e7ekingen h\u0131rs\u0131yla birle\u015fti\u011finde animasyon sekt\u00f6r\u00fcn\u00fc<span class=\"excerpt-hellip\"> [\u2026]<\/span><\/p>\n","protected":false},"featured_media":0,"template":"","meta":{"_monsterinsights_skip_tracking":false,"_monsterinsights_sitenote_active":false,"_monsterinsights_sitenote_note":"","_monsterinsights_sitenote_category":0},"product_brand":[],"product_cat":[12291,12711],"product_tag":[],"class_list":{"0":"post-719812","1":"product","2":"type-product","3":"status-publish","5":"product_cat-edebiyat","6":"product_cat-roman-oyku","7":"pa_cilt-ciltsiz","8":"pa_tur-kitap","9":"pa_yayinevi-yabanci-yayinevi","10":"pa_yazar-kayla-rae-whitaker","12":"first","13":"instock","14":"sale","15":"shipping-taxable","16":"purchasable","17":"product-type-simple"},"_links":{"self":[{"href":"https:\/\/roveyayinevi.com.tr\/index.php\/wp-json\/wp\/v2\/product\/719812","targetHints":{"allow":["GET"]}}],"collection":[{"href":"https:\/\/roveyayinevi.com.tr\/index.php\/wp-json\/wp\/v2\/product"}],"about":[{"href":"https:\/\/roveyayinevi.com.tr\/index.php\/wp-json\/wp\/v2\/types\/product"}],"wp:attachment":[{"href":"https:\/\/roveyayinevi.com.tr\/index.php\/wp-json\/wp\/v2\/media?parent=719812"}],"wp:term":[{"taxonomy":"product_brand","embeddable":true,"href":"https:\/\/roveyayinevi.com.tr\/index.php\/wp-json\/wp\/v2\/product_brand?post=719812"},{"taxonomy":"product_cat","embeddable":true,"href":"https:\/\/roveyayinevi.com.tr\/index.php\/wp-json\/wp\/v2\/product_cat?post=719812"},{"taxonomy":"product_tag","embeddable":true,"href":"https:\/\/roveyayinevi.com.tr\/index.php\/wp-json\/wp\/v2\/product_tag?post=719812"}],"curies":[{"name":"wp","href":"https:\/\/api.w.org\/{rel}","templated":true}]}}