{"id":719811,"date":"2025-08-27T18:27:01","date_gmt":"2025-08-27T15:27:01","guid":{"rendered":"https:\/\/roveyayinevi.com.tr\/index.php\/urun\/donusum-ofke\/"},"modified":"2026-04-16T02:27:54","modified_gmt":"2026-04-15T23:27:54","slug":"donusum-ofke","status":"publish","type":"product","link":"https:\/\/roveyayinevi.com.tr\/index.php\/urun\/donusum-ofke\/","title":{"rendered":"D\u00f6n\u00fc\u015f\u00fcm \u00d6fke"},"content":{"rendered":"<p>\u00dcnl\u00fc HeartMath Enstit\u00fcs\u00fc liderleri taraf\u0131ndan yaz\u0131lan bu kitap \u00f6fkenin \u00fczerinizde yaratt\u0131\u011f\u0131 fiziksel ve ruhsal etkileri nas\u0131l kontrol alt\u0131na alaca\u011f\u0131n\u0131za, \u00f6fkeli duygulara direnmek yerine onlar\u0131 nas\u0131l serbest b\u0131rakaca\u011f\u0131n\u0131za ve uygulamal\u0131 rahatlama \u00e7al\u0131\u015fmalar\u0131yla nas\u0131l daha iyi hissedece\u011finize dair bilimsel olarak kan\u0131tlanm\u0131\u015f tekniklerin kullan\u0131ld\u0131\u011f\u0131 ilk \u00f6fke kitab\u0131d\u0131r.\u201cD\u00f6n\u00fc\u015f\u00fcm \u00d6fke, g\u00fcn\u00fcm\u00fcz i\u00e7in olduk\u00e7a \u00f6nemli bir kitapt\u0131r. Childre ve Rozman, yapt\u0131klar\u0131 bu sa\u011flam ve ba\u015far\u0131l\u0131 \u00e7al\u0131\u015fmayla \u00f6fkeyle ba\u015f ederken en g\u00fc\u00e7l\u00fc varl\u0131\u011f\u0131m\u0131z\u0131n kalbimiz oldu\u011funu a\u00e7\u0131k\u00e7a ortaya koyuyor. Basit ve h\u0131zl\u0131 sonu\u00e7 veren egzersizleri kendinizde uygulayarak, stresli ya\u015fam\u0131n\u0131za a\u00e7\u0131kl\u0131k, zek\u00e2 ve olgunlukla kar\u015f\u0131l\u0131k vermeyi \u00f6\u011freniyorsunuz. Bu kitap, sadece \u00f6fkenizi d\u00f6n\u00fc\u015ft\u00fcrmekle ilgili de\u011fil, ayn\u0131 zamanda ya\u015fam\u0131n\u0131z\u0131 d\u00f6n\u00fc\u015ft\u00fcrmekle ilgilidir!\u201d<\/p>\n","protected":false},"excerpt":{"rendered":"<p>\u00dcnl\u00fc HeartMath Enstit\u00fcs\u00fc liderleri taraf\u0131ndan yaz\u0131lan bu kitap \u00f6fkenin \u00fczerinizde yaratt\u0131\u011f\u0131 fiziksel ve ruhsal etkileri nas\u0131l kontrol alt\u0131na alaca\u011f\u0131n\u0131za, \u00f6fkeli duygulara direnmek yerine onlar\u0131 nas\u0131l serbest<span class=\"excerpt-hellip\"> [\u2026]<\/span><\/p>\n","protected":false},"featured_media":0,"template":"","meta":{"_monsterinsights_skip_tracking":false,"_monsterinsights_sitenote_active":false,"_monsterinsights_sitenote_note":"","_monsterinsights_sitenote_category":0},"product_brand":[],"product_cat":[25175,12357],"product_tag":[],"class_list":{"0":"post-719811","1":"product","2":"type-product","3":"status-publish","5":"product_cat-egitim-psikolojisi","6":"product_cat-psikoloji","7":"pa_cilt-ciltsiz","8":"pa_tur-kitap","9":"pa_yayinevi-sola-unitas","10":"pa_yazar-deborah-rozman-doc-childre","12":"first","13":"instock","14":"sale","15":"shipping-taxable","16":"purchasable","17":"product-type-simple"},"_links":{"self":[{"href":"https:\/\/roveyayinevi.com.tr\/index.php\/wp-json\/wp\/v2\/product\/719811","targetHints":{"allow":["GET"]}}],"collection":[{"href":"https:\/\/roveyayinevi.com.tr\/index.php\/wp-json\/wp\/v2\/product"}],"about":[{"href":"https:\/\/roveyayinevi.com.tr\/index.php\/wp-json\/wp\/v2\/types\/product"}],"wp:attachment":[{"href":"https:\/\/roveyayinevi.com.tr\/index.php\/wp-json\/wp\/v2\/media?parent=719811"}],"wp:term":[{"taxonomy":"product_brand","embeddable":true,"href":"https:\/\/roveyayinevi.com.tr\/index.php\/wp-json\/wp\/v2\/product_brand?post=719811"},{"taxonomy":"product_cat","embeddable":true,"href":"https:\/\/roveyayinevi.com.tr\/index.php\/wp-json\/wp\/v2\/product_cat?post=719811"},{"taxonomy":"product_tag","embeddable":true,"href":"https:\/\/roveyayinevi.com.tr\/index.php\/wp-json\/wp\/v2\/product_tag?post=719811"}],"curies":[{"name":"wp","href":"https:\/\/api.w.org\/{rel}","templated":true}]}}