{"id":719806,"date":"2025-08-27T18:26:57","date_gmt":"2025-08-27T15:26:57","guid":{"rendered":"https:\/\/roveyayinevi.com.tr\/index.php\/urun\/sirine-hikayeli-boyama-sirinler\/"},"modified":"2026-04-16T02:27:54","modified_gmt":"2026-04-15T23:27:54","slug":"sirine-hikayeli-boyama-sirinler","status":"publish","type":"product","link":"https:\/\/roveyayinevi.com.tr\/index.php\/urun\/sirine-hikayeli-boyama-sirinler\/","title":{"rendered":"\u015eirine Hikayeli Boyama &#8211; \u015eirinler"},"content":{"rendered":"<p>K\u00f6t\u00fc kalpli Gargamel, kedisi Azman ile birlikte \u015eirinlerin huzurunu bozmak i\u00e7in bir plan yapar. Ne yaz\u0131k ki amac\u0131na da ula\u015fm\u0131\u015ft\u0131r ve \u015eirin Baba durumu d\u00fczeltmenin yollar\u0131n\u0131 arar.<\/p>\n","protected":false},"excerpt":{"rendered":"<p>K\u00f6t\u00fc kalpli Gargamel, kedisi Azman ile birlikte \u015eirinlerin huzurunu bozmak i\u00e7in bir plan yapar. Ne yaz\u0131k ki amac\u0131na da ula\u015fm\u0131\u015ft\u0131r ve \u015eirin Baba durumu d\u00fczeltmenin yollar\u0131n\u0131<span class=\"excerpt-hellip\"> [\u2026]<\/span><\/p>\n","protected":false},"featured_media":0,"template":"","meta":{"_monsterinsights_skip_tracking":false,"_monsterinsights_sitenote_active":false,"_monsterinsights_sitenote_note":"","_monsterinsights_sitenote_category":0},"product_brand":[],"product_cat":[12644,12274],"product_tag":[],"class_list":{"0":"post-719806","1":"product","2":"type-product","3":"status-publish","5":"product_cat-boyama-kitaplari","6":"product_cat-cocuk-ve-genclik-kitaplari","7":"pa_cilt-ciltsiz","8":"pa_tur-kitap","9":"pa_yayinevi-pogo-cocuk","10":"pa_yazar-kolektif","12":"first","13":"instock","14":"sale","15":"shipping-taxable","16":"purchasable","17":"product-type-simple"},"_links":{"self":[{"href":"https:\/\/roveyayinevi.com.tr\/index.php\/wp-json\/wp\/v2\/product\/719806","targetHints":{"allow":["GET"]}}],"collection":[{"href":"https:\/\/roveyayinevi.com.tr\/index.php\/wp-json\/wp\/v2\/product"}],"about":[{"href":"https:\/\/roveyayinevi.com.tr\/index.php\/wp-json\/wp\/v2\/types\/product"}],"wp:attachment":[{"href":"https:\/\/roveyayinevi.com.tr\/index.php\/wp-json\/wp\/v2\/media?parent=719806"}],"wp:term":[{"taxonomy":"product_brand","embeddable":true,"href":"https:\/\/roveyayinevi.com.tr\/index.php\/wp-json\/wp\/v2\/product_brand?post=719806"},{"taxonomy":"product_cat","embeddable":true,"href":"https:\/\/roveyayinevi.com.tr\/index.php\/wp-json\/wp\/v2\/product_cat?post=719806"},{"taxonomy":"product_tag","embeddable":true,"href":"https:\/\/roveyayinevi.com.tr\/index.php\/wp-json\/wp\/v2\/product_tag?post=719806"}],"curies":[{"name":"wp","href":"https:\/\/api.w.org\/{rel}","templated":true}]}}