{"id":719804,"date":"2025-08-27T18:26:56","date_gmt":"2025-08-27T15:26:56","guid":{"rendered":"https:\/\/roveyayinevi.com.tr\/index.php\/urun\/fragmanlar\/"},"modified":"2026-04-16T02:27:54","modified_gmt":"2026-04-15T23:27:54","slug":"fragmanlar","status":"publish","type":"product","link":"https:\/\/roveyayinevi.com.tr\/index.php\/urun\/fragmanlar\/","title":{"rendered":"Fragmanlar"},"content":{"rendered":"<p>Sokrates \u00f6ncesi Yunan felsefesinin, hatta b\u00fct\u00fcn Bat\u0131 metafizi\u011finin en \u00f6nemli filozoflar\u0131ndan biri olan ve hakikat-san\u0131, varl\u0131k-hi\u00e7lik ve birlik-\u00e7okluk gibi ayr\u0131mlar\u0131n da babas\u0131 kabul edilen Eleal\u0131 Parmenides&#8217;ten kalanlar T\u00fcrk\u00e7e&#8217;de ilk kez tek bir kitapta toplan\u0131yor hem ki\u015fili\u011fi, hem doktrini, hem de al\u0131mlanmas\u0131. \u00dcstelik bu eser, iklim ku\u015faklar\u0131, d\u00fcnya&#8217;n\u0131n \u015fekli gibi ba\u015fka konularda da Parmenides&#8217;in Bat\u0131 d\u00fc\u015f\u00fcncesindeki \u00f6nc\u00fclerinden biri oldu\u011funu g\u00f6steriyor.<\/p>\n","protected":false},"excerpt":{"rendered":"<p>Sokrates \u00f6ncesi Yunan felsefesinin, hatta b\u00fct\u00fcn Bat\u0131 metafizi\u011finin en \u00f6nemli filozoflar\u0131ndan biri olan ve hakikat-san\u0131, varl\u0131k-hi\u00e7lik ve birlik-\u00e7okluk gibi ayr\u0131mlar\u0131n da babas\u0131 kabul edilen Eleal\u0131 Parmenides&#8217;ten<span class=\"excerpt-hellip\"> [\u2026]<\/span><\/p>\n","protected":false},"featured_media":0,"template":"","meta":{"_monsterinsights_skip_tracking":false,"_monsterinsights_sitenote_active":false,"_monsterinsights_sitenote_note":"","_monsterinsights_sitenote_category":0},"product_brand":[],"product_cat":[12389,12388],"product_tag":[],"class_list":{"0":"post-719804","1":"product","2":"type-product","3":"status-publish","5":"product_cat-diger-felsefe","6":"product_cat-felsefe","7":"pa_cilt-ciltsiz","8":"pa_tur-kitap","9":"pa_yayinevi-pinhan-yayincilik","10":"pa_yazar-parmenides","12":"first","13":"instock","14":"sale","15":"shipping-taxable","16":"purchasable","17":"product-type-simple"},"_links":{"self":[{"href":"https:\/\/roveyayinevi.com.tr\/index.php\/wp-json\/wp\/v2\/product\/719804","targetHints":{"allow":["GET"]}}],"collection":[{"href":"https:\/\/roveyayinevi.com.tr\/index.php\/wp-json\/wp\/v2\/product"}],"about":[{"href":"https:\/\/roveyayinevi.com.tr\/index.php\/wp-json\/wp\/v2\/types\/product"}],"wp:attachment":[{"href":"https:\/\/roveyayinevi.com.tr\/index.php\/wp-json\/wp\/v2\/media?parent=719804"}],"wp:term":[{"taxonomy":"product_brand","embeddable":true,"href":"https:\/\/roveyayinevi.com.tr\/index.php\/wp-json\/wp\/v2\/product_brand?post=719804"},{"taxonomy":"product_cat","embeddable":true,"href":"https:\/\/roveyayinevi.com.tr\/index.php\/wp-json\/wp\/v2\/product_cat?post=719804"},{"taxonomy":"product_tag","embeddable":true,"href":"https:\/\/roveyayinevi.com.tr\/index.php\/wp-json\/wp\/v2\/product_tag?post=719804"}],"curies":[{"name":"wp","href":"https:\/\/api.w.org\/{rel}","templated":true}]}}