{"id":719803,"date":"2025-08-27T18:26:55","date_gmt":"2025-08-27T15:26:55","guid":{"rendered":"https:\/\/roveyayinevi.com.tr\/index.php\/urun\/kurucu-iktidarin-elestirisi\/"},"modified":"2026-04-16T02:27:54","modified_gmt":"2026-04-15T23:27:54","slug":"kurucu-iktidarin-elestirisi","status":"publish","type":"product","link":"https:\/\/roveyayinevi.com.tr\/index.php\/urun\/kurucu-iktidarin-elestirisi\/","title":{"rendered":"Kurucu \u0130ktidar\u0131n Ele\u015ftirisi"},"content":{"rendered":"<p>&#8221; Kurucu iktidar\u0131n dayanaca\u011f\u0131 pozitif bir hukuk olmad\u0131\u011f\u0131na g\u00f6re onun eylemini hukuk k\u0131lan, hukuk ilan edebilmesini sa\u011flayan nedir? Di\u011fer bir ifadeyle olgu, fiili olan, nas\u0131l norma d\u00f6n\u00fc\u015f\u00fcr ve b\u00f6yle bir iktidar\u0131n kendi yaratt\u0131\u011f\u0131 norma tabiiyeti nas\u0131l a\u00e7\u0131klan\u0131r, anayasal bir devlet nas\u0131l kurulur? &#8221; &#8220;Anayasal bir y\u00f6netim nas\u0131l do\u011far, bir u\u0308lke nas\u0131l hukukla y\u00f6netilmeye ba\u015flar? Hukuk nas\u0131l etkinle\u015fir, fiili olandan normatif olana nas\u0131l ge\u00e7ilir? Anayasall\u0131k, normatif olan\u0131n do\u011fas\u0131n\u0131 anlamak i\u00e7in e\u015fsiz bir \u00f6rnek sunar zira bu kavramla ifade edilen g\u00f6ru\u0308nu\u0308\u015fte yasa koyma kudretine, imkan\u0131na sahip olan\u0131n yasayla s\u0131n\u0131rl\u0131 olmas\u0131d\u0131r. Anayasal y\u00f6netim, gu\u0308cu\u0308 yetti\u011fi i\u00e7in yapabildi\u011fi i\u00e7in yapan de\u011fil bu hususta yetkili oldu\u011fu i\u00e7in yapand\u0131r. Y\u00f6netim, anayasa taraf\u0131ndan yetkilendirildi\u011fi i\u00e7in yapabilmektedir. Fakat anayasa bu yetkiyi nerden haizdir? Bir yasa, ba\u015fka bir yasaya dayan\u0131larak \u00e7\u0131kar\u0131l\u0131yorsa ilk yasa neye dayan\u0131r? Bu sorunun anayasa \u00f6zelindeki cevab\u0131, anayasaya yetkinin kurucu iktidar taraf\u0131ndan verildi\u011fidir.&#8221; <\/p>\n","protected":false},"excerpt":{"rendered":"<p>&#8221; Kurucu iktidar\u0131n dayanaca\u011f\u0131 pozitif bir hukuk olmad\u0131\u011f\u0131na g\u00f6re onun eylemini hukuk k\u0131lan, hukuk ilan edebilmesini sa\u011flayan nedir? Di\u011fer bir ifadeyle olgu, fiili olan, nas\u0131l norma<span class=\"excerpt-hellip\"> [\u2026]<\/span><\/p>\n","protected":false},"featured_media":0,"template":"","meta":{"_monsterinsights_skip_tracking":false,"_monsterinsights_sitenote_active":false,"_monsterinsights_sitenote_note":"","_monsterinsights_sitenote_category":0},"product_brand":[],"product_cat":[15350,17602],"product_tag":[],"class_list":{"0":"post-719803","1":"product","2":"type-product","3":"status-publish","5":"product_cat-hukuk","6":"product_cat-hukuk-uzerine","7":"pa_cilt-ciltsiz","8":"pa_tur-kitap","9":"pa_yayinevi-pinhan-yayincilik","10":"pa_yazar-o-vahdet-issevenler","12":"first","13":"instock","14":"sale","15":"shipping-taxable","16":"purchasable","17":"product-type-simple"},"_links":{"self":[{"href":"https:\/\/roveyayinevi.com.tr\/index.php\/wp-json\/wp\/v2\/product\/719803","targetHints":{"allow":["GET"]}}],"collection":[{"href":"https:\/\/roveyayinevi.com.tr\/index.php\/wp-json\/wp\/v2\/product"}],"about":[{"href":"https:\/\/roveyayinevi.com.tr\/index.php\/wp-json\/wp\/v2\/types\/product"}],"wp:attachment":[{"href":"https:\/\/roveyayinevi.com.tr\/index.php\/wp-json\/wp\/v2\/media?parent=719803"}],"wp:term":[{"taxonomy":"product_brand","embeddable":true,"href":"https:\/\/roveyayinevi.com.tr\/index.php\/wp-json\/wp\/v2\/product_brand?post=719803"},{"taxonomy":"product_cat","embeddable":true,"href":"https:\/\/roveyayinevi.com.tr\/index.php\/wp-json\/wp\/v2\/product_cat?post=719803"},{"taxonomy":"product_tag","embeddable":true,"href":"https:\/\/roveyayinevi.com.tr\/index.php\/wp-json\/wp\/v2\/product_tag?post=719803"}],"curies":[{"name":"wp","href":"https:\/\/api.w.org\/{rel}","templated":true}]}}