{"id":719802,"date":"2025-08-27T18:26:54","date_gmt":"2025-08-27T15:26:54","guid":{"rendered":"https:\/\/roveyayinevi.com.tr\/index.php\/urun\/kacaklar-suc-dehalari\/"},"modified":"2026-04-16T02:27:54","modified_gmt":"2026-04-15T23:27:54","slug":"kacaklar-suc-dehalari","status":"publish","type":"product","link":"https:\/\/roveyayinevi.com.tr\/index.php\/urun\/kacaklar-suc-dehalari\/","title":{"rendered":"Ka\u00e7aklar- Su\u00e7 Dehalar\u0131"},"content":{"rendered":"<p>Su\u00e7 Dehalar\u0131 serisinin ikinci kitab\u0131 \u201cSU\u00c7 DEHALARI KA\u00c7AKLAR\u201d \u00e7\u0131kt\u0131. Osiris Projesi klonlar\u0131 art\u0131k \u00f6zg\u00fcr. Fakat proje, h\u00e2l\u00e2 pe\u015flerinde\u2026 \u201cM\u00fckemmel\u201d kasabalar\u0131ndan k\u0131l pay\u0131 ka\u00e7an Eli, Tori, Amber ve Malik en sonunda ger\u00e7ek d\u00fcnyadad\u0131r. Huzur liderlerinin su\u00e7lar\u0131n\u0131 if\u015fa etmeye kararl\u0131 d\u00f6rtl\u00fc, Osiris Projesi\u2019nin kurucusu ve gizemli milyarder Tamara Dunleavy\u2019nin izini s\u00fcrmeye karar verir. Yakalanmamak i\u00e7in kanunlar\u0131 \u00e7i\u011fneyen, evlere, otellere ve otob\u00fcslere izinsiz giren, arabalar \u00e7alan klonlar, DNA\u2019lar\u0131ndaki su\u00e7lulara m\u0131 d\u00f6n\u00fc\u015f\u00fcyor?<\/p>\n","protected":false},"excerpt":{"rendered":"<p>Su\u00e7 Dehalar\u0131 serisinin ikinci kitab\u0131 \u201cSU\u00c7 DEHALARI KA\u00c7AKLAR\u201d \u00e7\u0131kt\u0131. Osiris Projesi klonlar\u0131 art\u0131k \u00f6zg\u00fcr. Fakat proje, h\u00e2l\u00e2 pe\u015flerinde\u2026 \u201cM\u00fckemmel\u201d kasabalar\u0131ndan k\u0131l pay\u0131 ka\u00e7an Eli, Tori, Amber<span class=\"excerpt-hellip\"> [\u2026]<\/span><\/p>\n","protected":false},"featured_media":0,"template":"","meta":{"_monsterinsights_skip_tracking":false,"_monsterinsights_sitenote_active":false,"_monsterinsights_sitenote_note":"","_monsterinsights_sitenote_category":0},"product_brand":[],"product_cat":[12291,12711],"product_tag":[],"class_list":{"0":"post-719802","1":"product","2":"type-product","3":"status-publish","5":"product_cat-edebiyat","6":"product_cat-roman-oyku","7":"pa_cilt-ciltsiz","8":"pa_tur-kitap","9":"pa_yayinevi-bilgi-yayinevi","10":"pa_yazar-gordon-korman","12":"first","13":"instock","14":"sale","15":"shipping-taxable","16":"purchasable","17":"product-type-simple"},"_links":{"self":[{"href":"https:\/\/roveyayinevi.com.tr\/index.php\/wp-json\/wp\/v2\/product\/719802","targetHints":{"allow":["GET"]}}],"collection":[{"href":"https:\/\/roveyayinevi.com.tr\/index.php\/wp-json\/wp\/v2\/product"}],"about":[{"href":"https:\/\/roveyayinevi.com.tr\/index.php\/wp-json\/wp\/v2\/types\/product"}],"wp:attachment":[{"href":"https:\/\/roveyayinevi.com.tr\/index.php\/wp-json\/wp\/v2\/media?parent=719802"}],"wp:term":[{"taxonomy":"product_brand","embeddable":true,"href":"https:\/\/roveyayinevi.com.tr\/index.php\/wp-json\/wp\/v2\/product_brand?post=719802"},{"taxonomy":"product_cat","embeddable":true,"href":"https:\/\/roveyayinevi.com.tr\/index.php\/wp-json\/wp\/v2\/product_cat?post=719802"},{"taxonomy":"product_tag","embeddable":true,"href":"https:\/\/roveyayinevi.com.tr\/index.php\/wp-json\/wp\/v2\/product_tag?post=719802"}],"curies":[{"name":"wp","href":"https:\/\/api.w.org\/{rel}","templated":true}]}}