{"id":719796,"date":"2025-08-27T18:26:49","date_gmt":"2025-08-27T15:26:49","guid":{"rendered":"https:\/\/roveyayinevi.com.tr\/index.php\/urun\/neden-ucuz-saat-takiyorsun\/"},"modified":"2026-04-16T02:27:54","modified_gmt":"2026-04-15T23:27:54","slug":"neden-ucuz-saat-takiyorsun","status":"publish","type":"product","link":"https:\/\/roveyayinevi.com.tr\/index.php\/urun\/neden-ucuz-saat-takiyorsun\/","title":{"rendered":"Neden Ucuz Saat Tak\u0131yorsun"},"content":{"rendered":"<p>Fallada, Nazi Almanya\u2019s\u0131nda ba\u015f\u0131bo\u015fluk, yoksulluk, i\u015fsizlikle s\u0131nanan k\u00fc\u00e7\u00fck insanlar\u0131n hayatlar\u0131ndan kesitler sunuyor. Yoksul bir ailenin Noel \u00fcmitlerinden bir baban\u0131n ge\u00e7im derdine, bir haberin kasaba hayat\u0131nda yaratt\u0131\u011f\u0131 \u00e7alkant\u0131dan bir \u00e7uval patates y\u00fcz\u00fcnden suya d\u00fc\u015fen evlilik hayallerine, bu hayatlara h\u00fckmeden feci \u00fcmitsizli\u011fi yal\u0131n bir dil ve ac\u0131 bir mizah duygusuyla anlat\u0131yor. Dev kas\u0131rgalar\u0131n savurdu\u011fu s\u0131radan insanlar\u0131 anlatan Neden Ucuz Saat Tak\u0131yorsun?, bir d\u00f6nemin ve bir halk\u0131n portresi. <\/p>\n","protected":false},"excerpt":{"rendered":"<p>Fallada, Nazi Almanya\u2019s\u0131nda ba\u015f\u0131bo\u015fluk, yoksulluk, i\u015fsizlikle s\u0131nanan k\u00fc\u00e7\u00fck insanlar\u0131n hayatlar\u0131ndan kesitler sunuyor. Yoksul bir ailenin Noel \u00fcmitlerinden bir baban\u0131n ge\u00e7im derdine, bir haberin kasaba hayat\u0131nda yaratt\u0131\u011f\u0131<span class=\"excerpt-hellip\"> [\u2026]<\/span><\/p>\n","protected":false},"featured_media":0,"template":"","meta":{"_monsterinsights_skip_tracking":false,"_monsterinsights_sitenote_active":false,"_monsterinsights_sitenote_note":"","_monsterinsights_sitenote_category":0},"product_brand":[],"product_cat":[12291,12711],"product_tag":[],"class_list":{"0":"post-719796","1":"product","2":"type-product","3":"status-publish","5":"product_cat-edebiyat","6":"product_cat-roman-oyku","7":"pa_cilt-ciltsiz","8":"pa_tur-kitap","9":"pa_yayinevi-can-yayinlari","10":"pa_yazar-hans-fallada","12":"first","13":"instock","14":"sale","15":"shipping-taxable","16":"purchasable","17":"product-type-simple"},"_links":{"self":[{"href":"https:\/\/roveyayinevi.com.tr\/index.php\/wp-json\/wp\/v2\/product\/719796","targetHints":{"allow":["GET"]}}],"collection":[{"href":"https:\/\/roveyayinevi.com.tr\/index.php\/wp-json\/wp\/v2\/product"}],"about":[{"href":"https:\/\/roveyayinevi.com.tr\/index.php\/wp-json\/wp\/v2\/types\/product"}],"wp:attachment":[{"href":"https:\/\/roveyayinevi.com.tr\/index.php\/wp-json\/wp\/v2\/media?parent=719796"}],"wp:term":[{"taxonomy":"product_brand","embeddable":true,"href":"https:\/\/roveyayinevi.com.tr\/index.php\/wp-json\/wp\/v2\/product_brand?post=719796"},{"taxonomy":"product_cat","embeddable":true,"href":"https:\/\/roveyayinevi.com.tr\/index.php\/wp-json\/wp\/v2\/product_cat?post=719796"},{"taxonomy":"product_tag","embeddable":true,"href":"https:\/\/roveyayinevi.com.tr\/index.php\/wp-json\/wp\/v2\/product_tag?post=719796"}],"curies":[{"name":"wp","href":"https:\/\/api.w.org\/{rel}","templated":true}]}}