{"id":719795,"date":"2025-08-27T18:26:48","date_gmt":"2025-08-27T15:26:48","guid":{"rendered":"https:\/\/roveyayinevi.com.tr\/index.php\/urun\/eslikci-kiz\/"},"modified":"2026-04-16T02:27:54","modified_gmt":"2026-04-15T23:27:54","slug":"eslikci-kiz","status":"publish","type":"product","link":"https:\/\/roveyayinevi.com.tr\/index.php\/urun\/eslikci-kiz\/","title":{"rendered":"E\u015flik\u00e7i K\u0131z"},"content":{"rendered":"<p>Yetenekli bir piyanist olan, ancak fakir ve \u00e7ekingen Sone\u00e7ka, \u00fcnl\u00fc opera \u015fark\u0131c\u0131s\u0131 Marya Nikolayevna\u2019n\u0131n kap\u0131s\u0131n\u0131 \u00e7alar. Marya Nikolayevna, Sone\u00e7ka\u2019n\u0131n eri\u015femedi\u011fi her \u015feye sahiptir: zarafete, g\u00fczelli\u011fe, zengin bir kocaya. Avrupa turnesinde \u015fark\u0131c\u0131ya piyanoda e\u015flik etmek i\u00e7in i\u015fe al\u0131nan Sone\u00e7ka, \u00e7ok ge\u00e7meden g\u00f6lgesinde kald\u0131\u011f\u0131 bu g\u00f6rkemli fig\u00fcrden intikam alman\u0131n hayalini  kurmaya ba\u015flar. Nina Berberova\u2019n\u0131n 1936 tarihli eseri E\u015flik\u00e7i K\u0131z, k\u0131skan\u00e7l\u0131k duygusunun kalbine inen sars\u0131c\u0131 bir yap\u0131t.<\/p>\n","protected":false},"excerpt":{"rendered":"<p>Yetenekli bir piyanist olan, ancak fakir ve \u00e7ekingen Sone\u00e7ka, \u00fcnl\u00fc opera \u015fark\u0131c\u0131s\u0131 Marya Nikolayevna\u2019n\u0131n kap\u0131s\u0131n\u0131 \u00e7alar. Marya Nikolayevna, Sone\u00e7ka\u2019n\u0131n eri\u015femedi\u011fi her \u015feye sahiptir: zarafete, g\u00fczelli\u011fe, zengin<span class=\"excerpt-hellip\"> [\u2026]<\/span><\/p>\n","protected":false},"featured_media":0,"template":"","meta":{"_monsterinsights_skip_tracking":false,"_monsterinsights_sitenote_active":false,"_monsterinsights_sitenote_note":"","_monsterinsights_sitenote_category":0},"product_brand":[],"product_cat":[12291,12711],"product_tag":[],"class_list":{"0":"post-719795","1":"product","2":"type-product","3":"status-publish","5":"product_cat-edebiyat","6":"product_cat-roman-oyku","7":"pa_cilt-ciltsiz","8":"pa_tur-kitap","9":"pa_yayinevi-can-yayinlari","10":"pa_yazar-nina-berberova","12":"first","13":"instock","14":"sale","15":"shipping-taxable","16":"purchasable","17":"product-type-simple"},"_links":{"self":[{"href":"https:\/\/roveyayinevi.com.tr\/index.php\/wp-json\/wp\/v2\/product\/719795","targetHints":{"allow":["GET"]}}],"collection":[{"href":"https:\/\/roveyayinevi.com.tr\/index.php\/wp-json\/wp\/v2\/product"}],"about":[{"href":"https:\/\/roveyayinevi.com.tr\/index.php\/wp-json\/wp\/v2\/types\/product"}],"wp:attachment":[{"href":"https:\/\/roveyayinevi.com.tr\/index.php\/wp-json\/wp\/v2\/media?parent=719795"}],"wp:term":[{"taxonomy":"product_brand","embeddable":true,"href":"https:\/\/roveyayinevi.com.tr\/index.php\/wp-json\/wp\/v2\/product_brand?post=719795"},{"taxonomy":"product_cat","embeddable":true,"href":"https:\/\/roveyayinevi.com.tr\/index.php\/wp-json\/wp\/v2\/product_cat?post=719795"},{"taxonomy":"product_tag","embeddable":true,"href":"https:\/\/roveyayinevi.com.tr\/index.php\/wp-json\/wp\/v2\/product_tag?post=719795"}],"curies":[{"name":"wp","href":"https:\/\/api.w.org\/{rel}","templated":true}]}}