{"id":719794,"date":"2025-08-27T18:26:47","date_gmt":"2025-08-27T15:26:47","guid":{"rendered":"https:\/\/roveyayinevi.com.tr\/index.php\/urun\/kopekli-cocuklar-gecesi\/"},"modified":"2026-04-16T02:27:53","modified_gmt":"2026-04-15T23:27:53","slug":"kopekli-cocuklar-gecesi","status":"publish","type":"product","link":"https:\/\/roveyayinevi.com.tr\/index.php\/urun\/kopekli-cocuklar-gecesi\/","title":{"rendered":"K\u00f6pekli \u00c7ocuklar Gecesi"},"content":{"rendered":"<p>E\u011fer duyuyorsan\u0131z, anl\u0131yorsan\u0131z; bir zamanlar sekiz milyar insan\u0131n, y\u00fcz milyarlarca bitkinin, b\u00f6ce\u011fin, hayvan\u0131n ya\u015fad\u0131\u011f\u0131 D\u00fcnya gezegeninde, hen\u00fcz y\u0131k\u0131lmam\u0131\u015f, sulara g\u00f6m\u00fclmemi\u015f karanl\u0131k bir kul\u00fcbede ya\u015fam\u0131n sonunu bekleyen d\u00fcnyal\u0131 bir kad\u0131n\u0131n tan\u0131kl\u0131\u011f\u0131d\u0131r bu. S\u0131radan, ger\u00e7ek insan\u0131n sesidir. Kulak verin, \u015fifrelerini \u00e7\u00f6z\u00fcn, anlamaya \u00e7al\u0131\u015f\u0131n. Kurumu\u015f dere yataklar\u0131, plastik adalar\u0131n\u0131n doldurdu\u011fu denizler, eriyen buzullar, ya\u015fam alanlar\u0131 talan edilmi\u015f hayvanlar, her g\u00fcn bir yenisine \u015fahit olunan do\u011fal felaketler\u2026 Ta\u015flar\u0131 duyars\u0131zl\u0131k ve sorumsuzlukla d\u00f6\u015fenen bu yolun sonunda bizi ne bekliyor? Biricik ya\u015fam alan\u0131m\u0131z D\u00fcnya gezegeni insan\u0131n tahribat\u0131na daha ne kadar direnebilecek? Oya Baydar, edebiyat\u0131m\u0131z\u0131n ilk ekolojik distopyas\u0131 denebilecek K\u00f6pekli \u00c7ocuklar Gecesi\u2019nde hepimizin i\u00e7ten i\u00e7e bildi\u011fi ama bir\u00e7o\u011fumuzun g\u00f6rmezden geldi\u011fi k\u00fcresel iklim krizine ve o krizin ortas\u0131nda kalan insana y\u00f6neltiyor kalemini. Y\u0131llar s\u00fcrecek kurakl\u0131ktan, susuzluktan ve sava\u015flardan sonra ya\u015fanacak k\u00fcresel tufan, ya\u015fam\u0131 sona erdirirken umut K\u00f6pekli \u00c7ocuklar\u2019la yeniden do\u011facak m\u0131? K\u00f6pekli \u00c7ocuklar\u2019la \u0130klim \u00c7ocuklar\u0131\u2019n\u0131n bulu\u015fmas\u0131 gelece\u011fi kurtarabilecek mi? <\/p>\n","protected":false},"excerpt":{"rendered":"<p>E\u011fer duyuyorsan\u0131z, anl\u0131yorsan\u0131z; bir zamanlar sekiz milyar insan\u0131n, y\u00fcz milyarlarca bitkinin, b\u00f6ce\u011fin, hayvan\u0131n ya\u015fad\u0131\u011f\u0131 D\u00fcnya gezegeninde, hen\u00fcz y\u0131k\u0131lmam\u0131\u015f, sulara g\u00f6m\u00fclmemi\u015f karanl\u0131k bir kul\u00fcbede ya\u015fam\u0131n sonunu bekleyen<span class=\"excerpt-hellip\"> [\u2026]<\/span><\/p>\n","protected":false},"featured_media":0,"template":"","meta":{"_monsterinsights_skip_tracking":false,"_monsterinsights_sitenote_active":false,"_monsterinsights_sitenote_note":"","_monsterinsights_sitenote_category":0},"product_brand":[],"product_cat":[12291,12711],"product_tag":[],"class_list":{"0":"post-719794","1":"product","2":"type-product","3":"status-publish","5":"product_cat-edebiyat","6":"product_cat-roman-oyku","7":"pa_cilt-ciltsiz","8":"pa_tur-kitap","9":"pa_yayinevi-can-yayinlari","10":"pa_yazar-oya-baydar","12":"first","13":"instock","14":"sale","15":"shipping-taxable","16":"purchasable","17":"product-type-simple"},"_links":{"self":[{"href":"https:\/\/roveyayinevi.com.tr\/index.php\/wp-json\/wp\/v2\/product\/719794","targetHints":{"allow":["GET"]}}],"collection":[{"href":"https:\/\/roveyayinevi.com.tr\/index.php\/wp-json\/wp\/v2\/product"}],"about":[{"href":"https:\/\/roveyayinevi.com.tr\/index.php\/wp-json\/wp\/v2\/types\/product"}],"wp:attachment":[{"href":"https:\/\/roveyayinevi.com.tr\/index.php\/wp-json\/wp\/v2\/media?parent=719794"}],"wp:term":[{"taxonomy":"product_brand","embeddable":true,"href":"https:\/\/roveyayinevi.com.tr\/index.php\/wp-json\/wp\/v2\/product_brand?post=719794"},{"taxonomy":"product_cat","embeddable":true,"href":"https:\/\/roveyayinevi.com.tr\/index.php\/wp-json\/wp\/v2\/product_cat?post=719794"},{"taxonomy":"product_tag","embeddable":true,"href":"https:\/\/roveyayinevi.com.tr\/index.php\/wp-json\/wp\/v2\/product_tag?post=719794"}],"curies":[{"name":"wp","href":"https:\/\/api.w.org\/{rel}","templated":true}]}}