{"id":719793,"date":"2025-08-27T18:26:47","date_gmt":"2025-08-27T15:26:47","guid":{"rendered":"https:\/\/roveyayinevi.com.tr\/index.php\/urun\/kurumsal-kobaylar\/"},"modified":"2026-04-16T02:27:53","modified_gmt":"2026-04-15T23:27:53","slug":"kurumsal-kobaylar","status":"publish","type":"product","link":"https:\/\/roveyayinevi.com.tr\/index.php\/urun\/kurumsal-kobaylar\/","title":{"rendered":"Kurumsal Kobaylar"},"content":{"rendered":"<p>Ki\u015filik testleri. Ekip kurma egzersizleri. Zoraki e\u011flence. G\u00f6zetlenen bilgisayarlar. A\u00e7\u0131k ofisler. Son moda y\u00f6netim metotlar\u0131.\u00c7al\u0131\u015fanlar\u0131n\u0131 tek kullan\u0131ml\u0131k gider kaynaklar\u0131 olarak g\u00f6ren yeni i\u015f anlay\u0131\u015f\u0131, insanlar\u0131n psikolojilerini ve \u015firketlerin gelece\u011fini nas\u0131l etkiliyor? Esnek ekonominin, yat\u0131r\u0131mc\u0131 memnuniyeti odakl\u0131 stratejilerin, insanlar\u0131n yerine makineleri koyman\u0131n sonu\u00e7lar\u0131 ne? Uzun vadede ba\u015far\u0131l\u0131 olan efsane \u015firketlerin ortak \u00f6zellikleri neler?Silikon Vadisi dizisinin senaristi ve \u00e7oksatar yazar\u0131 Dan Lyons bu komik ama bir o kadar da ciddi kitapta i\u015f d\u00fcnyas\u0131n\u0131n nas\u0131l sendikalar ve istikrarla y\u00fckselen kariyerlerden, armut koltuklar, pinpon masalar\u0131 ve korkutucu uygulamalarla bezeli bir distopyaya d\u00f6n\u00fc\u015ft\u00fc\u011f\u00fcn\u00fc anlat\u0131yor. K\u0131sa zamanda en b\u00fcy\u00fck parsay\u0131 toplamay\u0131 hedefleyen \u015firketlerle, d\u00fcnyay\u0131 daha iyi bir yer yapmak i\u00e7in \u00e7al\u0131\u015fan yeni nesil giri\u015fimlerin i\u015f d\u00fcnyas\u0131n\u0131n ruhunu ele ge\u00e7irme sava\u015f\u0131n\u0131 g\u00f6zler \u00f6n\u00fcne seriyor.<\/p>\n","protected":false},"excerpt":{"rendered":"<p>Ki\u015filik testleri. Ekip kurma egzersizleri. Zoraki e\u011flence. G\u00f6zetlenen bilgisayarlar. A\u00e7\u0131k ofisler. Son moda y\u00f6netim metotlar\u0131.\u00c7al\u0131\u015fanlar\u0131n\u0131 tek kullan\u0131ml\u0131k gider kaynaklar\u0131 olarak g\u00f6ren yeni i\u015f anlay\u0131\u015f\u0131, insanlar\u0131n psikolojilerini<span class=\"excerpt-hellip\"> [\u2026]<\/span><\/p>\n","protected":false},"featured_media":0,"template":"","meta":{"_monsterinsights_skip_tracking":false,"_monsterinsights_sitenote_active":false,"_monsterinsights_sitenote_note":"","_monsterinsights_sitenote_category":0},"product_brand":[],"product_cat":[13043,17647],"product_tag":[],"class_list":{"0":"post-719793","1":"product","2":"type-product","3":"status-publish","5":"product_cat-ekonomi","6":"product_cat-is-dunyasi","7":"pa_cilt-ciltsiz","8":"pa_tur-kitap","9":"pa_yayinevi-mundi","10":"pa_yazar-dan-lyons","12":"first","13":"instock","14":"sale","15":"shipping-taxable","16":"purchasable","17":"product-type-simple"},"_links":{"self":[{"href":"https:\/\/roveyayinevi.com.tr\/index.php\/wp-json\/wp\/v2\/product\/719793","targetHints":{"allow":["GET"]}}],"collection":[{"href":"https:\/\/roveyayinevi.com.tr\/index.php\/wp-json\/wp\/v2\/product"}],"about":[{"href":"https:\/\/roveyayinevi.com.tr\/index.php\/wp-json\/wp\/v2\/types\/product"}],"wp:attachment":[{"href":"https:\/\/roveyayinevi.com.tr\/index.php\/wp-json\/wp\/v2\/media?parent=719793"}],"wp:term":[{"taxonomy":"product_brand","embeddable":true,"href":"https:\/\/roveyayinevi.com.tr\/index.php\/wp-json\/wp\/v2\/product_brand?post=719793"},{"taxonomy":"product_cat","embeddable":true,"href":"https:\/\/roveyayinevi.com.tr\/index.php\/wp-json\/wp\/v2\/product_cat?post=719793"},{"taxonomy":"product_tag","embeddable":true,"href":"https:\/\/roveyayinevi.com.tr\/index.php\/wp-json\/wp\/v2\/product_tag?post=719793"}],"curies":[{"name":"wp","href":"https:\/\/api.w.org\/{rel}","templated":true}]}}