{"id":719792,"date":"2025-08-27T18:26:46","date_gmt":"2025-08-27T15:26:46","guid":{"rendered":"https:\/\/roveyayinevi.com.tr\/index.php\/urun\/cocuk-haklari-ve-siyaset-2\/"},"modified":"2026-04-16T02:27:53","modified_gmt":"2026-04-15T23:27:53","slug":"cocuk-haklari-ve-siyaset-2","status":"publish","type":"product","link":"https:\/\/roveyayinevi.com.tr\/index.php\/urun\/cocuk-haklari-ve-siyaset-2\/","title":{"rendered":"\u00c7ocuk Haklar\u0131 ve Siyaset"},"content":{"rendered":"<p>Bu kitaptaki makalelerin ortak paydas\u0131, ge\u00e7mi\u015ften g\u00fcn\u00fcm\u00fcze de\u011fin \u00e7ocu\u011fa ve \u00e7ocuklu\u011fa ili\u015fkin sorunlar\u0131n, ba\u011flam, k\u00fclt\u00fcr ve ideolojik-siyasal yap\u0131lar de\u011fi\u015fse de karakteristik benzerlikler g\u00f6sterdi\u011fi; haliyle pek de istenilen \u00f6l\u00e7\u00fc ve d\u00fczeyde \u00e7\u00f6z\u00fclemedi\u011fi y\u00f6n\u00fcnde. \u00c7\u00f6z\u00fclse de yeni sorunlar\u0131n kendilerini hemen her mek\u00e2n, zaman ve ba\u011flamda g\u00f6sterdi\u011fi g\u00f6r\u00fclmekte. \u00c7ocu\u011fa \u00f6zg\u00fc haklar; mek\u00e2n, e\u011fitim, psikolojiden tutun da yiyecek ve giyime de\u011fin bir dolu \u00f6zel d\u00fczenlemenin gere\u011fi, bug\u00fcn d\u00fcnyan\u0131n pek \u00e7ok \u00fclkesinin normlar\u0131ndan biri haline geldi. Bu y\u00f6n\u00fcyle, ge\u00e7mi\u015fin romantik felsefe ve edebiyat\u0131n\u0131n soyut y\u00fcceltmesi i\u00e7inde idealize edilen bir \u00e7ocuk, bug\u00fcn art\u0131k toplum i\u00e7inde somut bir d\u00fcnyan\u0131n \u00f6znesi olmak bak\u0131m\u0131ndan olduk\u00e7a \u015fansl\u0131 say\u0131lsa gerek. \u00c7ocu\u011fa \u00f6zel duyarl\u0131 bak\u0131\u015f\u0131n ard\u0131ndan demokratik birikim ve deneyime eklenen bilimsel bilgiler, \u00e7ocukluk d\u00f6nemini bir an ge\u00e7ilmesi gereken bir ara a\u015fama olmak yerine, kendi i\u00e7inde de\u011ferli bir evre olarak yeniden form\u00fcle etmektedir. O y\u00fczden \u00e7ocuk ve \u00e7ocukluk konusunda \u00e7e\u015fitli uzmanl\u0131klar\u0131n bilfiil \u00e7al\u0131\u015fmalar\u0131yla \u00e7ocu\u011fa olan yeti\u015fkin bak\u0131\u015f a\u00e7\u0131s\u0131n\u0131n giderek olumlu bit noktaya evrilmeye devam etti\u011fini g\u00f6r\u00fcyoruz. Kemal \u0130nal, bu iyiye do\u011fru evrime kar\u015f\u0131n kimi \u00fclke, s\u0131n\u0131f ve k\u00fclt\u00fcrlerde mevcut k\u00f6t\u00fc gidi\u015fat\u0131n tarihsel, sosyal ve siyasal sonu\u00e7lar\u0131n\u0131 da irdelemekte ve ele ald\u0131\u011f\u0131 temalar\u0131 T\u00fcrkiye ba\u011flam\u0131nda analiz etmektedir. \u00c7al\u0131\u015fma, s\u00f6zde \u00e7ocuklara \u00e7ok de\u011fer verilen, adlar\u0131na ulusal bir bayram hediye edilen ve ailede ba\u015f tac\u0131 edilen \u00e7ocuklar\u0131n \u00e7e\u015fitli sorunlar i\u00e7erisinde neden ve nas\u0131l yer ald\u0131\u011f\u0131n\u0131 ele al\u0131rken, \u00e7\u00f6z\u00fcm\u00fcn \u201c\u00e7ocuk haklar\u0131\u201dn\u0131n geli\u015ftirilmesinde yatt\u0131\u011f\u0131n\u0131 vurgulamaktad\u0131r. <\/p>\n","protected":false},"excerpt":{"rendered":"<p>Bu kitaptaki makalelerin ortak paydas\u0131, ge\u00e7mi\u015ften g\u00fcn\u00fcm\u00fcze de\u011fin \u00e7ocu\u011fa ve \u00e7ocuklu\u011fa ili\u015fkin sorunlar\u0131n, ba\u011flam, k\u00fclt\u00fcr ve ideolojik-siyasal yap\u0131lar de\u011fi\u015fse de karakteristik benzerlikler g\u00f6sterdi\u011fi; haliyle pek de<span class=\"excerpt-hellip\"> [\u2026]<\/span><\/p>\n","protected":false},"featured_media":0,"template":"","meta":{"_monsterinsights_skip_tracking":false,"_monsterinsights_sitenote_active":false,"_monsterinsights_sitenote_note":"","_monsterinsights_sitenote_category":0},"product_brand":[],"product_cat":[13059,12337],"product_tag":[],"class_list":{"0":"post-719792","1":"product","2":"type-product","3":"status-publish","5":"product_cat-diger-politika-siyaset","6":"product_cat-politika-siyaset","7":"pa_cilt-ciltsiz","8":"pa_tur-kitap","9":"pa_yayinevi-toz-yayinlari","10":"pa_yazar-kemal-inal","12":"first","13":"instock","14":"sale","15":"shipping-taxable","16":"purchasable","17":"product-type-simple"},"_links":{"self":[{"href":"https:\/\/roveyayinevi.com.tr\/index.php\/wp-json\/wp\/v2\/product\/719792","targetHints":{"allow":["GET"]}}],"collection":[{"href":"https:\/\/roveyayinevi.com.tr\/index.php\/wp-json\/wp\/v2\/product"}],"about":[{"href":"https:\/\/roveyayinevi.com.tr\/index.php\/wp-json\/wp\/v2\/types\/product"}],"wp:attachment":[{"href":"https:\/\/roveyayinevi.com.tr\/index.php\/wp-json\/wp\/v2\/media?parent=719792"}],"wp:term":[{"taxonomy":"product_brand","embeddable":true,"href":"https:\/\/roveyayinevi.com.tr\/index.php\/wp-json\/wp\/v2\/product_brand?post=719792"},{"taxonomy":"product_cat","embeddable":true,"href":"https:\/\/roveyayinevi.com.tr\/index.php\/wp-json\/wp\/v2\/product_cat?post=719792"},{"taxonomy":"product_tag","embeddable":true,"href":"https:\/\/roveyayinevi.com.tr\/index.php\/wp-json\/wp\/v2\/product_tag?post=719792"}],"curies":[{"name":"wp","href":"https:\/\/api.w.org\/{rel}","templated":true}]}}