{"id":719789,"date":"2025-08-27T18:26:44","date_gmt":"2025-08-27T15:26:44","guid":{"rendered":"https:\/\/roveyayinevi.com.tr\/index.php\/urun\/esyalarini-kaybeden-tavsan\/"},"modified":"2026-04-16T02:27:53","modified_gmt":"2026-04-15T23:27:53","slug":"esyalarini-kaybeden-tavsan","status":"publish","type":"product","link":"https:\/\/roveyayinevi.com.tr\/index.php\/urun\/esyalarini-kaybeden-tavsan\/","title":{"rendered":"E\u015fyalar\u0131n\u0131 Kaybeden Tav\u015fan"},"content":{"rendered":"<p>Resim yapmay\u0131 her \u015feyden \u00e7ok seven bir tav\u015fan varm\u0131\u015f. Resim yapmak onun i\u00e7in asla s\u0131k\u0131c\u0131 veya yorucu bir i\u015f de\u011filmi\u015f. Ama bir g\u00fcn yine bir e\u015fyas\u0131n\u0131 kaybetmi\u015f. Bu sefer \u00e7ok de\u011ferli bir e\u015fyas\u0131n\u0131 hem de\u2026 Bakal\u0131m Rodi  \u00e7ok sevdi\u011fi resimlerini yapmaya devam edebilecek mi?<\/p>\n","protected":false},"excerpt":{"rendered":"<p>Resim yapmay\u0131 her \u015feyden \u00e7ok seven bir tav\u015fan varm\u0131\u015f. Resim yapmak onun i\u00e7in asla s\u0131k\u0131c\u0131 veya yorucu bir i\u015f de\u011filmi\u015f. Ama bir g\u00fcn yine bir e\u015fyas\u0131n\u0131<span class=\"excerpt-hellip\"> [\u2026]<\/span><\/p>\n","protected":false},"featured_media":0,"template":"","meta":{"_monsterinsights_skip_tracking":false,"_monsterinsights_sitenote_active":false,"_monsterinsights_sitenote_note":"","_monsterinsights_sitenote_category":0},"product_brand":[],"product_cat":[12274,12284],"product_tag":[],"class_list":{"0":"post-719789","1":"product","2":"type-product","3":"status-publish","5":"product_cat-cocuk-ve-genclik-kitaplari","6":"product_cat-hikayeler","7":"pa_cilt-ciltsiz","8":"pa_tur-kitap","9":"pa_yayinevi-1001-cicek-kitaplar","10":"pa_yazar-michael-gerard-bauer-chrissie-krebs","12":"first","13":"instock","14":"sale","15":"shipping-taxable","16":"purchasable","17":"product-type-simple"},"_links":{"self":[{"href":"https:\/\/roveyayinevi.com.tr\/index.php\/wp-json\/wp\/v2\/product\/719789","targetHints":{"allow":["GET"]}}],"collection":[{"href":"https:\/\/roveyayinevi.com.tr\/index.php\/wp-json\/wp\/v2\/product"}],"about":[{"href":"https:\/\/roveyayinevi.com.tr\/index.php\/wp-json\/wp\/v2\/types\/product"}],"wp:attachment":[{"href":"https:\/\/roveyayinevi.com.tr\/index.php\/wp-json\/wp\/v2\/media?parent=719789"}],"wp:term":[{"taxonomy":"product_brand","embeddable":true,"href":"https:\/\/roveyayinevi.com.tr\/index.php\/wp-json\/wp\/v2\/product_brand?post=719789"},{"taxonomy":"product_cat","embeddable":true,"href":"https:\/\/roveyayinevi.com.tr\/index.php\/wp-json\/wp\/v2\/product_cat?post=719789"},{"taxonomy":"product_tag","embeddable":true,"href":"https:\/\/roveyayinevi.com.tr\/index.php\/wp-json\/wp\/v2\/product_tag?post=719789"}],"curies":[{"name":"wp","href":"https:\/\/api.w.org\/{rel}","templated":true}]}}